{"id":7983,"date":"2021-03-30T14:10:18","date_gmt":"2021-03-30T13:10:18","guid":{"rendered":"https:\/\/deseta-gimnazija.hr\/?page_id=7983"},"modified":"2021-03-30T14:10:18","modified_gmt":"2021-03-30T13:10:18","slug":"hrvatski-jezik-jezicne-vrijednosti","status":"publish","type":"page","link":"https:\/\/deseta-gimnazija.hr\/?page_id=7983","title":{"rendered":"Hrvatski jezik \u2013 jezi\u010dne vrijednosti"},"content":{"rendered":"<p>Izborna nastava&nbsp;<strong><em>Hrvatski jezik \u2013 jezi\u010dne vrijednosti<\/em><\/strong>&nbsp;proiza\u0161la je iz dodatne nastave Hrvatskoga jezika koja je bila usmjerena na pripremanje u\u010denika za Natjecanje u poznavanju Hrvatskoga jezika. Sada bismo pro\u0161irili na\u0161e interese i usmjerili se i na pripremanje za maturu, posebno za jezi\u010dno izra\u017eavanje pri pisanju eseja.<\/p>\n<p>Ideja ovog predmeta je ostvariti dvostruku korist:<\/p>\n<ol>\n<li>nau\u010diti dobro jezik, ali na jedan nov i zabavan na\u010din ne usmjeravaju\u0107i se na definicije, ve\u0107 na logi\u010dan pristup jeziku;<\/li>\n<li>dobro se pripremiti za dr\u017eavnu maturu.<\/li>\n<\/ol>\n<p>Prvi dio \u0161kolske godine usmjerit \u0107emo se na pripreme za natjecanje, a drugi na pripreme za dr\u017eavnu maturu.<\/p>\n<p>&nbsp;<\/p>\n","protected":false},"excerpt":{"rendered":"<p>Izborna nastava&nbsp;Hrvatski jezik \u2013 jezi\u010dne vrijednosti&nbsp;proiza\u0161la je iz dodatne nastave Hrvatskoga jezika koja je bila usmjerena na pripremanje u\u010denika za Natjecanje u poznavanju Hrvatskoga jezika. Sada bismo pro\u0161irili na\u0161e interese i usmjerili se i na pripremanje za maturu, posebno za jezi\u010dno izra\u017eavanje pri pisanju eseja. Ideja ovog predmeta je ostvariti dvostruku korist: nau\u010diti dobro jezik, [&hellip;]<\/p>\n","protected":false},"author":4,"featured_media":0,"parent":0,"menu_order":0,"comment_status":"closed","ping_status":"closed","template":"","meta":{"ngg_post_thumbnail":0,"footnotes":""},"_links":{"self":[{"href":"https:\/\/deseta-gimnazija.hr\/index.php?rest_route=\/wp\/v2\/pages\/7983"}],"collection":[{"href":"https:\/\/deseta-gimnazija.hr\/index.php?rest_route=\/wp\/v2\/pages"}],"about":[{"href":"https:\/\/deseta-gimnazija.hr\/index.php?rest_route=\/wp\/v2\/types\/page"}],"author":[{"embeddable":true,"href":"https:\/\/deseta-gimnazija.hr\/index.php?rest_route=\/wp\/v2\/users\/4"}],"replies":[{"embeddable":true,"href":"https:\/\/deseta-gimnazija.hr\/index.php?rest_route=%2Fwp%2Fv2%2Fcomments&post=7983"}],"version-history":[{"count":1,"href":"https:\/\/deseta-gimnazija.hr\/index.php?rest_route=\/wp\/v2\/pages\/7983\/revisions"}],"predecessor-version":[{"id":7985,"href":"https:\/\/deseta-gimnazija.hr\/index.php?rest_route=\/wp\/v2\/pages\/7983\/revisions\/7985"}],"wp:attachment":[{"href":"https:\/\/deseta-gimnazija.hr\/index.php?rest_route=%2Fwp%2Fv2%2Fmedia&parent=7983"}],"curies":[{"name":"wp","href":"https:\/\/api.w.org\/{rel}","templated":true}]}}