{"id":7907,"date":"2021-03-30T11:09:32","date_gmt":"2021-03-30T10:09:32","guid":{"rendered":"https:\/\/deseta-gimnazija.hr\/?page_id=7907"},"modified":"2023-04-03T09:42:12","modified_gmt":"2023-04-03T08:42:12","slug":"skupno-muziciranje","status":"publish","type":"page","link":"https:\/\/deseta-gimnazija.hr\/?page_id=7907","title":{"rendered":"Skupno muziciranje"},"content":{"rendered":"<p>Predmet se nudi u\u010denicima drugih, tre\u0107ih i \u010detvrtih razreda svih smjerova.<\/p>\n<p>Polaznici Skupnog muziciranja anga\u017eiraju se u pjevanju i\/ili sviranju u razli\u010ditim kombinacijama: komorno muziciranje, \u0161kolski bend, zbor. Broj u\u010denika koji \u0107e biti upisan je ograni\u010den, a prednost \u0107e imati oni u\u010denici koji su ve\u0107 sudjelovali u glazbenim priredbama u \u0161koli.<br \/>\nSadr\u017eaj predmeta ovisit \u0107e o predznanju i interesima zainteresiranih u\u010denika, trenutnim \u0161kolskim projektima i mogu\u0107nostima \u0161kole u vidu opreme i sl. U\u010denici upisani na Skupno muziciranje nastupaju na \u0161kolskim priredbama kao \u0161to su Bo\u017ei\u0107ni sajam, Dani Ivana Supeka i dr.<br \/>\nPoznato je da Skupno muziciranje ima pozitivan utjecaj na \u010dovjeka, a svrha predmeta je povezivanje u\u010denika, sklapanje novih prijateljstava i nastavak daljnje suradnje u \u0161koli i izvan nje. Redovito zajedni\u010dko muziciranje utje\u010de i na razvoj kreativnosti i samopouzdanja, glazbenih vje\u0161tina te glazbenog ukusa.<\/p>\n","protected":false},"excerpt":{"rendered":"<p>Predmet se nudi u\u010denicima drugih, tre\u0107ih i \u010detvrtih razreda svih smjerova. Polaznici Skupnog muziciranja anga\u017eiraju se u pjevanju i\/ili sviranju u razli\u010ditim kombinacijama: komorno muziciranje, \u0161kolski bend, zbor. Broj u\u010denika koji \u0107e biti upisan je ograni\u010den, a prednost \u0107e imati oni u\u010denici koji su ve\u0107 sudjelovali u glazbenim priredbama u \u0161koli. Sadr\u017eaj predmeta ovisit \u0107e [&hellip;]<\/p>\n","protected":false},"author":4,"featured_media":0,"parent":0,"menu_order":0,"comment_status":"closed","ping_status":"closed","template":"","meta":{"ngg_post_thumbnail":0,"footnotes":""},"_links":{"self":[{"href":"https:\/\/deseta-gimnazija.hr\/index.php?rest_route=\/wp\/v2\/pages\/7907"}],"collection":[{"href":"https:\/\/deseta-gimnazija.hr\/index.php?rest_route=\/wp\/v2\/pages"}],"about":[{"href":"https:\/\/deseta-gimnazija.hr\/index.php?rest_route=\/wp\/v2\/types\/page"}],"author":[{"embeddable":true,"href":"https:\/\/deseta-gimnazija.hr\/index.php?rest_route=\/wp\/v2\/users\/4"}],"replies":[{"embeddable":true,"href":"https:\/\/deseta-gimnazija.hr\/index.php?rest_route=%2Fwp%2Fv2%2Fcomments&post=7907"}],"version-history":[{"count":3,"href":"https:\/\/deseta-gimnazija.hr\/index.php?rest_route=\/wp\/v2\/pages\/7907\/revisions"}],"predecessor-version":[{"id":10887,"href":"https:\/\/deseta-gimnazija.hr\/index.php?rest_route=\/wp\/v2\/pages\/7907\/revisions\/10887"}],"wp:attachment":[{"href":"https:\/\/deseta-gimnazija.hr\/index.php?rest_route=%2Fwp%2Fv2%2Fmedia&parent=7907"}],"curies":[{"name":"wp","href":"https:\/\/api.w.org\/{rel}","templated":true}]}}