{"id":7885,"date":"2021-03-30T10:30:35","date_gmt":"2021-03-30T09:30:35","guid":{"rendered":"https:\/\/deseta-gimnazija.hr\/?page_id=7885"},"modified":"2023-05-18T11:50:54","modified_gmt":"2023-05-18T10:50:54","slug":"hortikultura","status":"publish","type":"page","link":"https:\/\/deseta-gimnazija.hr\/?page_id=7885","title":{"rendered":"Hortikultura"},"content":{"rendered":"<h3>Ciljevi:<\/h3>\n<ul>\n<li>Upoznati i primijeniti uzgojne tehnike sobnog i drvenastog bilja, vo\u0107a i povr\u0107a<\/li>\n<li>Uvje\u017ebati tehnike planiranja (dizajna) hortikulturnih povr\u0161ina i primijeniti ih na vlastitom projektu<\/li>\n<\/ul>\n<h3>Kratki opis nastave:<\/h3>\n<p>Tijekom nastave u\u010denici upoznavaju tehnike uzgoja odre\u0111enih biljnih kultura i iste primjenjuju na \u017eivi materijal. Nastavni sadr\u017eaj obuhva\u0107a teorijski dio uzgoja i brige o biljkama (supstrat, temperatura, svjetlost, voda, razmno\u017eavanje) na primjeru odabranih predstavnika sobnog bilja, drvenastog vanjskog bilja, povr\u0107a i vo\u0107a. Uz tehnike uzgoja u\u010denici stje\u010du vje\u0161tine o dizajniranju i planiranju vlastitog vrta ili zelene povr\u0161ine izra\u0111uju\u0107i prostorni plan. Prakti\u010dni dio nastavlja se na teorijski gdje se uvje\u017ebava priprema za presa\u0111ivanje, priprema supstrata, odabir posuda, tehnike presa\u0111ivanja i njega nakon presa\u0111ivanja. Prakti\u010dni dio nastave odr\u017eava se u \u0161koli i Botani\u010dkom vrtu. Dio nastave zami\u0161ljen je kao terenski odlaskom na godi\u0161nju izlo\u017ebu i prodaju \u201eDani orhideja\u201c u vrtnom centru \u201eFlora\u201c i odlazak na \u201eFlora Art\u201c.<\/p>\n<h3>Vrednovanje:<\/h3>\n<p>U\u010denici se vrednuju ocjenama tijekom svojeg rada na satu i ponekad doma\u0107im zada\u0107ama. Nastavnik vrednuje u\u010denikovo prakti\u010dno izvo\u0111enje odre\u0111ene vje\u017ebe kao i primjenu tehnika uzgoja na temelju datih uputa. Glavni dio zaklju\u010dne ocjene nosi u\u010denikom prostorni plan vrta ili zelene povr\u0161ine.<\/p>\n<p>ngg_shortcode_0_placeholder<iframe loading=\"lazy\" title=\"YouTube video player\" src=\"https:\/\/www.youtube.com\/embed\/IZAmhmrPEcQ\" width=\"560\" height=\"315\" frameborder=\"0\" allowfullscreen=\"allowfullscreen\"><\/iframe><\/p>\n","protected":false},"excerpt":{"rendered":"<p>Ciljevi: Upoznati i primijeniti uzgojne tehnike sobnog i drvenastog bilja, vo\u0107a i povr\u0107a Uvje\u017ebati tehnike planiranja (dizajna) hortikulturnih povr\u0161ina i primijeniti ih na vlastitom projektu Kratki opis nastave: Tijekom nastave u\u010denici upoznavaju tehnike uzgoja odre\u0111enih biljnih kultura i iste primjenjuju na \u017eivi materijal. Nastavni sadr\u017eaj obuhva\u0107a teorijski dio uzgoja i brige o biljkama (supstrat, temperatura, [&hellip;]<\/p>\n","protected":false},"author":4,"featured_media":0,"parent":0,"menu_order":0,"comment_status":"closed","ping_status":"closed","template":"","meta":{"ngg_post_thumbnail":0,"footnotes":""},"_links":{"self":[{"href":"https:\/\/deseta-gimnazija.hr\/index.php?rest_route=\/wp\/v2\/pages\/7885"}],"collection":[{"href":"https:\/\/deseta-gimnazija.hr\/index.php?rest_route=\/wp\/v2\/pages"}],"about":[{"href":"https:\/\/deseta-gimnazija.hr\/index.php?rest_route=\/wp\/v2\/types\/page"}],"author":[{"embeddable":true,"href":"https:\/\/deseta-gimnazija.hr\/index.php?rest_route=\/wp\/v2\/users\/4"}],"replies":[{"embeddable":true,"href":"https:\/\/deseta-gimnazija.hr\/index.php?rest_route=%2Fwp%2Fv2%2Fcomments&post=7885"}],"version-history":[{"count":8,"href":"https:\/\/deseta-gimnazija.hr\/index.php?rest_route=\/wp\/v2\/pages\/7885\/revisions"}],"predecessor-version":[{"id":11066,"href":"https:\/\/deseta-gimnazija.hr\/index.php?rest_route=\/wp\/v2\/pages\/7885\/revisions\/11066"}],"wp:attachment":[{"href":"https:\/\/deseta-gimnazija.hr\/index.php?rest_route=%2Fwp%2Fv2%2Fmedia&parent=7885"}],"curies":[{"name":"wp","href":"https:\/\/api.w.org\/{rel}","templated":true}]}}