{"id":7855,"date":"2021-03-30T09:43:25","date_gmt":"2021-03-30T08:43:25","guid":{"rendered":"https:\/\/deseta-gimnazija.hr\/?page_id=7855"},"modified":"2024-04-15T08:22:33","modified_gmt":"2024-04-15T07:22:33","slug":"4-razred","status":"publish","type":"page","link":"https:\/\/deseta-gimnazija.hr\/?page_id=7855","title":{"rendered":"4. razred"},"content":{"rendered":"<h3>Izborna nastava za op\u0107u gimnaziju<\/h3>\n<p>Izborna je nastava dio nastavnog plana op\u0107e gimnazije i ostvaruje se od drugog razreda s dva sata nastave tjedno. Tijekom gimnazijske izobrazbe u\u010denici mogu izabrati jedan, dva ili tri izborna predmeta.<\/p>\n<p>Izborni predmeti daju u\u010denicima mogu\u0107nost da prodube i pro\u0161ire znanje u pojedinim nastavnim predmetima ili granama znanosti.<\/p>\n<p>Nakon 3. razreda nudimo za izborni predmet slijede\u0107e mogu\u0107nosti:<\/p>\n<ol>\n<li>U\u010denici koji su odabrali strani jezik kao tre\u0107i jezik: <strong>\u0160panjolski jezik po\u010detni<\/strong> ili <strong>Francuski jezik&nbsp;po\u010detni<\/strong> ne mogu mijenjati svoj izbor.<\/li>\n<li>Ostali u\u010denici mogu zadr\u017eati trenutni izborni predmet ukoliko je me\u0111u dolje ponu\u0111enima ili izabrati novi predmet:<\/li>\n<li><strong>Hrvatski jezik<\/strong><\/li>\n<li><strong>Pro\u0161irenje drugog stranog jezika &#8211; Talijanski jezik po\u010detni<\/strong><\/li>\n<li><strong>Matematika&nbsp;<\/strong><\/li>\n<li><a href=\"https:\/\/deseta-gimnazija.hr\/?page_id=12138\"><strong>Kemija<\/strong><\/a><\/li>\n<li><strong>Psihologija<\/strong><\/li>\n<\/ol>\n<p>Budu\u0107em 4. F razredu nudimo:<\/p>\n<ol>\n<li><strong>Hrvatski jezik<\/strong><\/li>\n<li><strong>Matematika<\/strong><\/li>\n<li><strong>Psihologija<\/strong><\/li>\n<\/ol>\n<p>&nbsp;<\/p>\n<h3>Fakultativna nastava za op\u0107u gimnaziju&nbsp;<\/h3>\n<p>&nbsp; Kao fakultativnu nastavu nakon 3. razreda nudimo slijede\u0107e mogu\u0107nosti:<\/p>\n<ol>\n<li><a href=\"https:\/\/deseta-gimnazija.hr\/?page_id=7907\" rel=\"noopener\"><strong>Skupno muziciranje<\/strong><\/a><\/li>\n<\/ol>\n<p>&nbsp;<\/p>\n<h3>Fakultativna nastava za prirodoslovno-matemati\u010dku gimnaziju<\/h3>\n<p>Kao fakultativnu nastavu nakon 3. razreda nudimo slijede\u0107e mogu\u0107nosti:<\/p>\n<ol>\n<li><strong><a href=\"https:\/\/deseta-gimnazija.hr\/?page_id=7907\" rel=\"noopener\">Skupno muziciranje<\/a><\/strong><\/li>\n<\/ol>\n","protected":false},"excerpt":{"rendered":"<p>Izborna nastava za op\u0107u gimnaziju Izborna je nastava dio nastavnog plana op\u0107e gimnazije i ostvaruje se od drugog razreda s dva sata nastave tjedno. Tijekom gimnazijske izobrazbe u\u010denici mogu izabrati jedan, dva ili tri izborna predmeta. Izborni predmeti daju u\u010denicima mogu\u0107nost da prodube i pro\u0161ire znanje u pojedinim nastavnim predmetima ili granama znanosti. Nakon 3. [&hellip;]<\/p>\n","protected":false},"author":4,"featured_media":0,"parent":0,"menu_order":0,"comment_status":"closed","ping_status":"closed","template":"","meta":{"ngg_post_thumbnail":0,"footnotes":""},"_links":{"self":[{"href":"https:\/\/deseta-gimnazija.hr\/index.php?rest_route=\/wp\/v2\/pages\/7855"}],"collection":[{"href":"https:\/\/deseta-gimnazija.hr\/index.php?rest_route=\/wp\/v2\/pages"}],"about":[{"href":"https:\/\/deseta-gimnazija.hr\/index.php?rest_route=\/wp\/v2\/types\/page"}],"author":[{"embeddable":true,"href":"https:\/\/deseta-gimnazija.hr\/index.php?rest_route=\/wp\/v2\/users\/4"}],"replies":[{"embeddable":true,"href":"https:\/\/deseta-gimnazija.hr\/index.php?rest_route=%2Fwp%2Fv2%2Fcomments&post=7855"}],"version-history":[{"count":15,"href":"https:\/\/deseta-gimnazija.hr\/index.php?rest_route=\/wp\/v2\/pages\/7855\/revisions"}],"predecessor-version":[{"id":12144,"href":"https:\/\/deseta-gimnazija.hr\/index.php?rest_route=\/wp\/v2\/pages\/7855\/revisions\/12144"}],"wp:attachment":[{"href":"https:\/\/deseta-gimnazija.hr\/index.php?rest_route=%2Fwp%2Fv2%2Fmedia&parent=7855"}],"curies":[{"name":"wp","href":"https:\/\/api.w.org\/{rel}","templated":true}]}}