{"id":7852,"date":"2021-03-30T09:43:13","date_gmt":"2021-03-30T08:43:13","guid":{"rendered":"https:\/\/deseta-gimnazija.hr\/?page_id=7852"},"modified":"2024-04-15T08:21:24","modified_gmt":"2024-04-15T07:21:24","slug":"3-razred","status":"publish","type":"page","link":"https:\/\/deseta-gimnazija.hr\/?page_id=7852","title":{"rendered":"3. razred"},"content":{"rendered":"<h3>Izborna nastava za op\u0107u gimnaziju<\/h3>\n<p>Izborna je nastava dio nastavnog plana op\u0107e gimnazije i ostvaruje se od drugog razreda s dva sata nastave tjedno. Tijekom gimnazijske izobrazbe u\u010denici mogu izabrati jedan, dva ili tri izborna predmeta. Izborni programi daju u\u010denicima mogu\u0107nost da prodube i pro\u0161ire znanje u pojedinim nastavnim predmetima ili granama znanosti.<\/p>\n<p>Nakon 2. razreda nudimo za izborni predmet slijede\u0107e mogu\u0107nosti:<\/p>\n<ol>\n<li><a href=\"https:\/\/deseta-gimnazija.hr\/?page_id=8022\" rel=\"noopener\"><strong>Hrvatski jezik &#8211; medijska pismenost<\/strong><\/a><\/li>\n<li><a href=\"https:\/\/deseta-gimnazija.hr\/?page_id=7983\"><strong>Hrvatski jezik &#8211; jezi\u010dne vrijednosti<\/strong><\/a><\/li>\n<li><strong>Strani jezici &#8211; pro\u0161irenje 2. stranog jezika<\/strong><\/li>\n<li><a href=\"https:\/\/deseta-gimnazija.hr\/?page_id=12138\"><strong>Kemija<\/strong><\/a><\/li>\n<li><a href=\"https:\/\/deseta-gimnazija.hr\/?page_id=7885\" rel=\"noopener\"><strong>Hortikultura<\/strong><\/a><\/li>\n<li><a href=\"https:\/\/deseta-gimnazija.hr\/?page_id=8005\" rel=\"noopener\"><strong>Informatika<\/strong><\/a><\/li>\n<li><strong>TZK<\/strong><\/li>\n<\/ol>\n<p>Budu\u0107em 3.F nudimo:<\/p>\n<ol>\n<li><a href=\"https:\/\/deseta-gimnazija.hr\/?page_id=7885\"><strong>Hortikultura<\/strong><\/a><\/li>\n<li><a href=\"https:\/\/deseta-gimnazija.hr\/?page_id=12133\"><strong>Sociologija<\/strong>&nbsp;<\/a><\/li>\n<\/ol>\n<p>U\u010denik mo\u017ee ostati na istom izbornom predmetu koji je odabrao pro\u0161le \u0161k. god. ili izabrati neki novi s popisa i obavezno obavijestiti razrednika da li zadr\u017eava izborni predmet ili ga mijenja u neki novi<strong>.<\/strong><\/p>\n<p>&nbsp;<\/p>\n<h3>Fakultativna nastava za op\u0107u gimnaziju (budu\u0107i 3.A, 3.B, 3.C, 3.D, 3.E i 3.F)<\/h3>\n<p>Oslu\u0161kuju\u0107i interese u\u010denika primijetili smo sve ve\u0107e zanimanje za fakultativnu nastavu. Poku\u0161ali smo osmisliti sadr\u017eaje koji su vam zanimljivi i koji bi vam, nadamo se omogu\u0107ili upotpuniti podru\u010dje va\u0161ih interesa. Fakultativna nastava nije obavezna ali ako je izaberete, ulazi u raspored i du\u017eni ste ju poha\u0111ati.&nbsp;<\/p>\n<p>Mo\u017eete odabrati <strong>jedan<\/strong> predmet, no ako se on ne bi mogao realizirati (jer se npr. nije javilo dovoljno u\u010denika) navedite koji bi bio drugi po rangu predmet va\u0161eg interesa.<\/p>\n<p>&nbsp; Kao fakultativnu nastavu nakon 2. razreda nudimo slijede\u0107e mogu\u0107nosti:<\/p>\n<ol>\n<li><a href=\"https:\/\/deseta-gimnazija.hr\/?page_id=7907\" rel=\"noopener\"><strong>Skupno muziciranje<\/strong><\/a><\/li>\n<li><a href=\"https:\/\/deseta-gimnazija.hr\/?page_id=7925\" rel=\"noopener\"><strong>Financijska pismenost 2<\/strong><\/a><\/li>\n<li><a href=\"https:\/\/deseta-gimnazija.hr\/?page_id=9408\" rel=\"noopener\"><strong>Likovna radionica<\/strong><\/a><\/li>\n<li><a href=\"https:\/\/deseta-gimnazija.hr\/?page_id=11033\"><strong>\u0160kola i zajednica<\/strong><\/a><\/li>\n<\/ol>\n<p>&nbsp;<\/p>\n<h3>Fakultativna nastava za prirodoslovno-matemati\u010dku gimnaziju<\/h3>\n<p>Upisom u program prirodoslovno matemati\u010dke gimnazije odlu\u010dili ste se za jednu od mogu\u0107nosti \u0161to se ti\u010de izbornog predmeta: pro\u0161irenu matematiku i informatiku ili drugi strani jezik. Uvidjeli smo da postoji interes zadnjih godina \u0161to se od fakultativne nastave nudi u idu\u0107oj \u0161kolskoj godini. Poku\u0161ali smo osmisliti sadr\u017eaje koji su vam zanimljivi i koji bi vam, nadamo se omogu\u0107ili upotpuniti podru\u010dje va\u0161ih interesa. Fakultativna nastava nije obavezna ali ako je izaberete, ulazi u raspored i du\u017eni ste ju poha\u0111ati.&nbsp;<\/p>\n<p>Mo\u017eete odabrati <strong>jedan<\/strong> predmet, no ako se on ne bi mogao realizirati ( jer se npr. nije javilo dovoljno u\u010denika,) navedite koji bi bio drugi po rangu predmet va\u0161eg interesa.<\/p>\n<p>Kao fakultativnu nastavu nakon 2. razreda nudimo slijede\u0107e mogu\u0107nosti:<\/p>\n<ol>\n<li><a href=\"https:\/\/deseta-gimnazija.hr\/?page_id=7885\" rel=\"noopener\"><strong>Hortikultura<\/strong><\/a><\/li>\n<li><a href=\"https:\/\/deseta-gimnazija.hr\/?page_id=7925\" rel=\"noopener\"><strong>Financijska pismenost 2<\/strong><\/a><\/li>\n<li><strong><a href=\"https:\/\/deseta-gimnazija.hr\/?page_id=9408\" rel=\"noopener\">Likovna radionica<\/a><\/strong><\/li>\n<li><a href=\"https:\/\/deseta-gimnazija.hr\/?page_id=7907\" rel=\"noopener\"><strong>Skupno muziciranje<\/strong><\/a><\/li>\n<\/ol>\n","protected":false},"excerpt":{"rendered":"<p>Izborna nastava za op\u0107u gimnaziju Izborna je nastava dio nastavnog plana op\u0107e gimnazije i ostvaruje se od drugog razreda s dva sata nastave tjedno. Tijekom gimnazijske izobrazbe u\u010denici mogu izabrati jedan, dva ili tri izborna predmeta. Izborni programi daju u\u010denicima mogu\u0107nost da prodube i pro\u0161ire znanje u pojedinim nastavnim predmetima ili granama znanosti. Nakon 2. [&hellip;]<\/p>\n","protected":false},"author":4,"featured_media":0,"parent":0,"menu_order":0,"comment_status":"closed","ping_status":"closed","template":"","meta":{"ngg_post_thumbnail":0,"footnotes":""},"_links":{"self":[{"href":"https:\/\/deseta-gimnazija.hr\/index.php?rest_route=\/wp\/v2\/pages\/7852"}],"collection":[{"href":"https:\/\/deseta-gimnazija.hr\/index.php?rest_route=\/wp\/v2\/pages"}],"about":[{"href":"https:\/\/deseta-gimnazija.hr\/index.php?rest_route=\/wp\/v2\/types\/page"}],"author":[{"embeddable":true,"href":"https:\/\/deseta-gimnazija.hr\/index.php?rest_route=\/wp\/v2\/users\/4"}],"replies":[{"embeddable":true,"href":"https:\/\/deseta-gimnazija.hr\/index.php?rest_route=%2Fwp%2Fv2%2Fcomments&post=7852"}],"version-history":[{"count":36,"href":"https:\/\/deseta-gimnazija.hr\/index.php?rest_route=\/wp\/v2\/pages\/7852\/revisions"}],"predecessor-version":[{"id":12143,"href":"https:\/\/deseta-gimnazija.hr\/index.php?rest_route=\/wp\/v2\/pages\/7852\/revisions\/12143"}],"wp:attachment":[{"href":"https:\/\/deseta-gimnazija.hr\/index.php?rest_route=%2Fwp%2Fv2%2Fmedia&parent=7852"}],"curies":[{"name":"wp","href":"https:\/\/api.w.org\/{rel}","templated":true}]}}