{"id":769,"date":"2018-03-15T11:32:59","date_gmt":"2018-03-15T10:32:59","guid":{"rendered":"https:\/\/deseta-gimnazija.hr\/?page_id=769"},"modified":"2018-03-26T12:18:12","modified_gmt":"2018-03-26T11:18:12","slug":"volontiranje","status":"publish","type":"page","link":"https:\/\/deseta-gimnazija.hr\/?page_id=769","title":{"rendered":"Volontiranje"},"content":{"rendered":"<p>U\u010denici s kordinatoricom osmi\u0161ljavaju volonterske aktivnosti te izravnu komunikaciju i suradnju s djelatnicima Volonterskog centra, Foruma za slobodu odgoja kao i predstavnicima ostalih ustanova koje se bave volontiranjem.<\/p>\n<p>Na zavr\u0161noj sve\u010danosti u okviru Dana Ivana Supeka u\u010denicima i nastavnicima prezentiraju se postignu\u0107a u volonterskim akcijama.<\/p>\n<p>Komunikacija s volonterima se odvija na sastancima u prostoriji Volonterskog kluba, soba 313 i putem facebook grupe Volonterski klub X. gimnazija Ivan Supek.<\/p>\n<p>\t\t\t\t<img loading=\"lazy\" decoding=\"async\" src=\"https:\/\/deseta-gimnazija.hr\/wp-content\/uploads\/2018\/02\/DSC4992-1024x683.jpg\" alt=\"_DSC4992\" itemprop=\"image\" height=\"683\" width=\"1024\"  \/><\/p>\n","protected":false},"excerpt":{"rendered":"<p>U\u010denici s kordinatoricom osmi\u0161ljavaju volonterske aktivnosti te izravnu komunikaciju i suradnju s djelatnicima Volonterskog centra, Foruma za slobodu odgoja kao i predstavnicima ostalih ustanova koje se bave volontiranjem. Na zavr\u0161noj sve\u010danosti u okviru Dana Ivana Supeka u\u010denicima i nastavnicima prezentiraju se postignu\u0107a u volonterskim akcijama. Komunikacija s volonterima se odvija na sastancima u prostoriji Volonterskog [&hellip;]<\/p>\n","protected":false},"author":2,"featured_media":0,"parent":0,"menu_order":0,"comment_status":"closed","ping_status":"closed","template":"","meta":{"ngg_post_thumbnail":0,"footnotes":""},"_links":{"self":[{"href":"https:\/\/deseta-gimnazija.hr\/index.php?rest_route=\/wp\/v2\/pages\/769"}],"collection":[{"href":"https:\/\/deseta-gimnazija.hr\/index.php?rest_route=\/wp\/v2\/pages"}],"about":[{"href":"https:\/\/deseta-gimnazija.hr\/index.php?rest_route=\/wp\/v2\/types\/page"}],"author":[{"embeddable":true,"href":"https:\/\/deseta-gimnazija.hr\/index.php?rest_route=\/wp\/v2\/users\/2"}],"replies":[{"embeddable":true,"href":"https:\/\/deseta-gimnazija.hr\/index.php?rest_route=%2Fwp%2Fv2%2Fcomments&post=769"}],"version-history":[{"count":0,"href":"https:\/\/deseta-gimnazija.hr\/index.php?rest_route=\/wp\/v2\/pages\/769\/revisions"}],"wp:attachment":[{"href":"https:\/\/deseta-gimnazija.hr\/index.php?rest_route=%2Fwp%2Fv2%2Fmedia&parent=769"}],"curies":[{"name":"wp","href":"https:\/\/api.w.org\/{rel}","templated":true}]}}