{"id":759,"date":"2018-03-15T11:17:54","date_gmt":"2018-03-15T10:17:54","guid":{"rendered":"https:\/\/deseta-gimnazija.hr\/?page_id=759"},"modified":"2018-03-23T13:18:10","modified_gmt":"2018-03-23T12:18:10","slug":"to-play-or-not-to-play-that-is-a-european-question","status":"publish","type":"page","link":"https:\/\/deseta-gimnazija.hr\/?page_id=759","title":{"rendered":"To play or not to play, that is a European question"},"content":{"rendered":"<p>Namijenjeno svim u\u010denicima zainteresiranim za sudjelovanje u projektu.<\/p>\n<ul>\n<li>uklju\u010diti u\u010denike u aktivnosti koje promoviraju toleranciju<\/li>\n<li>promovirati usvajanje sportskog duha, <em>fair play<\/em> odnosa i izra\u017eavanja kroz sportske aktivnosti<\/li>\n<li>poticati osvje\u0161tavanje va\u017enosti tradicije<\/li>\n<li>poticati suradni\u010dko u\u010denje i grupni rad<\/li>\n<li>poticati radoznalost i istra\u017eiva\u010dki duh u\u010denika<\/li>\n<li>osposobit u\u010denike za kori\u0161tenje razli\u010ditih elektroni\u010dkih medija<\/li>\n<li>poticati kreativna izra\u017eavanja putem razli\u010ditih medija<\/li>\n<\/ul>\n<p>&nbsp;<\/p>\n<p>U projektu sudjeluju \u0161kole iz Hrvatske i Francuske.<\/p>\n<ol>\n<li>okupiti u\u010denike oko projektne teme<\/li>\n<li>iskazivanje interesa za predstavljanje pojedinih sportova<\/li>\n<li>istra\u017eivanje i prikupljanje informacija o tradicionalnim igrama i sportovima<\/li>\n<li>objedinjavanje informacija i osmi\u0161ljavanje strategije elektroni\u010dke prezentacije jednog ili dva odabrana sporta\/igre<\/li>\n<li>izrada video ili PowerPoint prezentacije odabranog sporta\/igre te pravila igre s uputama na engleskom jeziku kako bi u\u010denici drugih europskih zemalja mogli nau\u010diti pravilno igrati navedenu igru\/sport<\/li>\n<li>pratiti rad i zadovoljstvo u\u010denika koji sudjeluju<\/li>\n<li>prezentirati rad na zavr\u0161noj sve\u010danosti Dana Ivana Supeka<\/li>\n<\/ol>\n","protected":false},"excerpt":{"rendered":"<p>Namijenjeno svim u\u010denicima zainteresiranim za sudjelovanje u projektu. uklju\u010diti u\u010denike u aktivnosti koje promoviraju toleranciju promovirati usvajanje sportskog duha, fair play odnosa i izra\u017eavanja kroz sportske aktivnosti poticati osvje\u0161tavanje va\u017enosti tradicije poticati suradni\u010dko u\u010denje i grupni rad poticati radoznalost i istra\u017eiva\u010dki duh u\u010denika osposobit u\u010denike za kori\u0161tenje razli\u010ditih elektroni\u010dkih medija poticati kreativna izra\u017eavanja putem razli\u010ditih [&hellip;]<\/p>\n","protected":false},"author":2,"featured_media":0,"parent":0,"menu_order":0,"comment_status":"closed","ping_status":"closed","template":"","meta":{"ngg_post_thumbnail":0,"footnotes":""},"_links":{"self":[{"href":"https:\/\/deseta-gimnazija.hr\/index.php?rest_route=\/wp\/v2\/pages\/759"}],"collection":[{"href":"https:\/\/deseta-gimnazija.hr\/index.php?rest_route=\/wp\/v2\/pages"}],"about":[{"href":"https:\/\/deseta-gimnazija.hr\/index.php?rest_route=\/wp\/v2\/types\/page"}],"author":[{"embeddable":true,"href":"https:\/\/deseta-gimnazija.hr\/index.php?rest_route=\/wp\/v2\/users\/2"}],"replies":[{"embeddable":true,"href":"https:\/\/deseta-gimnazija.hr\/index.php?rest_route=%2Fwp%2Fv2%2Fcomments&post=759"}],"version-history":[{"count":0,"href":"https:\/\/deseta-gimnazija.hr\/index.php?rest_route=\/wp\/v2\/pages\/759\/revisions"}],"wp:attachment":[{"href":"https:\/\/deseta-gimnazija.hr\/index.php?rest_route=%2Fwp%2Fv2%2Fmedia&parent=759"}],"curies":[{"name":"wp","href":"https:\/\/api.w.org\/{rel}","templated":true}]}}