{"id":755,"date":"2018-03-15T11:16:08","date_gmt":"2018-03-15T10:16:08","guid":{"rendered":"https:\/\/deseta-gimnazija.hr\/?page_id=755"},"modified":"2018-11-19T15:46:43","modified_gmt":"2018-11-19T14:46:43","slug":"festivals-without-borders","status":"publish","type":"page","link":"https:\/\/deseta-gimnazija.hr\/?page_id=755","title":{"rendered":"Festivals without borders"},"content":{"rendered":"<p>U projektu sudjeluju \u0161kole iz Hrvatske, Bosne i Hercegovine, Italije, Malte, Slovenije, Francuske, Portugala, Cipra, Gr\u010dke i \u010ce\u0161ke.<\/p>\n<ul>\n<li>okupiti u\u010denike oko projektne teme<\/li>\n<li>iskazivanje interesa za predstavljanje pojedinih festivala<\/li>\n<li>istra\u017eivanje i prikupljanje informacija o festivalima<\/li>\n<li>objedinjavanje informacija i izrada materijala za elektroni\u010dku prezentaciju<\/li>\n<li>elektroni\u010dka prezentacija festivala vlastite zemlje<\/li>\n<li>uspore\u0111ivanje i tra\u017eenje sli\u010dnosti i razli\u010ditosti s festivalima drugih zemalja<\/li>\n<li>izrada E-knjige festivala s podru\u010dja Mediterana<\/li>\n<li>pratiti rad i zadovoljstvo u\u010denika koji sudjeluju<\/li>\n<li>prezentirati rad na zavr\u0161noj sve\u010danosti Dana Ivana Supeka<\/li>\n<\/ul>\n<p>Namijenjeno svim u\u010denicima zainteresiranim za sudjelovanje u projektu.<\/p>\n<ul>\n<li>poticati povezivanje u\u010denika i me\u0111usobnu suradnju<\/li>\n<li>poticati radoznalost i istra\u017eiva\u010dki duh u\u010denika<\/li>\n<li>poticati suradni\u010dko u\u010denje i grupni rad<\/li>\n<li>poticati pozitivnu dvosmjernu komunikaciju, toleranciju na razli\u010ditost i me\u0111ukulturalnu suradnju<\/li>\n<li>motivirati u\u010denike da se informiraju o doga\u0111anjima u njihovoj, ali i u \u0161iroj zajednici<\/li>\n<li>osposobit u\u010denike za kori\u0161tenje elektroni\u010dkih medija i izradu elektroni\u010dke knjige<\/li>\n<\/ul>\n<p>&nbsp;<br \/>\nU okviru projekta &#8220;Festivals without borders&#8221;, u\u010denici na\u0161e \u0161kole dru\u017eili su se s u\u010denicima iz Slovenije i Portugala u Celju na 3_KONS festivalu. U\u010denici zbora slovenske i na\u0161e \u0161kole su pripremili i zajedni\u010dki pjeva\u010dki nastup koji mo\u017eete vidjeti u filmu.<br \/>\n&nbsp;<br \/>\n<iframe loading=\"lazy\" width=\"1170\" height=\"658\" src=\"https:\/\/www.youtube.com\/embed\/EvCNqB_HnIY?feature=oembed\" frameborder=\"0\" allow=\"accelerometer; autoplay; encrypted-media; gyroscope; picture-in-picture\" allowfullscreen><\/iframe><br \/>\n&nbsp;<\/p>\nngg_shortcode_0_placeholder\n<p>&nbsp;<\/p>\n","protected":false},"excerpt":{"rendered":"<p>U projektu sudjeluju \u0161kole iz Hrvatske, Bosne i Hercegovine, Italije, Malte, Slovenije, Francuske, Portugala, Cipra, Gr\u010dke i \u010ce\u0161ke. okupiti u\u010denike oko projektne teme iskazivanje interesa za predstavljanje pojedinih festivala istra\u017eivanje i prikupljanje informacija o festivalima objedinjavanje informacija i izrada materijala za elektroni\u010dku prezentaciju elektroni\u010dka prezentacija festivala vlastite zemlje uspore\u0111ivanje i tra\u017eenje sli\u010dnosti i razli\u010ditosti s [&hellip;]<\/p>\n","protected":false},"author":2,"featured_media":0,"parent":0,"menu_order":0,"comment_status":"closed","ping_status":"closed","template":"","meta":{"ngg_post_thumbnail":0,"footnotes":""},"_links":{"self":[{"href":"https:\/\/deseta-gimnazija.hr\/index.php?rest_route=\/wp\/v2\/pages\/755"}],"collection":[{"href":"https:\/\/deseta-gimnazija.hr\/index.php?rest_route=\/wp\/v2\/pages"}],"about":[{"href":"https:\/\/deseta-gimnazija.hr\/index.php?rest_route=\/wp\/v2\/types\/page"}],"author":[{"embeddable":true,"href":"https:\/\/deseta-gimnazija.hr\/index.php?rest_route=\/wp\/v2\/users\/2"}],"replies":[{"embeddable":true,"href":"https:\/\/deseta-gimnazija.hr\/index.php?rest_route=%2Fwp%2Fv2%2Fcomments&post=755"}],"version-history":[{"count":0,"href":"https:\/\/deseta-gimnazija.hr\/index.php?rest_route=\/wp\/v2\/pages\/755\/revisions"}],"wp:attachment":[{"href":"https:\/\/deseta-gimnazija.hr\/index.php?rest_route=%2Fwp%2Fv2%2Fmedia&parent=755"}],"curies":[{"name":"wp","href":"https:\/\/api.w.org\/{rel}","templated":true}]}}