{"id":744,"date":"2018-03-15T11:14:34","date_gmt":"2018-03-15T10:14:34","guid":{"rendered":"https:\/\/deseta-gimnazija.hr\/?page_id=744"},"modified":"2018-03-15T11:14:34","modified_gmt":"2018-03-15T10:14:34","slug":"etwinning","status":"publish","type":"page","link":"https:\/\/deseta-gimnazija.hr\/?page_id=744","title":{"rendered":"eTwinning"},"content":{"rendered":"<p><strong><img loading=\"lazy\" decoding=\"async\" src=\"https:\/\/deseta-gimnazija.hr\/wp-content\/uploads\/2018\/03\/Etwining.jpg\" alt=\"\" width=\"881\" height=\"351\" \/>eTwinning<\/strong> je jedna od aktivnosti programa <strong>Erasmus+<\/strong>.<\/p>\n<p><strong>www.eTwinning.net<\/strong> je portal namijenjen me\u0111unarodnoj suradnji i usavr\u0161avanju nastavnog i nenastavnog osoblja od pred\u0161kolskog obrazovanja do srednje \u0161kole. Sam portal www.eTwinning.net slu\u017ei nastavnicima i njihovim u\u010denicima za upoznavanje i suradnju s kolegama iz europskih \u0161kola.<\/p>\n<p><strong>Koje su prednosti eTwinninga<\/strong><\/p>\n<p><strong>Fleksibilnost <\/strong>&#8211; sami odre\u0111ujete tempo koji vam odgovara. Nakon \u0161to se registrirate niste obavezni odmah zapo\u010deti projekt. Pogledajte \u0161to drugi rade, pitajte u\u010denike koje su njihove \u017eelje u vezi me\u0111unarodne suradnje. Kada ste spremni, osmislite projekt, prona\u0111ite partnera i zapo\u010dnite s aktivnostima u razredu.<\/p>\n<p><strong>Jednostavnost <\/strong>&#8211; za prijavu na portal nema papirologije. Prijava traje par minuta, isto kao i registracija projekta. Portal nudi razli\u010dite alate koji olak\u0161avaju i omogu\u0107avaju provedbu projekta. Kada zapo\u010dnete projekt, otvara vam se mogu\u0107nost kori\u0161tenja \u201eTwinSpacea&#8221;- platforme koja nudi prostor za razmjenu dokumenata, fotografija, uradaka u\u010denika, brbljaonice za nastavnike i u\u010denike, mogu\u0107nost vo\u0111enja bloga projekta itd.<\/p>\n<p><strong>Sigurnost<\/strong> &#8211; eTwinning je sigurno i provjereno on-line okru\u017eje za vas i va\u0161e u\u010denike. Agencija za mobilnost i programe Europske Unije (nacionalna slu\u017eba za podr\u0161ku) provjerava jesu li korisnici zaista nastavnici, pedago\u0161ki djelatnici ili nenastavno osoblje u ustanovama u kojima su naveli da su zaposleni.<\/p>\n<p><img loading=\"lazy\" decoding=\"async\" src=\"https:\/\/deseta-gimnazija.hr\/wp-content\/uploads\/2018\/03\/europa.jpg\" alt=\"\" width=\"247\" height=\"200\" \/> <img loading=\"lazy\" decoding=\"async\" src=\"https:\/\/deseta-gimnazija.hr\/wp-content\/uploads\/2018\/03\/agenicija.jpg\" alt=\"\" width=\"357\" height=\"164\" \/><\/p>\n","protected":false},"excerpt":{"rendered":"<p>eTwinning je jedna od aktivnosti programa Erasmus+. www.eTwinning.net je portal namijenjen me\u0111unarodnoj suradnji i usavr\u0161avanju nastavnog i nenastavnog osoblja od pred\u0161kolskog obrazovanja do srednje \u0161kole. Sam portal www.eTwinning.net slu\u017ei nastavnicima i njihovim u\u010denicima za upoznavanje i suradnju s kolegama iz europskih \u0161kola. Koje su prednosti eTwinninga Fleksibilnost &#8211; sami odre\u0111ujete tempo koji vam odgovara. Nakon [&hellip;]<\/p>\n","protected":false},"author":2,"featured_media":0,"parent":0,"menu_order":0,"comment_status":"closed","ping_status":"closed","template":"","meta":{"ngg_post_thumbnail":0,"footnotes":""},"_links":{"self":[{"href":"https:\/\/deseta-gimnazija.hr\/index.php?rest_route=\/wp\/v2\/pages\/744"}],"collection":[{"href":"https:\/\/deseta-gimnazija.hr\/index.php?rest_route=\/wp\/v2\/pages"}],"about":[{"href":"https:\/\/deseta-gimnazija.hr\/index.php?rest_route=\/wp\/v2\/types\/page"}],"author":[{"embeddable":true,"href":"https:\/\/deseta-gimnazija.hr\/index.php?rest_route=\/wp\/v2\/users\/2"}],"replies":[{"embeddable":true,"href":"https:\/\/deseta-gimnazija.hr\/index.php?rest_route=%2Fwp%2Fv2%2Fcomments&post=744"}],"version-history":[{"count":0,"href":"https:\/\/deseta-gimnazija.hr\/index.php?rest_route=\/wp\/v2\/pages\/744\/revisions"}],"wp:attachment":[{"href":"https:\/\/deseta-gimnazija.hr\/index.php?rest_route=%2Fwp%2Fv2%2Fmedia&parent=744"}],"curies":[{"name":"wp","href":"https:\/\/api.w.org\/{rel}","templated":true}]}}