{"id":7419,"date":"2021-03-15T14:24:13","date_gmt":"2021-03-15T13:24:13","guid":{"rendered":"https:\/\/deseta-gimnazija.hr\/?page_id=7419"},"modified":"2024-07-09T10:13:44","modified_gmt":"2024-07-09T08:13:44","slug":"izdavanje-duplikata-prijepisa-svjedozbe","status":"publish","type":"page","link":"https:\/\/deseta-gimnazija.hr\/?page_id=7419","title":{"rendered":"Izdavanje duplikata\/prijepisa svjedo\u017ebe"},"content":{"rendered":"<p>POSTUPAK IZDAVANJA DUPLIKATA\/PRIJEPISA SVJEDOD\u017dBE<\/p>\n<p>Zahtjev za izdavanje duplikata\/prijepisa svjedod\u017ebe podnosi se u referadi \u0160kole. Obrazac se mo\u017ee preuzeti u referadi ili u dolje prilo\u017eenom dokumentu &#8211; Zahtjev za izdavanjem duplikata\/prijepisa svjedod\u017ebi te Zahtjev za izdavanjem duplikata\/prijepisa svjedod\u017ebi za redovite u\u010denike.<\/p>\n<p>Prije podno\u0161enja zahtjeva za izdavanje duplikata\/prijepisa svjedod\u017ebe potrebno je oglasiti dokument neva\u017ee\u0107im u Narodnim novinama te dokaz ogla\u0161avanja dokumenta neva\u017ee\u0107im prilo\u017eiti zahtjevu.<\/p>\n<p>Duplikat svjedod\u017ebe izdaje se na obrascu koji je isti kao i obrazac originalne svjedod\u017ebe, a ukoliko \u0160kola vi\u0161e ne posjeduje originalni obrazac izdaje prijepis ocjena na praznom papiru s podacima iz mati\u010dne knjige u\u010denika, ovjeren od strane ravnatelja.<\/p>\n<p>Osobe koje nisu u mogu\u0107nosti osobno zatra\u017eiti ili do\u0107i po duplikat\/prijepis svjedod\u017ebe trebaju podnositelju zahtjeva, odnosno osobi koja \u0107e podi\u0107i duplikat\/prijepis dati ovjerenu punomo\u0107.<\/p>\n<p>Za dodatne informacije mo\u017eete se obratiti u referadi \u0160kole.<\/p>\n<p><strong>Molba prijepis svjedod\u017ebe<\/strong><br \/>\n<br \/>\n<a href=\"https:\/\/deseta-gimnazija.hr\/wp-content\/uploads\/2024\/07\/Molba-prijepis-svjedodzbe.docx\" target=\"_blank\" rel=\"attachment noopener wp-att-8594\">Preuzmi (.doc)<\/a><\/p>\n","protected":false},"excerpt":{"rendered":"<p>POSTUPAK IZDAVANJA DUPLIKATA\/PRIJEPISA SVJEDOD\u017dBE Zahtjev za izdavanje duplikata\/prijepisa svjedod\u017ebe podnosi se u referadi \u0160kole. Obrazac se mo\u017ee preuzeti u referadi ili u dolje prilo\u017eenom dokumentu &#8211; Zahtjev za izdavanjem duplikata\/prijepisa svjedod\u017ebi te Zahtjev za izdavanjem duplikata\/prijepisa svjedod\u017ebi za redovite u\u010denike. Prije podno\u0161enja zahtjeva za izdavanje duplikata\/prijepisa svjedod\u017ebe potrebno je oglasiti dokument neva\u017ee\u0107im u Narodnim novinama [&hellip;]<\/p>\n","protected":false},"author":4,"featured_media":0,"parent":0,"menu_order":0,"comment_status":"closed","ping_status":"closed","template":"","meta":{"ngg_post_thumbnail":0,"footnotes":""},"_links":{"self":[{"href":"https:\/\/deseta-gimnazija.hr\/index.php?rest_route=\/wp\/v2\/pages\/7419"}],"collection":[{"href":"https:\/\/deseta-gimnazija.hr\/index.php?rest_route=\/wp\/v2\/pages"}],"about":[{"href":"https:\/\/deseta-gimnazija.hr\/index.php?rest_route=\/wp\/v2\/types\/page"}],"author":[{"embeddable":true,"href":"https:\/\/deseta-gimnazija.hr\/index.php?rest_route=\/wp\/v2\/users\/4"}],"replies":[{"embeddable":true,"href":"https:\/\/deseta-gimnazija.hr\/index.php?rest_route=%2Fwp%2Fv2%2Fcomments&post=7419"}],"version-history":[{"count":17,"href":"https:\/\/deseta-gimnazija.hr\/index.php?rest_route=\/wp\/v2\/pages\/7419\/revisions"}],"predecessor-version":[{"id":12655,"href":"https:\/\/deseta-gimnazija.hr\/index.php?rest_route=\/wp\/v2\/pages\/7419\/revisions\/12655"}],"wp:attachment":[{"href":"https:\/\/deseta-gimnazija.hr\/index.php?rest_route=%2Fwp%2Fv2%2Fmedia&parent=7419"}],"curies":[{"name":"wp","href":"https:\/\/api.w.org\/{rel}","templated":true}]}}