{"id":724,"date":"2018-03-15T11:08:09","date_gmt":"2018-03-15T10:08:09","guid":{"rendered":"https:\/\/deseta-gimnazija.hr\/?page_id=724"},"modified":"2018-10-23T11:24:58","modified_gmt":"2018-10-23T10:24:58","slug":"prirucnik-za-neodlucne-posrnule-i-lose-citace","status":"publish","type":"page","link":"https:\/\/deseta-gimnazija.hr\/?page_id=724","title":{"rendered":"Priru\u010dnik za neodlu\u010dne, posrnule i lo\u0161e \u010dita\u010de"},"content":{"rendered":"<p>Obra\u0107aju\u0107i se konkretnim potrebama RSP \u010ditatelja, ovaj projekt ima za cilj pobolj\u0161ati vje\u0161tine \u010ditanja u\u010deni\u010dke populacije u dobi izme\u0111u 15. i 18. godina poma\u017eu\u0107i im u prevladavanju nedostatka povjerenja u vlastite sposobnosti i osobnu motiviranost. Izgra\u0111en na smjernicama koje je postavila EU (HGHGL, 2012.), projekt nudi zaokru\u017een, inovativan i cjelovit pristup problemu RSP \u010ditatelja kroz svoje kona\u010dne rezultate:<\/p>\n<ul>\n<li>Studija slu\u010daja;<\/li>\n<li>Priru\u010dnik za nedlu\u010dne, posrnule i slabe \u010ditatelje koji sadr\u017ei: motivacijske tekstove i smjernice i aktivnosti za promoviranje \u010ditanja;<\/li>\n<li>Nastavni plan i program;<\/li>\n<li>Digitalnu u\u010dionicu s priru\u010dnikom za nastavnike.<\/li>\n<\/ul>\n<p>&nbsp;<\/p>\n<p>Vi\u0161e o projektu mo\u017eete saznati na poveznici&nbsp;<a href=\"http:\/\/handbook4rspreaders.org\/\">http:\/\/handbook4rspreaders.org\/<\/a>.<\/p>\n","protected":false},"excerpt":{"rendered":"<p>Obra\u0107aju\u0107i se konkretnim potrebama RSP \u010ditatelja, ovaj projekt ima za cilj pobolj\u0161ati vje\u0161tine \u010ditanja u\u010deni\u010dke populacije u dobi izme\u0111u 15. i 18. godina poma\u017eu\u0107i im u prevladavanju nedostatka povjerenja u vlastite sposobnosti i osobnu motiviranost. Izgra\u0111en na smjernicama koje je postavila EU (HGHGL, 2012.), projekt nudi zaokru\u017een, inovativan i cjelovit pristup problemu RSP \u010ditatelja kroz [&hellip;]<\/p>\n","protected":false},"author":2,"featured_media":0,"parent":0,"menu_order":0,"comment_status":"closed","ping_status":"closed","template":"","meta":{"ngg_post_thumbnail":0,"footnotes":""},"_links":{"self":[{"href":"https:\/\/deseta-gimnazija.hr\/index.php?rest_route=\/wp\/v2\/pages\/724"}],"collection":[{"href":"https:\/\/deseta-gimnazija.hr\/index.php?rest_route=\/wp\/v2\/pages"}],"about":[{"href":"https:\/\/deseta-gimnazija.hr\/index.php?rest_route=\/wp\/v2\/types\/page"}],"author":[{"embeddable":true,"href":"https:\/\/deseta-gimnazija.hr\/index.php?rest_route=\/wp\/v2\/users\/2"}],"replies":[{"embeddable":true,"href":"https:\/\/deseta-gimnazija.hr\/index.php?rest_route=%2Fwp%2Fv2%2Fcomments&post=724"}],"version-history":[{"count":0,"href":"https:\/\/deseta-gimnazija.hr\/index.php?rest_route=\/wp\/v2\/pages\/724\/revisions"}],"wp:attachment":[{"href":"https:\/\/deseta-gimnazija.hr\/index.php?rest_route=%2Fwp%2Fv2%2Fmedia&parent=724"}],"curies":[{"name":"wp","href":"https:\/\/api.w.org\/{rel}","templated":true}]}}