{"id":6379,"date":"2020-05-13T06:10:21","date_gmt":"2020-05-13T05:10:21","guid":{"rendered":"https:\/\/deseta-gimnazija.hr\/?page_id=6379"},"modified":"2020-05-13T11:37:01","modified_gmt":"2020-05-13T10:37:01","slug":"kljucne-kompetencije","status":"publish","type":"page","link":"https:\/\/deseta-gimnazija.hr\/?page_id=6379","title":{"rendered":"Klju\u010dne kompetencije"},"content":{"rendered":"<p>Kompetencije koje razvijamo sudjeluju\u0107i u ASOC projektu:<\/p>\n<ol>\n<li><strong>komuniciranje na materinskom jeziku<\/strong>: sposobnost izra\u017eavanja i tuma\u010denja koncepata, misli, osje\u0107aja, \u010dinjenica i mi\u0161ljenja usmenim i pismenim putem;<\/li>\n<li><strong>komuniciranje na stranom jeziku<\/strong>: kao \u0161to je prethodno i navedeno, ali uklju\u010duje i vje\u0161tine posredovanja (tj. sa\u017eimanje, parafraziranje, tuma\u010denje ili prevo\u0111enje) i me\u0111ukulturnog razumijevanja;<\/li>\n<li><strong>matemati\u010dka, znanstvena i tehnolo\u0161ka kompetencija<\/strong>: dobra ovladanost matemati\u010dkom pismeno\u0161\u0107u, razumijevanje prirodnog svijeta i sposobnost primjene znanja i tehnologije pretpostavljenim ljudskim potrebama (poput medicine, prijevoza ili komunikacije);<\/li>\n<li><strong>digitalna kompetencija<\/strong>: sigurna i kriti\u010dna uporaba informacija i komunikacijskih tehnologija za rad, rekreaciju i komunikaciju;<\/li>\n<li><strong><u>u\u010denje kako u\u010diti<\/u><\/strong>: sposobnost u\u010dinkovitog upravljanja vlastitim u\u010denjem, samostalno ili u skupini;<\/li>\n<li><strong>socijalne i gra\u0111anske kompetencije<\/strong>: sposobnost u\u010dinkovitog i konstruktivnog sudjelovanja u vlastitom dru\u0161tvenom i radnom \u017eivotu te uklju\u010divanje u aktivno i demokratsko sudjelovanje;<\/li>\n<li><strong>osje\u0107aj za inicijativu i poduzetni\u0161tvo<\/strong>: sposobnost pretvaranja ideja u aktivnosti kroz kreativnost, inovacije i poduzimanje rizika, kao i sposobnost planiranja i upravljanja projektima;<\/li>\n<li><strong>kulturna svijest i izra\u017eavanje:<\/strong> sposobnost da se cijeni kreativna va\u017enost ideja, iskustava i osje\u0107aja u medijima poput glazbe, knji\u017eevnosti i vizualnih i izvedbenih umjetnosti.<\/li>\n<\/ol>\n<p>&nbsp;<\/p>\n","protected":false},"excerpt":{"rendered":"<p>Kompetencije koje razvijamo sudjeluju\u0107i u ASOC projektu: komuniciranje na materinskom jeziku: sposobnost izra\u017eavanja i tuma\u010denja koncepata, misli, osje\u0107aja, \u010dinjenica i mi\u0161ljenja usmenim i pismenim putem; komuniciranje na stranom jeziku: kao \u0161to je prethodno i navedeno, ali uklju\u010duje i vje\u0161tine posredovanja (tj. sa\u017eimanje, parafraziranje, tuma\u010denje ili prevo\u0111enje) i me\u0111ukulturnog razumijevanja; matemati\u010dka, znanstvena i tehnolo\u0161ka kompetencija: dobra [&hellip;]<\/p>\n","protected":false},"author":4,"featured_media":0,"parent":0,"menu_order":0,"comment_status":"closed","ping_status":"closed","template":"","meta":{"ngg_post_thumbnail":0,"footnotes":""},"_links":{"self":[{"href":"https:\/\/deseta-gimnazija.hr\/index.php?rest_route=\/wp\/v2\/pages\/6379"}],"collection":[{"href":"https:\/\/deseta-gimnazija.hr\/index.php?rest_route=\/wp\/v2\/pages"}],"about":[{"href":"https:\/\/deseta-gimnazija.hr\/index.php?rest_route=\/wp\/v2\/types\/page"}],"author":[{"embeddable":true,"href":"https:\/\/deseta-gimnazija.hr\/index.php?rest_route=\/wp\/v2\/users\/4"}],"replies":[{"embeddable":true,"href":"https:\/\/deseta-gimnazija.hr\/index.php?rest_route=%2Fwp%2Fv2%2Fcomments&post=6379"}],"version-history":[{"count":4,"href":"https:\/\/deseta-gimnazija.hr\/index.php?rest_route=\/wp\/v2\/pages\/6379\/revisions"}],"predecessor-version":[{"id":6431,"href":"https:\/\/deseta-gimnazija.hr\/index.php?rest_route=\/wp\/v2\/pages\/6379\/revisions\/6431"}],"wp:attachment":[{"href":"https:\/\/deseta-gimnazija.hr\/index.php?rest_route=%2Fwp%2Fv2%2Fmedia&parent=6379"}],"curies":[{"name":"wp","href":"https:\/\/api.w.org\/{rel}","templated":true}]}}