{"id":6376,"date":"2020-05-13T06:09:55","date_gmt":"2020-05-13T05:09:55","guid":{"rendered":"https:\/\/deseta-gimnazija.hr\/?page_id=6376"},"modified":"2021-04-14T15:19:05","modified_gmt":"2021-04-14T14:19:05","slug":"poziv-na-ukljucivanje-u-projekt","status":"publish","type":"page","link":"https:\/\/deseta-gimnazija.hr\/?page_id=6376","title":{"rendered":"Poziv na uklju\u010divanje u projekt"},"content":{"rendered":"<p><img loading=\"lazy\" decoding=\"async\" class=\"size-full wp-image-5636 aligncenter\" src=\"https:\/\/deseta-gimnazija.hr\/wp-content\/uploads\/2020\/01\/U-\u0161koli-otvorene-kohezije-logo.png\" alt=\"\" width=\"380\" height=\"100\" srcset=\"https:\/\/deseta-gimnazija.hr\/wp-content\/uploads\/2020\/01\/U-\u0161koli-otvorene-kohezije-logo.png 380w, https:\/\/deseta-gimnazija.hr\/wp-content\/uploads\/2020\/01\/U-\u0161koli-otvorene-kohezije-logo-300x79.png 300w, https:\/\/deseta-gimnazija.hr\/wp-content\/uploads\/2020\/01\/U-\u0161koli-otvorene-kohezije-logo-230x61.png 230w, https:\/\/deseta-gimnazija.hr\/wp-content\/uploads\/2020\/01\/U-\u0161koli-otvorene-kohezije-logo-350x92.png 350w\" sizes=\"(max-width: 380px) 100vw, 380px\" \/><\/p>\n<p>&nbsp;<\/p>\n<p>Pozivamo u\u010denike prvih, drugih i tre\u0107ih razreda da se prijave za sudjelovanje u projektu \u201eU \u0161koli otvorene kohezije\u201c. Cilj projekta je poticanje kulture aktivnog gra\u0111anstva i podizanje svijesti u\u010denika srednjih \u0161kola o kohezijskoj politici i EU projektima.<\/p>\n<p>U\u010denici \u0107e, uz pomo\u0107 profesora mentora, odabrati jedan projekt u svojoj zajednici koji je sufinanciran sredstvima fondova Europske unije, istra\u017eiti \u0107e kako se ta sredstva koriste te \u0107e projekt predstaviti kroz kreativni video uradak.<\/p>\n<p>Najuspje\u0161nija grupa za nagradu posjetit \u0107e Bruxelles u organizaciji Europske komisije za vrijeme \u201eEU Regions Week 2020\u201c.<\/p>\n<p>U sklopu prijave potrebno je ispuniti Prijavni obrazac i dostaviti ga u u\u010deni\u010dku referadu do 24.1.2020.<\/p>\n<p>&nbsp;<\/p>\n<p><strong>Prijavni obrazac<\/strong><br \/>\n<\/p>\n<p><a href=\"https:\/\/deseta-gimnazija.hr\/?attachment_id=5633\" rel=\"attachment wp-att-5633\">Preuzmi (.doc)<\/a><\/p>\n","protected":false},"excerpt":{"rendered":"<p>&nbsp; Pozivamo u\u010denike prvih, drugih i tre\u0107ih razreda da se prijave za sudjelovanje u projektu \u201eU \u0161koli otvorene kohezije\u201c. Cilj projekta je poticanje kulture aktivnog gra\u0111anstva i podizanje svijesti u\u010denika srednjih \u0161kola o kohezijskoj politici i EU projektima. U\u010denici \u0107e, uz pomo\u0107 profesora mentora, odabrati jedan projekt u svojoj zajednici koji je sufinanciran sredstvima fondova [&hellip;]<\/p>\n","protected":false},"author":4,"featured_media":0,"parent":0,"menu_order":0,"comment_status":"closed","ping_status":"closed","template":"","meta":{"ngg_post_thumbnail":0,"footnotes":""},"_links":{"self":[{"href":"https:\/\/deseta-gimnazija.hr\/index.php?rest_route=\/wp\/v2\/pages\/6376"}],"collection":[{"href":"https:\/\/deseta-gimnazija.hr\/index.php?rest_route=\/wp\/v2\/pages"}],"about":[{"href":"https:\/\/deseta-gimnazija.hr\/index.php?rest_route=\/wp\/v2\/types\/page"}],"author":[{"embeddable":true,"href":"https:\/\/deseta-gimnazija.hr\/index.php?rest_route=\/wp\/v2\/users\/4"}],"replies":[{"embeddable":true,"href":"https:\/\/deseta-gimnazija.hr\/index.php?rest_route=%2Fwp%2Fv2%2Fcomments&post=6376"}],"version-history":[{"count":4,"href":"https:\/\/deseta-gimnazija.hr\/index.php?rest_route=\/wp\/v2\/pages\/6376\/revisions"}],"predecessor-version":[{"id":8234,"href":"https:\/\/deseta-gimnazija.hr\/index.php?rest_route=\/wp\/v2\/pages\/6376\/revisions\/8234"}],"wp:attachment":[{"href":"https:\/\/deseta-gimnazija.hr\/index.php?rest_route=%2Fwp%2Fv2%2Fmedia&parent=6376"}],"curies":[{"name":"wp","href":"https:\/\/api.w.org\/{rel}","templated":true}]}}