{"id":6361,"date":"2020-05-13T06:06:24","date_gmt":"2020-05-13T05:06:24","guid":{"rendered":"https:\/\/deseta-gimnazija.hr\/?page_id=6361"},"modified":"2020-05-13T11:21:56","modified_gmt":"2020-05-13T10:21:56","slug":"terensko-pracenje-projekta","status":"publish","type":"page","link":"https:\/\/deseta-gimnazija.hr\/?page_id=6361","title":{"rendered":"&#8220;Terensko pra\u0107enje&#8221; projekta"},"content":{"rendered":"<p><img loading=\"lazy\" decoding=\"async\" class=\"alignnone size-full wp-image-6401\" src=\"https:\/\/deseta-gimnazija.hr\/wp-content\/uploads\/2020\/05\/BioX-grupna-fotka-Zoom.jpg\" alt=\"\" width=\"1289\" height=\"729\" srcset=\"https:\/\/deseta-gimnazija.hr\/wp-content\/uploads\/2020\/05\/BioX-grupna-fotka-Zoom.jpg 1289w, https:\/\/deseta-gimnazija.hr\/wp-content\/uploads\/2020\/05\/BioX-grupna-fotka-Zoom-300x170.jpg 300w, https:\/\/deseta-gimnazija.hr\/wp-content\/uploads\/2020\/05\/BioX-grupna-fotka-Zoom-768x434.jpg 768w, https:\/\/deseta-gimnazija.hr\/wp-content\/uploads\/2020\/05\/BioX-grupna-fotka-Zoom-1024x579.jpg 1024w, https:\/\/deseta-gimnazija.hr\/wp-content\/uploads\/2020\/05\/BioX-grupna-fotka-Zoom-830x469.jpg 830w, https:\/\/deseta-gimnazija.hr\/wp-content\/uploads\/2020\/05\/BioX-grupna-fotka-Zoom-230x130.jpg 230w, https:\/\/deseta-gimnazija.hr\/wp-content\/uploads\/2020\/05\/BioX-grupna-fotka-Zoom-350x198.jpg 350w, https:\/\/deseta-gimnazija.hr\/wp-content\/uploads\/2020\/05\/BioX-grupna-fotka-Zoom-480x271.jpg 480w\" sizes=\"(max-width: 1289px) 100vw, 1289px\" \/><\/p>\n<p>U okviru pra\u0107enja projekta bilo je predvi\u0111eno terensko pra\u0107enje koje u\u010denici, zbog mjera uzrokovanih epidemijom koronavirusa, nisu mogli fizi\u010dki provesti no uspjeli su to u\u010diniti u virtualnom okru\u017eenju. U\u010denici su tako uspjeli napraviti intervju s prof. Zlatkom \u0160atovi\u0107em, voditeljem cjelokupnoga projekta Bioraznolikost i molekularno oplemenjivanje bilja, prof. Domagojem \u0160imi\u0107em, voditeljem elementa projekta EP01 Kukuruz, prof. Smiljanom Goreta Ban, voditeljicom elementa projekta Diseminacija i&nbsp; \u010dlanicom elementa projekta EP06 Kupusnja\u010de i lukovi, prof. Zlatkom Liberom, voditeljem elementa projekta EP08 Dalmatinski buha\u010d i kadulja i &nbsp;doktorandicom Anom Nimac, suradnicom na elementu projekta EP07 Grah. Bez obzira na COVID-19, projekt se nastavlja i planira zavr\u0161iti u predvi\u0111enom roku.<\/p>\n<p>Uz direktne suradnike na projektu ostvarili smo suradnju i s korisnicima usluga projekta, lokalnim politi\u010dkim predstavnicima, s novinarima i predstavnicima \u0161ire javnosti. Ovo se neke od osoba s kojima smo podijelili informacije prikupljene tijekom projektnih aktivnosti:<\/p>\n<table width=\"613\">\n<tbody>\n<tr>\n<td width=\"140\"><strong>Suradnik<\/strong><\/td>\n<td width=\"170\"><strong>Uloga<\/strong><\/td>\n<td width=\"302\"><strong>Organizacija<\/strong><\/td>\n<\/tr>\n<tr>\n<td width=\"140\">1. Ines Kos<\/td>\n<td width=\"170\">Regionalni koordinator<\/td>\n<td width=\"302\">Razvojna agencija Zagreb za koordinaciju i poticanje regionalnog razvoja<\/td>\n<\/tr>\n<tr>\n<td width=\"140\">2. Ivan Vin\u0161\u0107ak<\/td>\n<td width=\"170\">Regionalni koordinator<\/td>\n<td width=\"302\">Razvojna agencija Zagreb za koordinaciju i poticanje regionalnog razvoja<\/td>\n<\/tr>\n<tr>\n<td width=\"140\">3. Eugen Vukovi\u0107<\/td>\n<td width=\"170\">Koordinator udruge<\/td>\n<td width=\"302\">Udruga Zelena akcija<\/td>\n<\/tr>\n<tr>\n<td width=\"140\">4. Tajana Matasovi\u0107<\/td>\n<td width=\"170\">Profesor<\/td>\n<td width=\"302\">Udruga Permakultura<\/td>\n<\/tr>\n<tr>\n<td width=\"140\">5. Bruno Motik<\/td>\n<td width=\"170\">Tajnik udruge<\/td>\n<td width=\"302\">Udruga Zelena Mre\u017ea Aktivisti\u010dkih Grupa (ZMAG)<\/td>\n<\/tr>\n<tr>\n<td width=\"140\">6. Sendy Osmi\u010devi\u0107<\/td>\n<td width=\"170\">Voditeljica dru\u0161tvene banke sjemena<\/td>\n<td width=\"302\">Udruga Zelena Mre\u017ea Aktivisti\u010dkih Grupa (ZMAG)<\/td>\n<\/tr>\n<tr>\n<td width=\"140\">7. Ana Matijevi\u0107<\/td>\n<td width=\"170\">Pro\u010delnica ureda<\/td>\n<td width=\"302\">Gradski kontrolni ured &#8211; Grad Zagreb<\/td>\n<\/tr>\n<tr>\n<td width=\"140\">8. Emil Tuk<\/td>\n<td width=\"170\">Pro\u010delnik ureda<\/td>\n<td width=\"302\">Gradski ured za poljoprivredu i \u0161umarstvo &#8211; Grad Zagreb<\/td>\n<\/tr>\n<tr>\n<td width=\"140\">9. Iva \u010cogelja<\/td>\n<td width=\"170\">Stru\u010dnjakinja za EU fondove i novinarka<\/td>\n<td width=\"302\">PRIUS Consulting<\/td>\n<\/tr>\n<\/tbody>\n<\/table>\n<p>&nbsp;<\/p>\n<p>A kako je proteklo \u201eterensko pra\u0107enje\u201c projekta, mo\u017eete pogledati u filmu koji se nalazi na poveznici <a href=\"https:\/\/www.youtube.com\/watch?v=JIS-LV-VTjs\" target=\"_blank\" rel=\"noopener\">https:\/\/www.youtube.com\/watch?v=JIS-LV-VTjs<\/a>.<\/p>\n","protected":false},"excerpt":{"rendered":"<p>U okviru pra\u0107enja projekta bilo je predvi\u0111eno terensko pra\u0107enje koje u\u010denici, zbog mjera uzrokovanih epidemijom koronavirusa, nisu mogli fizi\u010dki provesti no uspjeli su to u\u010diniti u virtualnom okru\u017eenju. U\u010denici su tako uspjeli napraviti intervju s prof. Zlatkom \u0160atovi\u0107em, voditeljem cjelokupnoga projekta Bioraznolikost i molekularno oplemenjivanje bilja, prof. Domagojem \u0160imi\u0107em, voditeljem elementa projekta EP01 Kukuruz, prof. [&hellip;]<\/p>\n","protected":false},"author":4,"featured_media":0,"parent":0,"menu_order":0,"comment_status":"closed","ping_status":"closed","template":"","meta":{"ngg_post_thumbnail":0,"footnotes":""},"_links":{"self":[{"href":"https:\/\/deseta-gimnazija.hr\/index.php?rest_route=\/wp\/v2\/pages\/6361"}],"collection":[{"href":"https:\/\/deseta-gimnazija.hr\/index.php?rest_route=\/wp\/v2\/pages"}],"about":[{"href":"https:\/\/deseta-gimnazija.hr\/index.php?rest_route=\/wp\/v2\/types\/page"}],"author":[{"embeddable":true,"href":"https:\/\/deseta-gimnazija.hr\/index.php?rest_route=\/wp\/v2\/users\/4"}],"replies":[{"embeddable":true,"href":"https:\/\/deseta-gimnazija.hr\/index.php?rest_route=%2Fwp%2Fv2%2Fcomments&post=6361"}],"version-history":[{"count":5,"href":"https:\/\/deseta-gimnazija.hr\/index.php?rest_route=\/wp\/v2\/pages\/6361\/revisions"}],"predecessor-version":[{"id":6405,"href":"https:\/\/deseta-gimnazija.hr\/index.php?rest_route=\/wp\/v2\/pages\/6361\/revisions\/6405"}],"wp:attachment":[{"href":"https:\/\/deseta-gimnazija.hr\/index.php?rest_route=%2Fwp%2Fv2%2Fmedia&parent=6361"}],"curies":[{"name":"wp","href":"https:\/\/api.w.org\/{rel}","templated":true}]}}