{"id":6358,"date":"2020-05-13T06:05:42","date_gmt":"2020-05-13T05:05:42","guid":{"rendered":"https:\/\/deseta-gimnazija.hr\/?page_id=6358"},"modified":"2023-04-25T11:13:12","modified_gmt":"2023-04-25T10:13:12","slug":"bioraznolikost-i-molekularno-oplemenjivanje-bilja","status":"publish","type":"page","link":"https:\/\/deseta-gimnazija.hr\/?page_id=6358","title":{"rendered":"Bioraznolikost i molekularno oplemenjivanje bilja"},"content":{"rendered":"<p><img loading=\"lazy\" decoding=\"async\" class=\"alignnone size-full wp-image-6396\" src=\"https:\/\/deseta-gimnazija.hr\/wp-content\/uploads\/2020\/05\/biox-projekt-elementi.jpg\" alt=\"\" width=\"831\" height=\"641\" srcset=\"https:\/\/deseta-gimnazija.hr\/wp-content\/uploads\/2020\/05\/biox-projekt-elementi.jpg 831w, https:\/\/deseta-gimnazija.hr\/wp-content\/uploads\/2020\/05\/biox-projekt-elementi-300x231.jpg 300w, https:\/\/deseta-gimnazija.hr\/wp-content\/uploads\/2020\/05\/biox-projekt-elementi-768x592.jpg 768w, https:\/\/deseta-gimnazija.hr\/wp-content\/uploads\/2020\/05\/biox-projekt-elementi-830x640.jpg 830w, https:\/\/deseta-gimnazija.hr\/wp-content\/uploads\/2020\/05\/biox-projekt-elementi-230x177.jpg 230w, https:\/\/deseta-gimnazija.hr\/wp-content\/uploads\/2020\/05\/biox-projekt-elementi-350x270.jpg 350w, https:\/\/deseta-gimnazija.hr\/wp-content\/uploads\/2020\/05\/biox-projekt-elementi-480x370.jpg 480w\" sizes=\"(max-width: 831px) 100vw, 831px\" \/><\/p>\n<p>Tim u\u010denika X. gimnazije Ivan Supek BioX odabrao je pratiti projekt Bioraznolikost i molekularno oplemenjivanje bilja. Projekt &nbsp;provodi Agronomski fakultet iz Zagreba u suradnji s Institutom za poljoprivredu i turizam iz Pore\u010da, Prirodoslovno-matemati\u010dkim fakultetom iz Zagreba, Poljoprivrednim institutom iz Osijeka, Institutom za jadranske kulture i melioraciju kr\u0161a iz Splita te Poljoprivrednim fakultetom iz Osijeka. U ovom projektu provode se procesi genotipizacije i fenotipizacije na deset biljaka kako bi se dobili novi kultivari za budu\u0107i kvalitetniji uzgoj. Projekt nadzire Znanstveni centar izvrsnosti za bioraznolikost i molekularno oplemenjivanje bilja, a biljke na kojima se provede istra\u017eivanja su soja, kukuruz, p\u0161enica, kadulja, dalmatinski buha\u010d, grah, maslina, vinova loza, kupusnja\u010de i lukovi. Cilj projekta je stvaranje novih saznanja u svrhu unapre\u0111enja sustava visokog obrazovanja, uklju\u010divanja u Europski istra\u017eiva\u010dki prostor te poticanja oplemenjivanja bilja i sjemenarstva kao strate\u0161kog sektora poljoprivrede u RH. Transfer znanja imati \u0107e tako pozitivan u\u010dinak na razvitak nacionalne industrije sjemena i sadnog materijala te time i na razvitak prehrambene industrije. Projektu su dodjeljena sredstva u iznosu od 37.511.157,82 kuna.<\/p>\n<p><img loading=\"lazy\" decoding=\"async\" class=\"alignnone size-full wp-image-6399\" src=\"https:\/\/deseta-gimnazija.hr\/wp-content\/uploads\/2020\/05\/Bioraznolikost-i-mob.jpg\" alt=\"\" width=\"1327\" height=\"721\" srcset=\"https:\/\/deseta-gimnazija.hr\/wp-content\/uploads\/2020\/05\/Bioraznolikost-i-mob.jpg 1327w, https:\/\/deseta-gimnazija.hr\/wp-content\/uploads\/2020\/05\/Bioraznolikost-i-mob-300x163.jpg 300w, https:\/\/deseta-gimnazija.hr\/wp-content\/uploads\/2020\/05\/Bioraznolikost-i-mob-768x417.jpg 768w, https:\/\/deseta-gimnazija.hr\/wp-content\/uploads\/2020\/05\/Bioraznolikost-i-mob-1024x556.jpg 1024w, https:\/\/deseta-gimnazija.hr\/wp-content\/uploads\/2020\/05\/Bioraznolikost-i-mob-830x451.jpg 830w, https:\/\/deseta-gimnazija.hr\/wp-content\/uploads\/2020\/05\/Bioraznolikost-i-mob-230x125.jpg 230w, https:\/\/deseta-gimnazija.hr\/wp-content\/uploads\/2020\/05\/Bioraznolikost-i-mob-350x190.jpg 350w, https:\/\/deseta-gimnazija.hr\/wp-content\/uploads\/2020\/05\/Bioraznolikost-i-mob-480x261.jpg 480w\" sizes=\"(max-width: 1327px) 100vw, 1327px\" \/><\/p>\n<p>Vi\u0161e o projektu Bioraznolikost i molekularno oplemenjivanje bilja mo\u017eete pogledati na slu\u017ebenoj stranici projekta <a href=\"http:\/\/biodiv.iptpo.hr\/hr\/bioraznolikost-i-molekularno-oplemenjivanje-bilja\/\" target=\"_blank\" rel=\"noopener\">http:\/\/biodiv.iptpo.hr\/hr\/bioraznolikost-i-molekularno-oplemenjivanje-bilja\/<\/a>.<\/p>\n","protected":false},"excerpt":{"rendered":"<p>Tim u\u010denika X. gimnazije Ivan Supek BioX odabrao je pratiti projekt Bioraznolikost i molekularno oplemenjivanje bilja. Projekt &nbsp;provodi Agronomski fakultet iz Zagreba u suradnji s Institutom za poljoprivredu i turizam iz Pore\u010da, Prirodoslovno-matemati\u010dkim fakultetom iz Zagreba, Poljoprivrednim institutom iz Osijeka, Institutom za jadranske kulture i melioraciju kr\u0161a iz Splita te Poljoprivrednim fakultetom iz Osijeka. U [&hellip;]<\/p>\n","protected":false},"author":4,"featured_media":0,"parent":0,"menu_order":0,"comment_status":"closed","ping_status":"closed","template":"","meta":{"ngg_post_thumbnail":0,"footnotes":""},"_links":{"self":[{"href":"https:\/\/deseta-gimnazija.hr\/index.php?rest_route=\/wp\/v2\/pages\/6358"}],"collection":[{"href":"https:\/\/deseta-gimnazija.hr\/index.php?rest_route=\/wp\/v2\/pages"}],"about":[{"href":"https:\/\/deseta-gimnazija.hr\/index.php?rest_route=\/wp\/v2\/types\/page"}],"author":[{"embeddable":true,"href":"https:\/\/deseta-gimnazija.hr\/index.php?rest_route=\/wp\/v2\/users\/4"}],"replies":[{"embeddable":true,"href":"https:\/\/deseta-gimnazija.hr\/index.php?rest_route=%2Fwp%2Fv2%2Fcomments&post=6358"}],"version-history":[{"count":5,"href":"https:\/\/deseta-gimnazija.hr\/index.php?rest_route=\/wp\/v2\/pages\/6358\/revisions"}],"predecessor-version":[{"id":11011,"href":"https:\/\/deseta-gimnazija.hr\/index.php?rest_route=\/wp\/v2\/pages\/6358\/revisions\/11011"}],"wp:attachment":[{"href":"https:\/\/deseta-gimnazija.hr\/index.php?rest_route=%2Fwp%2Fv2%2Fmedia&parent=6358"}],"curies":[{"name":"wp","href":"https:\/\/api.w.org\/{rel}","templated":true}]}}