{"id":6355,"date":"2020-05-13T06:04:10","date_gmt":"2020-05-13T05:04:10","guid":{"rendered":"https:\/\/deseta-gimnazija.hr\/?page_id=6355"},"modified":"2023-04-25T11:12:28","modified_gmt":"2023-04-25T10:12:28","slug":"biox-tim","status":"publish","type":"page","link":"https:\/\/deseta-gimnazija.hr\/?page_id=6355","title":{"rendered":"BioX tim"},"content":{"rendered":"<p>U\u010denici X. gimnazije Ivan Supek&nbsp; zapo\u010deli su provedbu projekta \u201eU \u0161koli otvorene kohezije \u2013 At the School of Open Cohesion, ASOC\u201c. Projekt organizira Ministarstvo regionalnog razvoja i fondova Europske unije.<\/p>\n<p>U projektu sudjeluje pet \u0161kola iz Hrvatske:<\/p>\n<ol>\n<li>X. gimnazija Ivan Supek iz Zagreba<\/li>\n<li>Srednja \u0161kola Obrovac iz Obrovca<\/li>\n<li>Gimnazija Franje Petri\u0107a iz Zadra<\/li>\n<li>Gimnazija Gospi\u0107 iz Gospi\u0107a<\/li>\n<li>Gimnazija Nova Gradi\u0161ka iz Nove Gradi\u0161ke.<\/li>\n<\/ol>\n<p>Tim od 30 u\u010denika i dvije profesorice iz X. gimnazije Ivan Supek&nbsp; odabrao je&nbsp; za sebe ime BioX.<\/p>\n<p>Dizajneri na\u0161eg tima uz podr\u0161ku ostalih u\u010denika izradili su logo projekta:<\/p>\n<p><img loading=\"lazy\" decoding=\"async\" class=\"size-full wp-image-6384 aligncenter\" src=\"https:\/\/deseta-gimnazija.hr\/wp-content\/uploads\/2020\/05\/biox-logo.jpg\" alt=\"\" width=\"754\" height=\"356\" srcset=\"https:\/\/deseta-gimnazija.hr\/wp-content\/uploads\/2020\/05\/biox-logo.jpg 754w, https:\/\/deseta-gimnazija.hr\/wp-content\/uploads\/2020\/05\/biox-logo-300x142.jpg 300w, https:\/\/deseta-gimnazija.hr\/wp-content\/uploads\/2020\/05\/biox-logo-230x109.jpg 230w, https:\/\/deseta-gimnazija.hr\/wp-content\/uploads\/2020\/05\/biox-logo-350x165.jpg 350w, https:\/\/deseta-gimnazija.hr\/wp-content\/uploads\/2020\/05\/biox-logo-480x227.jpg 480w\" sizes=\"(max-width: 754px) 100vw, 754px\" \/><\/p>\n<p>&nbsp;<\/p>\n<p><strong>ASOC ZID \u2013 BioX \u2013 na\u0161a radna povr\u0161ina<\/strong><\/p>\n<p>Na\u0161 PLAKAT napravljen na po\u010detku projekta uvijek nam je na dohvat ruke na kojem bilje\u017eimo napredak na\u0161eg istra\u017eivanja.<\/p>\nngg_shortcode_0_placeholder\n","protected":false},"excerpt":{"rendered":"<p>U\u010denici X. gimnazije Ivan Supek&nbsp; zapo\u010deli su provedbu projekta \u201eU \u0161koli otvorene kohezije \u2013 At the School of Open Cohesion, ASOC\u201c. Projekt organizira Ministarstvo regionalnog razvoja i fondova Europske unije. U projektu sudjeluje pet \u0161kola iz Hrvatske: X. gimnazija Ivan Supek iz Zagreba Srednja \u0161kola Obrovac iz Obrovca Gimnazija Franje Petri\u0107a iz Zadra Gimnazija Gospi\u0107 [&hellip;]<\/p>\n","protected":false},"author":4,"featured_media":0,"parent":0,"menu_order":0,"comment_status":"closed","ping_status":"closed","template":"","meta":{"ngg_post_thumbnail":0,"footnotes":""},"_links":{"self":[{"href":"https:\/\/deseta-gimnazija.hr\/index.php?rest_route=\/wp\/v2\/pages\/6355"}],"collection":[{"href":"https:\/\/deseta-gimnazija.hr\/index.php?rest_route=\/wp\/v2\/pages"}],"about":[{"href":"https:\/\/deseta-gimnazija.hr\/index.php?rest_route=\/wp\/v2\/types\/page"}],"author":[{"embeddable":true,"href":"https:\/\/deseta-gimnazija.hr\/index.php?rest_route=\/wp\/v2\/users\/4"}],"replies":[{"embeddable":true,"href":"https:\/\/deseta-gimnazija.hr\/index.php?rest_route=%2Fwp%2Fv2%2Fcomments&post=6355"}],"version-history":[{"count":6,"href":"https:\/\/deseta-gimnazija.hr\/index.php?rest_route=\/wp\/v2\/pages\/6355\/revisions"}],"predecessor-version":[{"id":11010,"href":"https:\/\/deseta-gimnazija.hr\/index.php?rest_route=\/wp\/v2\/pages\/6355\/revisions\/11010"}],"wp:attachment":[{"href":"https:\/\/deseta-gimnazija.hr\/index.php?rest_route=%2Fwp%2Fv2%2Fmedia&parent=6355"}],"curies":[{"name":"wp","href":"https:\/\/api.w.org\/{rel}","templated":true}]}}