{"id":631,"date":"2018-03-14T13:27:43","date_gmt":"2018-03-14T12:27:43","guid":{"rendered":"https:\/\/deseta-gimnazija.hr\/?page_id=631"},"modified":"2022-12-06T20:59:42","modified_gmt":"2022-12-06T19:59:42","slug":"debatni-klub","status":"publish","type":"page","link":"https:\/\/deseta-gimnazija.hr\/?page_id=631","title":{"rendered":"Debatni klub"},"content":{"rendered":"<p><strong>Debatni klub, voditeljica Marijana Stojanov, prof.<\/strong><\/p>\n<p>Debatni klub X. gimnazije od 2002. godine okuplja u\u010denike s ciljem poticanja me\u0111usobne komunikacije, argumentiranog izno\u0161enja vlastitih mi\u0161ljenja i stavova te uva\u017eavanja druga\u010dijih mi\u0161ljenja. U\u010denici sami predla\u017eu teme debate te kroz radionice i skupne susrete razvijaju strategije kriti\u010dkog mi\u0161ljenja i javnog komuniciranja. \u010clanovi debatnog kluba sudjeluju na srednjo\u0161kolskim debatnim turnirima i natjecanjima debatne lige, a dosad su svake godine sudjelovali i na Dr\u017eavnom natjecanju u debati s iznimno dobrim rezultatima. Na\u0161a \u0161kola doma\u0107in je \u017dupanijskog natjecanja iz debate.<\/p>\n","protected":false},"excerpt":{"rendered":"<p>Debatni klub, voditeljica Marijana Stojanov, prof. Debatni klub X. gimnazije od 2002. godine okuplja u\u010denike s ciljem poticanja me\u0111usobne komunikacije, argumentiranog izno\u0161enja vlastitih mi\u0161ljenja i stavova te uva\u017eavanja druga\u010dijih mi\u0161ljenja. U\u010denici sami predla\u017eu teme debate te kroz radionice i skupne susrete razvijaju strategije kriti\u010dkog mi\u0161ljenja i javnog komuniciranja. \u010clanovi debatnog kluba sudjeluju na srednjo\u0161kolskim debatnim [&hellip;]<\/p>\n","protected":false},"author":2,"featured_media":0,"parent":0,"menu_order":0,"comment_status":"closed","ping_status":"closed","template":"","meta":{"ngg_post_thumbnail":0,"footnotes":""},"_links":{"self":[{"href":"https:\/\/deseta-gimnazija.hr\/index.php?rest_route=\/wp\/v2\/pages\/631"}],"collection":[{"href":"https:\/\/deseta-gimnazija.hr\/index.php?rest_route=\/wp\/v2\/pages"}],"about":[{"href":"https:\/\/deseta-gimnazija.hr\/index.php?rest_route=\/wp\/v2\/types\/page"}],"author":[{"embeddable":true,"href":"https:\/\/deseta-gimnazija.hr\/index.php?rest_route=\/wp\/v2\/users\/2"}],"replies":[{"embeddable":true,"href":"https:\/\/deseta-gimnazija.hr\/index.php?rest_route=%2Fwp%2Fv2%2Fcomments&post=631"}],"version-history":[{"count":1,"href":"https:\/\/deseta-gimnazija.hr\/index.php?rest_route=\/wp\/v2\/pages\/631\/revisions"}],"predecessor-version":[{"id":10260,"href":"https:\/\/deseta-gimnazija.hr\/index.php?rest_route=\/wp\/v2\/pages\/631\/revisions\/10260"}],"wp:attachment":[{"href":"https:\/\/deseta-gimnazija.hr\/index.php?rest_route=%2Fwp%2Fv2%2Fmedia&parent=631"}],"curies":[{"name":"wp","href":"https:\/\/api.w.org\/{rel}","templated":true}]}}