{"id":6177,"date":"2020-04-27T14:56:34","date_gmt":"2020-04-27T13:56:34","guid":{"rendered":"https:\/\/deseta-gimnazija.hr\/?page_id=6177"},"modified":"2020-05-05T12:16:39","modified_gmt":"2020-05-05T11:16:39","slug":"jedimo-zdravo-smoothie-challenge","status":"publish","type":"page","link":"https:\/\/deseta-gimnazija.hr\/?page_id=6177","title":{"rendered":"Jedimo zdravo &#8211; smoothie challenge"},"content":{"rendered":"<p><img loading=\"lazy\" decoding=\"async\" class=\"alignnone size-full wp-image-6166\" src=\"https:\/\/deseta-gimnazija.hr\/wp-content\/uploads\/2020\/04\/smoothie-THE-FOTKA.jpg\" alt=\"\" width=\"1127\" height=\"625\" srcset=\"https:\/\/deseta-gimnazija.hr\/wp-content\/uploads\/2020\/04\/smoothie-THE-FOTKA.jpg 1127w, https:\/\/deseta-gimnazija.hr\/wp-content\/uploads\/2020\/04\/smoothie-THE-FOTKA-300x166.jpg 300w, https:\/\/deseta-gimnazija.hr\/wp-content\/uploads\/2020\/04\/smoothie-THE-FOTKA-768x426.jpg 768w, https:\/\/deseta-gimnazija.hr\/wp-content\/uploads\/2020\/04\/smoothie-THE-FOTKA-1024x568.jpg 1024w, https:\/\/deseta-gimnazija.hr\/wp-content\/uploads\/2020\/04\/smoothie-THE-FOTKA-830x460.jpg 830w, https:\/\/deseta-gimnazija.hr\/wp-content\/uploads\/2020\/04\/smoothie-THE-FOTKA-230x128.jpg 230w, https:\/\/deseta-gimnazija.hr\/wp-content\/uploads\/2020\/04\/smoothie-THE-FOTKA-350x194.jpg 350w, https:\/\/deseta-gimnazija.hr\/wp-content\/uploads\/2020\/04\/smoothie-THE-FOTKA-480x266.jpg 480w\" sizes=\"(max-width: 1127px) 100vw, 1127px\" \/><\/p>\n<p>Dragi u\u010denici, zaposlenici i roditelji,<\/p>\n<p>pozivamo vas da se pridru\u017eite na\u0161em Smoothie Challengu putem facebook grupe&nbsp;<a href=\"https:\/\/www.facebook.com\/groups\/215496923035431\/\" target=\"_blank\" rel=\"noopener\">\u201eX. gimnazija \u201cIvan Supek\u201d \u2013 Smoothie Challenge u doba koronavirusa\u201c<\/a>.<\/p>\n<p>Kako je u ovo vrijeme izuzetno va\u017eno brinuti o svom mentalnom i fizi\u010dkom zdravlju pozivamo vas da se zajedno okupimo oko ovog izazova u kojem pripremamo smoothie sa svje\u017eim vo\u0107em i povr\u0107em koje se konzumira kao jutarnji obrok, a i druge zdrave obroke koje konzumiramo cijeli dan. Snimite fotografiju smothia ili video zapis kako ga pripremate i uz neku poruku objavite u facebook grupi.<\/p>\n<p>Briga o prehrani, a time konzumiranje vo\u0107a i povr\u0107a, &nbsp;jedan je od oblika samopodr\u0161ke i&nbsp; mo\u017ee pomo\u0107i da se \u0161to bolje nosimo s neizvjesno\u0161\u0107u s kojom se susre\u0107emo, a ujedno:<\/p>\n<ul>\n<li>oja\u010dava imunolo\u0161ki sustav<\/li>\n<li>poma\u017ee u koncentraciji i u\u010denju<\/li>\n<li>podi\u017ee nivo energije<\/li>\n<li>\u010disti ko\u017eu lica od akni<\/li>\n<li>poma\u017ee u odr\u017eavanju tonusa i tjelesne te\u017eine.<\/li>\n<\/ul>\n<p>Otkrijmo zajedno cijelu paletu boja u zdravom obroku!<\/p>\n<p>Dragi roditelji, vas posebno pozivamo da se uklju\u010dite u ovaj izazov kako biste i vi sebi osigurali samopodr\u0161ku koja nam je svima sada potrebna.<\/p>\n<p>Veselimo se dru\u017eenju i u virtualnom prostoru!<\/p>\n<p>Kako nam je izazov protekao do sada pogledajte u galeriji fotografija:<\/p>\nngg_shortcode_0_placeholder\n","protected":false},"excerpt":{"rendered":"<p>Dragi u\u010denici, zaposlenici i roditelji, pozivamo vas da se pridru\u017eite na\u0161em Smoothie Challengu putem facebook grupe&nbsp;\u201eX. gimnazija \u201cIvan Supek\u201d \u2013 Smoothie Challenge u doba koronavirusa\u201c. Kako je u ovo vrijeme izuzetno va\u017eno brinuti o svom mentalnom i fizi\u010dkom zdravlju pozivamo vas da se zajedno okupimo oko ovog izazova u kojem pripremamo smoothie sa svje\u017eim vo\u0107em [&hellip;]<\/p>\n","protected":false},"author":4,"featured_media":0,"parent":0,"menu_order":0,"comment_status":"closed","ping_status":"closed","template":"","meta":{"ngg_post_thumbnail":0,"footnotes":""},"_links":{"self":[{"href":"https:\/\/deseta-gimnazija.hr\/index.php?rest_route=\/wp\/v2\/pages\/6177"}],"collection":[{"href":"https:\/\/deseta-gimnazija.hr\/index.php?rest_route=\/wp\/v2\/pages"}],"about":[{"href":"https:\/\/deseta-gimnazija.hr\/index.php?rest_route=\/wp\/v2\/types\/page"}],"author":[{"embeddable":true,"href":"https:\/\/deseta-gimnazija.hr\/index.php?rest_route=\/wp\/v2\/users\/4"}],"replies":[{"embeddable":true,"href":"https:\/\/deseta-gimnazija.hr\/index.php?rest_route=%2Fwp%2Fv2%2Fcomments&post=6177"}],"version-history":[{"count":8,"href":"https:\/\/deseta-gimnazija.hr\/index.php?rest_route=\/wp\/v2\/pages\/6177\/revisions"}],"predecessor-version":[{"id":6288,"href":"https:\/\/deseta-gimnazija.hr\/index.php?rest_route=\/wp\/v2\/pages\/6177\/revisions\/6288"}],"wp:attachment":[{"href":"https:\/\/deseta-gimnazija.hr\/index.php?rest_route=%2Fwp%2Fv2%2Fmedia&parent=6177"}],"curies":[{"name":"wp","href":"https:\/\/api.w.org\/{rel}","templated":true}]}}