{"id":5625,"date":"2020-01-17T19:19:00","date_gmt":"2020-01-17T18:19:00","guid":{"rendered":"https:\/\/deseta-gimnazija.hr\/?page_id=5625"},"modified":"2025-01-16T15:27:07","modified_gmt":"2025-01-16T13:27:07","slug":"pravila-privatnosti","status":"publish","type":"page","link":"https:\/\/deseta-gimnazija.hr\/?page_id=5625","title":{"rendered":"Politika privatnosti"},"content":{"rendered":"<p>Ova Politika privatnosti utemeljena je na Op\u0107oj uredbi o za\u0161titi podataka (GDPR) i drugim zakonima koje ure\u0111uju za\u0161titu privatnosti pojedinca te poja\u0161njava koje osobne podatke prikupljamo, kako ih obra\u0111ujemo, koristimo i \u0161titimo, u koje ih svrhe, kao i va\u0161a prava povezana s va\u0161im podacima. Privatnost pojedinaca i za\u0161tita osobnih podataka temeljna su ljudska prava. Na\u0161a je du\u017enost brinuti se za privatnost pojedinaca \u010dije osobne podatke obra\u0111ujemo i pohranjujemo. Podaci su odgovornost te se moraju prikupljati i obra\u0111ivati samo kada je to nu\u017eno.<\/p>\n<p>X. gimnazija Ivan Supek dr\u017ei se sljede\u0107ih na\u010dela s ciljem za\u0161tite privatnosti svojih u\u010denika, njihovih roditelja ili skrbnika, na\u0161ih zaposlenika, suradnika i posjetitelja:<\/p>\n<p>&#8211; ne prikupljamo vi\u0161e informacija nego \u0161to je potrebno,<\/p>\n<p>&#8211; osobne podatke ne koristimo u svrhe koje nisu navedene,<\/p>\n<p>&#8211; ne \u010duvamo osobne podatke ako vi\u0161e nije potrebno,<\/p>\n<p>&#8211; nikada ne prodajemo, posu\u0111ujemo ili distribuiramo niti javno objavljujemo osobne podatke,<\/p>\n<p>&#8211; osobne podatke ne \u0161aljemo tre\u0107im stranama bez va\u0161eg znanja,<\/p>\n<p>&#8211; ne koristimo nikakvu automatiziranu obradu i dono\u0161enje odluka niti profiliranje,<\/p>\n<p>&#8211; osobne podatke ne prenosimo izvan EU\/EEA,<\/p>\n<p>&#8211; osobne podatke ne koristimo u svrhe koje nisu navedene,<\/p>\n<p>&#8211; kontinuirano osiguravamo da su osobni podaci sigurno pohranjeni.<\/p>\n<p>Ova Politika privatnosti, kao i na\u0161a internetska stranica, dizajnirana je sa svrhom osiguranja visoke razine za\u0161tite va\u0161ih osobnih podataka i va\u0161e privatnosti, te \u0107e se kontinuirano a\u017eurirati i unapre\u0111ivati. Nakon \u0161to pro\u010ditate ovu Politiku privatnosti, ukoliko budete imali pitanja o za\u0161titi osobnih podataka ili nam \u017eelite prenijeti svoje ideje i preporuke, molimo obratite nam se putem kontakta: Danijela Vuki\u0107, slu\u017ebenik za za\u0161titu, e-mail: <a href=\"mailto:danijela.vukic@skole.hr\">danijela.vukic@skole.hr<\/a><\/p>\n<p><strong>VODITELJ OBRADE <\/strong><\/p>\n<p>X. gimnazija Ivan Supek (dalje u tekstu: \u0160kola) nalazi se u ulozi voditelja obrade u odnosu na osobne podatke na\u0161ih u\u010denika, njihovih roditelja, zaposlenika, vanjskih suradnika te gostiju i posjetitelja. Uloga voditelja obrade jest odre\u0111ivanje svrhe i na\u010dina obrade osobnih podataka te briga o osiguravanju svih mjera sigurnosti va\u0161e privatnosti.<\/p>\n<p>Na\u0161i podaci: X. gimnazija Ivan Supek, Ulica Vjekoslava Klai\u0107a 7, 10000 Zagreb, Hrvatska<\/p>\n<p><strong>VA\u0160I PODACI KOJE PRIKUPLJAMO<\/strong><\/p>\n<p>U skladu sa Zakonom o odgoju i obrazovanju u osnovnoj i srednjoj \u0161koli te podzakonskim propisima, djelatnost srednjeg odgoja i obrazovanja obavlja se kao javna slu\u017eba.<\/p>\n<p>Na osnovi javnih ovlasti \u0160kola, izme\u0111u ostalog, obavlja sljede\u0107e poslove:<\/p>\n<p>&#8211; upisivanje podataka o odgojno-obrazovnom radu u zajedni\u010dki upisnik \u0161kolskih ustanova u elektroni\u010dkom obliku \u2013 e-Matica, za koju obradu je Ministarstvo znanosti i obrazovanja&nbsp;voditelj obrade, dok je istovremeno \u0160kola voditelj obrade za osobne podatke koje prikuplja,<\/p>\n<p>&#8211; upise i ispise vo\u0111enjem odgovaraju\u0107e evidencije i dokumentacije,<\/p>\n<p>&#8211; vrednovanje i ocjenjivanje u\u010denika te vo\u0111enje evidencija o vrednovanju i ocjenjivanju, kao i vo\u0111enje evidencija o u\u010deni\u010dkim postignu\u0107ima,<\/p>\n<p>&#8211; izricanje pedago\u0161kih mjera i vo\u0111enje evidencija o istima,<\/p>\n<p>&#8211; izdavanje javnih isprava i drugih potvrda,<\/p>\n<p>&#8211; provo\u0111enje sufinanciranog prijevoza u\u010denika,<\/p>\n<p>&#8211; vo\u0111enje evidencija posudbe i zadu\u017eivanja knjiga u \u0161kolskoj knji\u017enici.<\/p>\n<p>Prilikom obavljanja navedenih aktivnosti, \u0160kola u skladu s na\u010dinima i rokovima odre\u0111enima Zakonom o odgoju i obrazovanju u osnovnoj i srednjoj \u0161koli te drugim zakonima i pripadaju\u0107im podzakonskim propisima, prikuplja, obra\u0111uje i pohranjuje osobne podatke:<\/p>\n<p>&#8211; zaposlenika \u0160kole, pomo\u0107nika u nastavi i vanjskih suradnika,<\/p>\n<p>&#8211; u\u010denika \u0160kole i njihovih nositelja roditeljske odgovornosti,<\/p>\n<p>&#8211; \u010dlanova \u0160kolskog odbora, Nastavni\u010dkog vije\u0107a, Vije\u0107a roditelja i Vije\u0107a u\u010denika,<\/p>\n<p>&#8211; kandidata koji sudjeluju u postupku zapo\u0161ljavanja.<\/p>\n<p><strong>PRIKUPLJANJE PODATAKA U POSTUPKU ZAPO\u0160LJAVANJA<\/strong><\/p>\n<p>Kandidati na natje\u010daj za posao koji je raspisala \u0160kola imaju pravo uvida u natje\u010dajnu dokumentaciju izabranog kandidata, ali samo onu kojom se dokazuje ispunjavanje uvjeta natje\u010daja, dok u ostale podatke koje je dao odnosno naveo izabrani kandidat nemaju pravo uvida. Ako se kandidati pozivaju na razgovor putem obavijest na internetskoj stranici \u0160kole, navodi se njihovo puno ime i prezime. Poslodavac \u010duva i obra\u0111uje osobne podatke i dokumentaciju neizabranih kandidata za zasnivanje radnog odnosa \u0161est mjeseci od zasnivanja radnog odnosa s odabranim kandidatom ili od poni\u0161tenja javnog natje\u010daja, a u slu\u010daju sudskog spora do zavr\u0161etka spora. Istekom navedenih rokova, svi Va\u0161i osobni podaci kao kandidata (s prilo\u017eenom dokumentacijom) bit \u0107e trajno obrisani ili uni\u0161teni. Poslodavac \u010duva podatke o kandidatima za posao koji se jave sami bez da je poslodavac objavio natje\u010daj, odnosno oglas, ili prijavu Hrvatskom zavodu za zapo\u0161ljavanje, najdulje godinu dana. Nakon zavr\u0161etka natje\u010daja, \u0160kola \u0107e od izabranog kandidata prikupiti sve podatke potrebne za zasnivanje radnog odnosa, kao i za stjecanje, odnosno ispunjavanje materijalnih i nematerijalnih prava radnika, ukoliko je primjenjivo.<\/p>\n<p><strong>\u0160KOLSKI ODBOR<\/strong><\/p>\n<p>Temeljem zakonskih obveza iz Zakona o odgoju i obrazovanju u osnovnoj i srednjoj \u0161koli te zakonskih obveza prema osniva\u010du, \u0160kola prikuplja sljede\u0107e osobne podatke \u010dlanova \u0160kolskog odbora: ime i prezime, adresu i grad prebivali\u0161ta, broj telefona i e-mail adresu. Osobni podaci se \u010duvaju sukladno Zakonu o odgoju i obrazovanju u osnovnoj i srednjoj \u0161koli, Zakonu o ra\u010dunovodstvu, te ostalim primjenjivim propisima RH.<\/p>\n<p><strong>FOTOGRAFIJE, AUDIO I VIDEO ZAPISI <\/strong><\/p>\n<p>Osobni podaci u\u010denika, uklju\u010duju\u0107i i fotografije i audio i video zapise, prikupljeni u sklopu aktivnosti \u0160kole u skladu sa \u0160kolskim kurikulumom i Godi\u0161njim planom i programom rada javno se objavljuju na na\u0161im mre\u017enim stranicama i slu\u017ebenim stranicama \u0160kole na dru\u0161tvenim mre\u017eama, temeljem prethodno dane privole nositelja roditeljske odgovornosti ili u\u010denika tamo gdje je to potrebno.<\/p>\n<p><strong>INFORMACIJSKA SIGURNOST <\/strong><\/p>\n<p>Kada \u0160kola prikuplja informacije o Vama, osiguravamo da su va\u0161i osobni podaci za\u0161ti\u0107eni od slu\u010dajnog ili nezakonitog uni\u0161tenja, gubitka, izmjene, neovla\u0161tenog otkrivanja ili pristupa osobnim podacima koji se prenose, pohranjuju ili se na drugi na\u010din obra\u0111uju. To se provodi kroz odgovaraju\u0107e tehni\u010dke i organizacijske mjere koje osiguravaju sigurnost, cjelovitost i povjerljivost osobnih podataka.<\/p>\n<p><strong>MRE\u017dNA (WEB) STRANICA<\/strong><\/p>\n<p>Mre\u017enu stranicu \u0160kole mo\u017eete koristiti bez davanja bilo kakvih osobnih podataka. Nakon \u0161to nas kontaktirate putem na\u0161eg kontakt obrasca ili izravno putem na\u0161ih e-mail adresa, \u0160kola prikuplja informacije o vama. Informacije koje ispunite (osobne informacije kao \u0161to su va\u0161e ime i prezime, adresa e-po\u0161te) ili po\u0161aljete izravnom e-mail porukom bit \u0107e obra\u0111ene i pohranjene kako bismo vas mogli kontaktirati i odgovoriti na va\u0161 zahtjev. \u0160kola ne\u0107e dijeliti va\u0161e osobne podatke s bilo kojom neovla\u0161tenom tre\u0107om stranom niti \u0107e im dopustiti pristup. Podaci \u0107e biti kori\u0161teni isklju\u010divo u svrhe daljnjeg kontaktiranja i odgovora na va\u0161 upit te sigurno pohranjeni do trenutka kada zatra\u017eite brisanje. Ako ste mla\u0111i od 16 godina morate prilo\u017eiti suglasnost nositelja roditeljske odgovornosti prije davanja osobnih podataka. \u0160kola putem vlastite web stranice svjesno ne prikuplja osobne podatke djece mla\u0111e od 16 godina bez odgovaraju\u0107eg pristanka nositelja roditeljske odgovornosti. Ako ste mla\u0111i od 16 godina, molimo da nam ne \u0161aljete nikakve osobne podatke, uklju\u010duju\u0107i va\u0161e ime, adresu, broj telefona ili email adresu e-po\u0161te, bez pristanka roditelja ili skrbnika. U svakom slu\u010daju u kojem spoznamo kako smo prikupili ili primili osobne podatke djeteta mla\u0111eg od 16 godina, a bez privole nositelja roditeljske odgovornosti, takve podatke \u0107emo bez odlaganja obrisati. Ukoliko raspola\u017eete informacijom da su do nas do\u0161li podaci djeteta mla\u0111eg od 16 godina, molimo da nas kontaktirate na dolje navedene kontakte. Na\u0161e web stranice sadr\u017ee veze na druge web stranice i stranice na dru\u0161tvenim mre\u017eama, na njih se ne odnosi na\u0161a Politika privatnosti. Preporu\u010dujemo da pro\u010ditate uvjete za\u0161tite privatnosti svake mre\u017ene stranice i dru\u0161tvene mre\u017ee koju posjetite, a posebno gdje ostavljate podatke.<\/p>\n<p><strong>KOLA\u010cI\u0106I (COOKIES) <\/strong><\/p>\n<p>Kola\u010di\u0107i su male tekstualne datoteke postavljene na va\u0161em \u010dvrstom disku, koje poma\u017eu u pru\u017eanju prilago\u0111avanja su\u010delja internetskog preglednika. Postoji vi\u0161e vrsta kola\u010di\u0107a, npr. nu\u017eni, analiti\u010dki, marketin\u0161ki itd. Da bismo ispravno upravljali na\u0161om web stranicom, mi spremamo anonimne podatke u na\u0161im sustavima i pritom ne obra\u0111ujemo va\u0161e osobne podatke, ve\u0107 ih koristimo sa svrhom da na\u0161a mre\u017ena stranica pru\u017ei najbolje iskustvo za posjetitelje i kao u\u010dinkovit izvor potrebnih informacija. Po zavr\u0161etku posjeta na\u0161oj mre\u017enoj stranici, kola\u010di\u0107e mo\u017eete izbrisati iz va\u0161eg sustava.<\/p>\n<p><strong>OVLA\u0160TENI VANJSKI IZVR\u0160ITELJI OBRADE <\/strong><\/p>\n<p>Pristup va\u0161im osobnim podacima pru\u017eamo ovla\u0161tenim vanjskim izvr\u0161iteljima obrade u svrhu obrade osobnih podataka u ime \u0160kole, na temelju na\u0161ih izri\u010ditih uputa i putem sklopljenih ugovora koji osiguravaju visoku razinu za\u0161tite osobnih podataka. Ti su poslovni suradnici obvezni strogo po\u0161tivati obvezu povjerljivosti u skladu s ovom Politikom, s ugovorima koje smo s njima sklopili i u skladu s obvezama iz Op\u0107e uredbe o za\u0161titi podataka. U okviru svog djelovanja, \u0160kola koristi usluge poslovnih subjekata u svojstvu izvr\u0161itelja obrada koji obra\u0111uju osobne podatke zaposlenika, u\u010denika, nositelja roditeljske odgovornosti, vanjskih suradnika, pomo\u0107nika u nastavi, gostiju i posjetitelja za svrhe ispunjenja zakonskih obveza iz podru\u010dja odgoja i obrazovanja, za\u0161tite podataka, IT podr\u0161ke, odr\u017eavanja sustava video-nadzora te sigurne pohrane i obrade dokumentacije, kao i u svrhu provo\u0111enja aktivnosti u skladu sa \u0160kolskom kurikulumom i Godi\u0161njim planom i programom. Dio podataka razmjenjujemo i ustupamo temeljem zakonskih obveza tijelima javne vlasti poput Ministarstva znanosti i obrazovanja, Hrvatskog zavoda za zapo\u0161ljavanje, CARNeta, Sveu\u010dili\u0161nog ra\u010dunskog centra (SRCE) i sli\u010dno. Davanje pristupa podacima drugim pravnim ili fizi\u010dkim osobama uvijek je ograni\u010deno na mjeru nu\u017enu za postizanje svrhe za koju su podaci prikupljeni te se provodi sukladno va\u017ee\u0107oj regulativi. Istovremeno vam jam\u010dimo da u sklopu na\u0161ih obrada osobnih podataka ne dolazi do njihovog prijenosa u tre\u0107e zemlje izvan podru\u010dja Europske unije.<\/p>\n<p><strong>VA\u0160A PRAVA <\/strong><\/p>\n<p>U bilo kojem trenutku slobodni ste nas kontaktirati u svrhu:<\/p>\n<ol>\n<li>PRISTUPA svim osobnim podacima koje je \u0160kola prikupila o vama.<\/li>\n<\/ol>\n<p>&nbsp;&nbsp;&nbsp; \u0160kola se kao voditelj obrade obvezuje na temelju podnesenog pisanog zahtjeva korisnika, koji mo\u017ee biti i u obliku elektroni\u010dke po\u0161te, omogu\u0107iti pristup osobnim podacima koje obra\u0111uje o njima, informirati o svrsi obrade osobnih podataka u koju se obra\u0111uju, o vrsti osobnih podataka koji se obra\u0111uju, o primateljima ili kategorijama primatelja kojima su osobni podaci otkriveni ili \u0107e im biti otkriveni, o predvi\u0111enom vremenskom razdoblju obrade ili o kriterijima koji se koriste za utvr\u0111ivanje tog razdoblja.<\/p>\n<ol start=\"2\">\n<li>ISPRAVLJANJA osobnih podataka koje \u0160kola ima o vama.<\/li>\n<\/ol>\n<p>&nbsp;&nbsp; \u0160kola \u0107e kao voditelj obrade omogu\u0107iti ispravak neto\u010dnih osobnih podataka u svakom pojedinom slu\u010daju kada se utvrdi da prikupljeni osobni podaci o korisniku nisu to\u010dni ili je do\u0161lo do promjene podataka korisnika.<\/p>\n<ol start=\"3\">\n<li>BRISANJA osobnih podataka koje je \u0160kola prikupila o vama.<\/li>\n<\/ol>\n<p>&nbsp;&nbsp; \u0160kola \u0107e izvr\u0161iti brisanje osobnih podataka korisnika u sljede\u0107im slu\u010dajevima:<\/p>\n<ol>\n<li>kada osobni podaci korisnika vi\u0161e nisu nu\u017eni za ispunjenje svrhe obrade, odnosno prestankom svrhe obrade osim ako je posebnim zakonom propisano vremensko razdoblje<\/li>\n<\/ol>\n<ol start=\"2\">\n<li>\u010duvanja osobnih podataka (primjerice, kada je posebnim zakonom propisano kako se podaci \u010duvaju trajno),<\/li>\n<\/ol>\n<p>&nbsp; &nbsp; &nbsp; 3. kada korisnik povu\u010de privolu kao pravni temelj za obradu podataka, a ne postoji druga pravna osnova za obradu podataka,<\/p>\n<ol start=\"4\">\n<li>kada korisnik ulo\u017ei prigovor na obradu podataka,<\/li>\n<li>kada su osobni podaci nezakonito obra\u0111eni,<\/li>\n<li>kada se osobni podaci moraju brisati radi ispunjenja pravnih obveza iz prava Europske unije ili prave dr\u017eave \u010dlanice kojem podlije\u017ee voditelj obrade podataka.<\/li>\n<\/ol>\n<ol start=\"4\">\n<li>OGRANI\u010cAVANJA obrade va\u0161ih osobnih podataka od strane \u0160kole.<\/li>\n<\/ol>\n<p>&nbsp;&nbsp;&nbsp; \u0160kola \u0107e osigurati ograni\u010denje obrade osobnih podataka u slu\u010dajevima:<\/p>\n<ol>\n<li>kada korisnik osporava to\u010dnost podataka,<\/li>\n<li>kada je obrada nezakonita a korisnik se protivi brisanju podataka te umjesto toga tra\u017ei ograni\u010denje njihove uporabe,<\/li>\n<li>kada voditelj obrade vi\u0161e ne treba osobne podatke za potrebe obrade ali korisnik tra\u017ei podatke za ostvarenje pravnih zahtjeva,<\/li>\n<li>kao i u slu\u010daju kada korisnik ulo\u017ei prigovor na obradu osobnih podataka, uklju\u010duju\u0107i i izradu profila korisnika.<\/li>\n<\/ol>\n<p>&nbsp; &nbsp; &nbsp; &nbsp;5. PRIGOVORA na obradu va\u0161ih osobnih podataka od strane \u0160kole.<\/p>\n<p>&nbsp;&nbsp;&nbsp; Pravo na ulaganje prigovora Korisnik ima pravo na ulaganje prigovora na obradu osobnih podataka koji se odnose na njega ako se podaci ne obra\u0111uju temeljem zakonske osnove voditelja obrade. U tom slu\u010daju \u0160kola \u0107e, kao voditelj obrade, prestati obra\u0111ivati osobne podatke.<\/p>\n<ol start=\"6\">\n<li>PRIJENOSA va\u0161ih osobnih podataka kojima \u0160kola raspola\u017ee tre\u0107oj strani.<\/li>\n<\/ol>\n<p>&nbsp;&nbsp;&nbsp; Prenosivost osobnih podataka drugom voditelju obrade \u0160kola \u0107e provesti na zahtjev korisnika, pod uvjetom da je isti za takav prijenos dao svoju privolu, a obrada se provodi&nbsp;automatiziranim putem, kao i pod uvjetom da je takav prijenos tehni\u010dki izvediv.<\/p>\n<p>&nbsp;<\/p>\n<p>Ukoliko \u017eelite iskoristiti bilo koje od prethodno navedenih prava, budite nam se slobodni obratiti:<\/p>\n<p>&#8211; elektronskom po\u0161tom: <a href=\"mailto:danijela.vukic@skole.hr\">danijela.vukic@skole.hr<\/a><\/p>\n<p>&#8211; preporu\u010denim pismom na adresu \u0160kole: X. gimnazija Ivan Supek, Ulica Vjekoslava Klai\u0107a 7, 10000 Zagreb, s napomenom: za voditelja obrade podataka.<\/p>\n<p>Na va\u0161 \u0107emo zahtjev odgovoriti u najkra\u0107em mogu\u0107em roku, a najkasnije mjesec dana od primitka va\u0161eg zahtjeva. U slu\u010daju nemogu\u0107nosti sigurne potvrde va\u0161eg identiteta, zatra\u017eit \u0107emo dodatnu provjeru va\u0161eg identiteta.<\/p>\n<p><strong>PRAVO NA PODNO\u0160ENJE PRIGOVORA NADLE\u017dNOM TIJELU <\/strong><\/p>\n<p>U svakom trenutku mo\u017eete ulo\u017eiti prigovor izravno nadle\u017enom nadzornom tijelu, posebice u zemlji EU-a u kojoj imate uobi\u010dajeno boravi\u0161te, mjesto rada ili mjesto navodnog kr\u0161enja, ako smatrate da na\u0161a obrada va\u0161ih osobnih podataka nije zakonita. Izravni kontakti nadle\u017enog nadzornog tijela u Republici Hrvatskoj su:<\/p>\n<p>AGENCIJA ZA ZA\u0160TITU OSOBNIH PODATAKA (AZOP)<\/p>\n<p>Selska cesta 136 HR &#8211; 10 000 Zagreb<\/p>\n<p>Telefon: +385 1 4609 000 Fax: +385 1 4609 099<\/p>\n<p>e-mail: azop@azop.hr web: <a href=\"http:\/\/www.azop.hr\">http:\/\/www.azop.hr<\/a><\/p>\n<p>&nbsp;<\/p>\n<p><strong>UNAPRE\u0110IVANJE OVE POLITIKE PRIVATNOSTI <\/strong><\/p>\n<p>Zadr\u017eavamo pravo tekst ove Politike privatnosti povremeno prilago\u0111avati i unapre\u0111ivati, prije svega u svrhu po\u0161tivanja zakonskih promjena, odnosno promjena u svrhama i na\u010dinima obrade. Me\u0111utim, va\u0161a prava koja proizlaze iz ove Politike privatnosti ili iz odgovaraju\u0107ih zakonskih propisa ne\u0107emo ograni\u010davati. U slu\u010daju da do\u0111e do promjena koja mogu utjecati na va\u0161a prava, o tome \u0107emo vas obavijestiti pravovremeno i na prikladan na\u010din.<\/p>\n","protected":false},"excerpt":{"rendered":"<p>Ova Politika privatnosti utemeljena je na Op\u0107oj uredbi o za\u0161titi podataka (GDPR) i drugim zakonima koje ure\u0111uju za\u0161titu privatnosti pojedinca te poja\u0161njava koje osobne podatke prikupljamo, kako ih obra\u0111ujemo, koristimo i \u0161titimo, u koje ih svrhe, kao i va\u0161a prava povezana s va\u0161im podacima. Privatnost pojedinaca i za\u0161tita osobnih podataka temeljna su ljudska prava. Na\u0161a [&hellip;]<\/p>\n","protected":false},"author":4,"featured_media":0,"parent":0,"menu_order":0,"comment_status":"closed","ping_status":"closed","template":"","meta":{"ngg_post_thumbnail":0,"footnotes":""},"_links":{"self":[{"href":"https:\/\/deseta-gimnazija.hr\/index.php?rest_route=\/wp\/v2\/pages\/5625"}],"collection":[{"href":"https:\/\/deseta-gimnazija.hr\/index.php?rest_route=\/wp\/v2\/pages"}],"about":[{"href":"https:\/\/deseta-gimnazija.hr\/index.php?rest_route=\/wp\/v2\/types\/page"}],"author":[{"embeddable":true,"href":"https:\/\/deseta-gimnazija.hr\/index.php?rest_route=\/wp\/v2\/users\/4"}],"replies":[{"embeddable":true,"href":"https:\/\/deseta-gimnazija.hr\/index.php?rest_route=%2Fwp%2Fv2%2Fcomments&post=5625"}],"version-history":[{"count":2,"href":"https:\/\/deseta-gimnazija.hr\/index.php?rest_route=\/wp\/v2\/pages\/5625\/revisions"}],"predecessor-version":[{"id":13549,"href":"https:\/\/deseta-gimnazija.hr\/index.php?rest_route=\/wp\/v2\/pages\/5625\/revisions\/13549"}],"wp:attachment":[{"href":"https:\/\/deseta-gimnazija.hr\/index.php?rest_route=%2Fwp%2Fv2%2Fmedia&parent=5625"}],"curies":[{"name":"wp","href":"https:\/\/api.w.org\/{rel}","templated":true}]}}