{"id":5623,"date":"2020-01-17T19:48:49","date_gmt":"2020-01-17T18:48:49","guid":{"rendered":"https:\/\/deseta-gimnazija.hr\/?page_id=5623"},"modified":"2020-01-28T22:49:09","modified_gmt":"2020-01-28T21:49:09","slug":"izjava-o-kolacicima","status":"publish","type":"page","link":"https:\/\/deseta-gimnazija.hr\/?page_id=5623","title":{"rendered":"Izjava o kola\u010di\u0107ima"},"content":{"rendered":"<div class=\"cli_pg_page_contaner\">\n<h3>Izjava o kola\u010di\u0107ima (Cookie policy)<\/h3>\n<p>Ova web stranica koristi kola\u010di\u0107e za pobolj\u0161anje va\u0161eg iskustva tijekom navigacije po web mjestu. Od tih kola\u010di\u0107a oni kola\u010di\u0107i koji su kategorizirani kao neophodni pohranjuju se na va\u0161 preglednik jer su bitni za rad osnovnih funkcionalnosti web stranice. Koristimo i kola\u010di\u0107e tre\u0107e strane koji nam poma\u017eu u analiziranju i razumijevanju na\u010dina na koji koristite ovu web stranicu, za pohranu korisni\u010dkih preferencija i pru\u017eanje sadr\u017eaja i oglasa koji su relevantni za vas. Ti \u0107e se kola\u010di\u0107i pohraniti u va\u0161 preglednik samo uz va\u0161 pristanak. Tako\u0111er imate mogu\u0107nost isklju\u010divanja ovih kola\u010di\u0107a. Ali isklju\u010divanje nekih od ovih kola\u010di\u0107a mo\u017ee imati utjecaja na va\u0161e iskustvo pregledavanja.<\/p>\n<p>Ova Pravila o kola\u010di\u0107ima obja\u0161njavaju \u0161to su kola\u010di\u0107i i kako ih koristimo. Trebali biste pro\u010ditati ovo pravilo da biste shvatili \u0161to su kola\u010di\u0107i, kako ih koristimo, koje vrste kola\u010di\u0107a koristimo, tj. podatke koje prikupljamo pomo\u0107u kola\u010di\u0107a i kako se te informacije koriste te kako kontrolirati postavke kola\u010di\u0107a. Za dodatne informacije o tome kako koristimo, pohranjujemo i \u010duvamo va\u0161e osobne podatke, pogledajte na\u0161a Pravila privatnosti.<\/p>\n<p>Saznajte vi\u0161e o tome tko smo, kako nas mo\u017eete kontaktirati i kako obra\u0111ujemo osobne podatke u na\u0161im Pravilima privatnosti.<\/p>\n<div>\n<p><span class=\"tlid-translation translation\" lang=\"hr\"><span class=\"\" title=\"\">Va\u0161 pristanak odnosi se na domenu: <\/span><\/span>deseta-gimnazija.hr<\/p>\n<h3 style=\"text-align: center;\"><code><a role='button' tabindex='0' class=\"medium cli-plugin-button cli-plugin-main-button cli_settings_button\">Postavke kola\u010di\u0107a<\/a><\/code><\/h3>\n<p><strong>\u0160to su kola\u010di\u0107i?<\/strong><\/p>\n<p>Kola\u010di\u0107i (eng. Cookies) su kratke tekstualne datoteke koje se koriste za pohranu malih dijelova informacija. Kola\u010di\u0107i se pohranjuju na va\u0161 ure\u0111aj kada se web stranica u\u010dita u va\u0161 preglednik. Ovi kola\u010di\u0107i nam poma\u017eu osigurati da web stranica funkcionira ispravno, da bude sigurnija, da pru\u017ei bolje korisni\u010dko iskustvo, da razumijemo kako web mjesto radi, da analiziramo \u0161to funkcionira i \u0161to treba unaprijediti.<\/p>\n<\/div>\n<p><strong>Kako koristimo kola\u010di\u0107e?<\/strong><\/p>\n<p>Kao i ve\u0107ina internetskih usluga, na\u0161a web stranica koristi kola\u010di\u0107e prve i tre\u0107e strane u brojne svrhe. Kola\u010di\u0107i prve strane uglavnom su potrebni da web mjesto funkcionira na pravi na\u010din i ne prikupljaju se osobni podaci.<\/p>\n<p>Kola\u010di\u0107i tre\u0107e strane koji se upotrebljavaju na na\u0161oj web stranici uglavnom se koriste za razumijevanje izvedbe web mjesta, interakcije s na\u0161om web stranicom, odr\u017eavanje na\u0161ih usluga sigurnim, pru\u017eanje reklama koje su relevantne za vas, koje vam pru\u017eaju bolje korisni\u010dko iskustvo i poma\u017eu da ubrzate budu\u0107e interakcije s na\u0161om web stranicom.<\/p>\n<div>\n<p><strong>Koje vrste kola\u010di\u0107a koristimo?<\/strong><\/p>\n<p>Neophodno: Neki su kola\u010di\u0107i klju\u010dni kako biste mogli do\u017eivjeti potpunu funkcionalnost na\u0161e web stranice. Omogu\u0107uju nam odr\u017eavanje korisni\u010dkih sesija i sprje\u010davanje bilo kakvih sigurnosnih prijetnji, ne prikupljaju niti pohranjuju osobne podatke.<\/p>\n<p>Statistika: Ovi kola\u010di\u0107i pohranjuju informacije poput broja posjetitelja web stranice, broja jedinstvenih posjetitelja, koje su stranice posje\u0107ene, izvor posjete itd. Ovi nam podaci poma\u017eu da razumijemo i analiziramo uspje\u0161nost web stranice i potrebe za unaprje\u0111enjem.<\/p>\n<p>Funkcionalni: Ovi kola\u010di\u0107i poma\u017eu funkcionalnostima koji nisu od iznimnog zna\u010daja na na\u0161oj web stranici. Te funkcionalnosti uklju\u010duju ugradnju sadr\u017eaja poput videozapisa ili dijeljenje sadr\u017eaja na web mjestu na platformama dru\u0161tvenih medija.<\/p>\n<p>Postavke: Ovi kola\u010di\u0107i poma\u017eu nam da pohranimo va\u0161e postavke i postavke pretra\u017eivanja poput preferencija jezika, tako da imate bolje i efikasnije iskustvo budu\u0107ih posjeta web mjestu.<\/p>\n<p>Marketing: Na\u0161a web stranica prikazuje oglase. Ovi kola\u010di\u0107i koriste se za personaliziranje reklama koje vam prikazujemo kako bi vam one bile smislene. Ovi kola\u010di\u0107i tako\u0111er nam poma\u017eu da pratimo u\u010dinkovitost oglasnih kampanja. Informacije pohranjene u ovim kola\u010di\u0107ima tre\u0107i proizvo\u0111a\u010di oglasa mogu tako\u0111er koristiti za prikazivanje oglasa na ostalim web lokacijama u pregledniku.<\/p>\n<\/div>\n<div>\n<p><strong>Kako mogu kontrolirati postavke kola\u010di\u0107a?<\/strong><\/p>\n<p>Razli\u010diti preglednici pru\u017eaju razli\u010dite metode za blokiranje i brisanje kola\u010di\u0107a koje koriste web stranice. Mo\u017eete promijeniti postavke preglednika da biste blokirali ili izbrisali kola\u010di\u0107e.<\/p>\n<ul>\n<li><a href=\"https:\/\/support.google.com\/chrome\/answer\/95647?hl=en\" target=\"_blank\" rel=\"noopener\">Google Chrome<\/a><\/li>\n<li><a href=\"https:\/\/support.microsoft.com\/en-us\/kb\/260971\" target=\"_blank\" rel=\"noopener\">Internet Explorer<\/a><\/li>\n<li><a href=\"https:\/\/support.mozilla.org\/en-US\/kb\/cookies-information-websites-store-on-your-computer\" target=\"_blank\" rel=\"noopener\">Mozilla Firefox<\/a><\/li>\n<li><a href=\"https:\/\/support.apple.com\/kb\/PH5042?locale=en_US\" target=\"_blank\" rel=\"noopener\">Safari <\/a><\/li>\n<li><a href=\"http:\/\/www.opera.com\/help\" target=\"_blank\" rel=\"noopener\">Opera<\/a><\/li>\n<\/ul>\n<p>Da biste saznali vi\u0161e o upravljanju i brisanju kola\u010di\u0107a, posjetite&nbsp;<a href=\"https:\/\/en.wikipedia.org\/wiki\/HTTP_cookie\" target=\"_blank\" rel=\"nofollow noopener\">wikipedia.org<\/a>, <a href=\"http:\/\/www.allaboutcookies.org\/\" target=\"_blank\" rel=\"nofollow noopener\">www.allaboutcookies.org<\/a>.<\/p>\n<\/div>\n<\/div>\n","protected":false},"excerpt":{"rendered":"<p>Izjava o kola\u010di\u0107ima (Cookie policy) Ova web stranica koristi kola\u010di\u0107e za pobolj\u0161anje va\u0161eg iskustva tijekom navigacije po web mjestu. Od tih kola\u010di\u0107a oni kola\u010di\u0107i koji su kategorizirani kao neophodni pohranjuju se na va\u0161 preglednik jer su bitni za rad osnovnih funkcionalnosti web stranice. Koristimo i kola\u010di\u0107e tre\u0107e strane koji nam poma\u017eu u analiziranju i razumijevanju [&hellip;]<\/p>\n","protected":false},"author":4,"featured_media":0,"parent":0,"menu_order":0,"comment_status":"closed","ping_status":"closed","template":"","meta":{"ngg_post_thumbnail":0,"footnotes":""},"_links":{"self":[{"href":"https:\/\/deseta-gimnazija.hr\/index.php?rest_route=\/wp\/v2\/pages\/5623"}],"collection":[{"href":"https:\/\/deseta-gimnazija.hr\/index.php?rest_route=\/wp\/v2\/pages"}],"about":[{"href":"https:\/\/deseta-gimnazija.hr\/index.php?rest_route=\/wp\/v2\/types\/page"}],"author":[{"embeddable":true,"href":"https:\/\/deseta-gimnazija.hr\/index.php?rest_route=\/wp\/v2\/users\/4"}],"replies":[{"embeddable":true,"href":"https:\/\/deseta-gimnazija.hr\/index.php?rest_route=%2Fwp%2Fv2%2Fcomments&post=5623"}],"version-history":[{"count":1,"href":"https:\/\/deseta-gimnazija.hr\/index.php?rest_route=\/wp\/v2\/pages\/5623\/revisions"}],"predecessor-version":[{"id":8650,"href":"https:\/\/deseta-gimnazija.hr\/index.php?rest_route=\/wp\/v2\/pages\/5623\/revisions\/8650"}],"wp:attachment":[{"href":"https:\/\/deseta-gimnazija.hr\/index.php?rest_route=%2Fwp%2Fv2%2Fmedia&parent=5623"}],"curies":[{"name":"wp","href":"https:\/\/api.w.org\/{rel}","templated":true}]}}