{"id":531,"date":"2018-03-12T12:58:02","date_gmt":"2018-03-12T11:58:02","guid":{"rendered":"https:\/\/deseta-gimnazija.hr\/?page_id=531"},"modified":"2022-06-23T07:55:13","modified_gmt":"2022-06-23T06:55:13","slug":"pjevacki-zbor","status":"publish","type":"page","link":"https:\/\/deseta-gimnazija.hr\/?page_id=531","title":{"rendered":"Pjeva\u010dki zbor"},"content":{"rendered":"<p><strong>Pjeva\u010dki zbor, voditeljica Alma Zubovi\u0107, prof.<\/strong><\/p>\n<p>Pjeva\u010dki zbor X. gimnazije \u201eIvan Supek\u201c djeluje od \u0161k. god. 1999.\/2000.&nbsp;Do 2019. godine vodila ga je profesorica Alma Zubovi\u0107, a od 2019. Zbor vodi profesorica Marija Cestari\u0107. Svake \u0161kolske godine zbor se obnavlja mladim glasovima iz novih nara\u0161taja gimnazijalaca. Stari \u010dlanovi zbora, sada\u0161nji i biv\u0161i studenti na Sveu\u010dili\u0161tu u Zagrebu, rado se odazivaju za glasovnu i instrumentalnu pomo\u0107 zboru na probama i nastupima.<\/p>\n<figure id=\"attachment_533\" aria-describedby=\"caption-attachment-533\" style=\"width: 850px\" class=\"wp-caption aligncenter\"><img loading=\"lazy\" decoding=\"async\" src=\"https:\/\/deseta-gimnazija.hr\/wp-content\/uploads\/2018\/03\/zbor1.jpg\" alt=\"\" width=\"850\" height=\"598\"><figcaption id=\"caption-attachment-533\" class=\"wp-caption-text\">Pjeva\u010dki zbor X. gimnazije (Maturalna ve\u010der 26. svibnja 2005. godine &#8211; praizvedba Himne X. gimnazije)<\/figcaption><\/figure>\n<p>Repertoar zbora sastoji se od klasi\u010dnih zborskih skladbi, prigodnih skladbi za Bo\u017ei\u0107 i Uskrs, izbora zabavnih skladbi te Himne \u0161koli. Sve skladbe izvode se dvoglasno ili troglasno uz pratnju glasovira, gitara ili rock-sastava. Pored nastupa na Glazbenom satu u Goethe institutu u Zagrebu, zbor je nastupao na Trgu bana Jela\u010di\u0107a, na Zrinjevcu, te redovito nastupa u \u0161koli u povodu Dana Ivana Supeka, bo\u017ei\u0107nih blagdana i na maturalnim ve\u010derima.<\/p>\n<p><img loading=\"lazy\" decoding=\"async\" class=\"alignnone size-full wp-image-2639\" src=\"https:\/\/deseta-gimnazija.hr\/wp-content\/uploads\/2018\/10\/mjesoviti-zbor-1.jpg\" alt=\"\" width=\"4916\" height=\"3555\" srcset=\"https:\/\/deseta-gimnazija.hr\/wp-content\/uploads\/2018\/10\/mjesoviti-zbor-1.jpg 4916w, https:\/\/deseta-gimnazija.hr\/wp-content\/uploads\/2018\/10\/mjesoviti-zbor-1-300x217.jpg 300w, https:\/\/deseta-gimnazija.hr\/wp-content\/uploads\/2018\/10\/mjesoviti-zbor-1-768x555.jpg 768w, https:\/\/deseta-gimnazija.hr\/wp-content\/uploads\/2018\/10\/mjesoviti-zbor-1-1024x741.jpg 1024w, https:\/\/deseta-gimnazija.hr\/wp-content\/uploads\/2018\/10\/mjesoviti-zbor-1-830x600.jpg 830w, https:\/\/deseta-gimnazija.hr\/wp-content\/uploads\/2018\/10\/mjesoviti-zbor-1-230x166.jpg 230w, https:\/\/deseta-gimnazija.hr\/wp-content\/uploads\/2018\/10\/mjesoviti-zbor-1-350x253.jpg 350w, https:\/\/deseta-gimnazija.hr\/wp-content\/uploads\/2018\/10\/mjesoviti-zbor-1-480x347.jpg 480w\" sizes=\"(max-width: 4916px) 100vw, 4916px\" \/><\/p>\n<p style=\"text-align: center;\">Pjeva\u010dki zbor X. gimnazije &#8220;Ivan Supek&#8221; (Maturalna ve\u010der 20. svibnja 2016. godine)<\/p>\n<p>&nbsp;<\/p>\n<p>\u010clanovi zbora \u010desto se uklju\u010duju i u razli\u010dite projekte. Tijekom \u0161kolske godine 2020.\/2021. Zbor je bio uklju\u010den u projekt \u201eKultura turizma\u201c u suradnji s Turisti\u010dkom zajednicom grada Zagreba. Naredne \u0161kolske godine Zbor je nastupao na koncertu \u201eGrlim te glazbom\u201c u okviru projekta \u201eWellbeing\u201c, koji se u na\u0161oj \u0161koli provodi pod vodstvom prof. Marije Cestari\u0107.<\/p>\n<p><img loading=\"lazy\" decoding=\"async\" class=\"alignnone size-full wp-image-9647\" src=\"https:\/\/deseta-gimnazija.hr\/wp-content\/uploads\/2022\/06\/zbor-2022.jpg\" alt=\"\" width=\"1920\" height=\"1439\" srcset=\"https:\/\/deseta-gimnazija.hr\/wp-content\/uploads\/2022\/06\/zbor-2022.jpg 1920w, https:\/\/deseta-gimnazija.hr\/wp-content\/uploads\/2022\/06\/zbor-2022-300x225.jpg 300w, https:\/\/deseta-gimnazija.hr\/wp-content\/uploads\/2022\/06\/zbor-2022-768x576.jpg 768w, https:\/\/deseta-gimnazija.hr\/wp-content\/uploads\/2022\/06\/zbor-2022-1024x767.jpg 1024w, https:\/\/deseta-gimnazija.hr\/wp-content\/uploads\/2022\/06\/zbor-2022-830x622.jpg 830w, https:\/\/deseta-gimnazija.hr\/wp-content\/uploads\/2022\/06\/zbor-2022-230x172.jpg 230w, https:\/\/deseta-gimnazija.hr\/wp-content\/uploads\/2022\/06\/zbor-2022-350x262.jpg 350w, https:\/\/deseta-gimnazija.hr\/wp-content\/uploads\/2022\/06\/zbor-2022-480x360.jpg 480w\" sizes=\"(max-width: 1920px) 100vw, 1920px\" \/><\/p>\n<p style=\"text-align: center;\">Nastup zbora povodom Dana Ivana Supeka 2022. i u sklopu projekta Wellbeing<\/p>\n<p>&nbsp;<\/p>\n<p>U na\u0161oj \u0161koli u\u010denici tako\u0111er sudjeluju u \u0161kolskim bendovima. Bendovi su nastupali na Imagine Croatia \u2013 hrvatskom Imagine Festivalu u organizaciji Hrvatske glazbene mlade\u017ei. Od 2022. godine bendovi sudjeluju na Supervalu \u2013 festivalu \u0161kolskih bendova. Bendovi sviraju uglavnom obrade, ali rade i na vlastitim autorskim pjesmama.<\/p>\n<p><img loading=\"lazy\" decoding=\"async\" class=\"alignnone size-full wp-image-9646\" src=\"https:\/\/deseta-gimnazija.hr\/wp-content\/uploads\/2022\/06\/bend-2022.jpg\" alt=\"\" width=\"1920\" height=\"1370\" srcset=\"https:\/\/deseta-gimnazija.hr\/wp-content\/uploads\/2022\/06\/bend-2022.jpg 1920w, https:\/\/deseta-gimnazija.hr\/wp-content\/uploads\/2022\/06\/bend-2022-300x214.jpg 300w, https:\/\/deseta-gimnazija.hr\/wp-content\/uploads\/2022\/06\/bend-2022-768x548.jpg 768w, https:\/\/deseta-gimnazija.hr\/wp-content\/uploads\/2022\/06\/bend-2022-1024x731.jpg 1024w, https:\/\/deseta-gimnazija.hr\/wp-content\/uploads\/2022\/06\/bend-2022-830x592.jpg 830w, https:\/\/deseta-gimnazija.hr\/wp-content\/uploads\/2022\/06\/bend-2022-230x164.jpg 230w, https:\/\/deseta-gimnazija.hr\/wp-content\/uploads\/2022\/06\/bend-2022-350x250.jpg 350w, https:\/\/deseta-gimnazija.hr\/wp-content\/uploads\/2022\/06\/bend-2022-480x343.jpg 480w\" sizes=\"(max-width: 1920px) 100vw, 1920px\" \/><\/p>\n<p style=\"text-align: center;\">Jedan od bendova na nastupu povodom Dana Ivana Supeka 28. travnja 2022.<\/p>\n","protected":false},"excerpt":{"rendered":"<p>Pjeva\u010dki zbor, voditeljica Alma Zubovi\u0107, prof. Pjeva\u010dki zbor X. gimnazije \u201eIvan Supek\u201c djeluje od \u0161k. god. 1999.\/2000.&nbsp;Do 2019. godine vodila ga je profesorica Alma Zubovi\u0107, a od 2019. Zbor vodi profesorica Marija Cestari\u0107. Svake \u0161kolske godine zbor se obnavlja mladim glasovima iz novih nara\u0161taja gimnazijalaca. Stari \u010dlanovi zbora, sada\u0161nji i biv\u0161i studenti na Sveu\u010dili\u0161tu u [&hellip;]<\/p>\n","protected":false},"author":2,"featured_media":0,"parent":0,"menu_order":0,"comment_status":"closed","ping_status":"closed","template":"","meta":{"ngg_post_thumbnail":0,"footnotes":""},"_links":{"self":[{"href":"https:\/\/deseta-gimnazija.hr\/index.php?rest_route=\/wp\/v2\/pages\/531"}],"collection":[{"href":"https:\/\/deseta-gimnazija.hr\/index.php?rest_route=\/wp\/v2\/pages"}],"about":[{"href":"https:\/\/deseta-gimnazija.hr\/index.php?rest_route=\/wp\/v2\/types\/page"}],"author":[{"embeddable":true,"href":"https:\/\/deseta-gimnazija.hr\/index.php?rest_route=\/wp\/v2\/users\/2"}],"replies":[{"embeddable":true,"href":"https:\/\/deseta-gimnazija.hr\/index.php?rest_route=%2Fwp%2Fv2%2Fcomments&post=531"}],"version-history":[{"count":4,"href":"https:\/\/deseta-gimnazija.hr\/index.php?rest_route=\/wp\/v2\/pages\/531\/revisions"}],"predecessor-version":[{"id":9649,"href":"https:\/\/deseta-gimnazija.hr\/index.php?rest_route=\/wp\/v2\/pages\/531\/revisions\/9649"}],"wp:attachment":[{"href":"https:\/\/deseta-gimnazija.hr\/index.php?rest_route=%2Fwp%2Fv2%2Fmedia&parent=531"}],"curies":[{"name":"wp","href":"https:\/\/api.w.org\/{rel}","templated":true}]}}