{"id":513,"date":"2018-03-12T11:37:01","date_gmt":"2018-03-12T10:37:01","guid":{"rendered":"https:\/\/deseta-gimnazija.hr\/?page_id=513"},"modified":"2018-10-17T11:16:06","modified_gmt":"2018-10-17T10:16:06","slug":"skolska-himna","status":"publish","type":"page","link":"https:\/\/deseta-gimnazija.hr\/?page_id=513","title":{"rendered":"\u0160kolska himna"},"content":{"rendered":"<p>Mi smo centar svijeta,<br \/>S jedne strane nam je Peta,<br \/>Dolje je i Tesla,<br \/>A Zapadni nam je s desna.<\/p>\n<p>Zgrada nam je stara,<br \/>Ali znajte: izgled vara.<br \/>Sve se polako raspada,<br \/>Na tisu\u0107e komada.<\/p>\n<p>Profesori nas mu\u010de,<br \/>Da u\u010dimo i kod ku\u0107e,<br \/>To \u010dini nas sve lju\u0107e<br \/>I uzrokuje me\u0111u nama tu\u010de.<\/p>\n<p>Predmeti su ludi,<br \/>Ali to nas nimalo ne \u010dudi,<br \/>Ni nama to ne smeta,<br \/>Jer mi smo centar svijeta.<\/p>\n<p><b>Jer mi smo Deseta gimnazija,<br \/>Nismo veliki k\u2019o Azija.<br \/>Al\u2019 ima nas i na kraj svijeta,<br \/>I ova pjesma nam je sveta.<\/b><\/p>\n<p>Usred ljeta ili zime,<br \/>Bez ventilatora i klime,<br \/>Kod nas uvijek sve \u0161tima,<br \/>Pa gle koliko nas ima!<\/p>\n<p>Ravnateljica nam ima stila,<br \/>A nema ni previ\u0161e kila,<br \/>Profa\u010di su totalno l(j)udi,<br \/>Svi su tako neobi\u010dne \u0107udi.<\/p>\n<p><b>Jer mi smo Deseta gimnazija,<br \/>Nismo veliki k\u2019o Azija.<br \/>Al\u2019 ima nas i na kraj svijeta,<br \/>I ova pjesma nam je sveta.<\/b><\/p>\n<p>Hrpa de\u010dki, hrpa cura,<br \/>Slijedi maturalac pa matura,<br \/>Jaki smo k\u2019o senjska bura,<br \/>Pa onda pjevamo iz dura:<\/p>\n<p>Pogledajte, koliko nas ima,<br \/>Pogledajte, koliko nas ima!<\/p>\n<p><b>Jer mi smo Deseta gimnazija,<br \/>Nismo veliki k\u2019o Azija.<br \/>Al\u2019 ima nas i na kraj svijeta,<br \/>I ova pjesma nam je sveta.<\/b><\/p>\n<p>\t\t\t\t\t\t\t\t\t\t<img loading=\"lazy\" decoding=\"async\" width=\"135\" height=\"116\" src=\"https:\/\/deseta-gimnazija.hr\/wp-content\/uploads\/2018\/03\/himna.png\" alt=\"\" \/>\t\t\t\t\t\t\t\t\t\t\t<\/p>\n<p>Tekst: Lana Ceraj<\/p>\n<p>Glazba: Kre\u0161imir Mazur<\/p>\n<p>Aran\u017eman za zbor: Ana Kopi\u0107<\/p>\n","protected":false},"excerpt":{"rendered":"<p>Mi smo centar svijeta,S jedne strane nam je Peta,Dolje je i Tesla,A Zapadni nam je s desna. Zgrada nam je stara,Ali znajte: izgled vara.Sve se polako raspada,Na tisu\u0107e komada. Profesori nas mu\u010de,Da u\u010dimo i kod ku\u0107e,To \u010dini nas sve lju\u0107eI uzrokuje me\u0111u nama tu\u010de. Predmeti su ludi,Ali to nas nimalo ne \u010dudi,Ni nama to ne [&hellip;]<\/p>\n","protected":false},"author":2,"featured_media":0,"parent":0,"menu_order":0,"comment_status":"closed","ping_status":"closed","template":"","meta":{"ngg_post_thumbnail":0,"footnotes":""},"_links":{"self":[{"href":"https:\/\/deseta-gimnazija.hr\/index.php?rest_route=\/wp\/v2\/pages\/513"}],"collection":[{"href":"https:\/\/deseta-gimnazija.hr\/index.php?rest_route=\/wp\/v2\/pages"}],"about":[{"href":"https:\/\/deseta-gimnazija.hr\/index.php?rest_route=\/wp\/v2\/types\/page"}],"author":[{"embeddable":true,"href":"https:\/\/deseta-gimnazija.hr\/index.php?rest_route=\/wp\/v2\/users\/2"}],"replies":[{"embeddable":true,"href":"https:\/\/deseta-gimnazija.hr\/index.php?rest_route=%2Fwp%2Fv2%2Fcomments&post=513"}],"version-history":[{"count":0,"href":"https:\/\/deseta-gimnazija.hr\/index.php?rest_route=\/wp\/v2\/pages\/513\/revisions"}],"wp:attachment":[{"href":"https:\/\/deseta-gimnazija.hr\/index.php?rest_route=%2Fwp%2Fv2%2Fmedia&parent=513"}],"curies":[{"name":"wp","href":"https:\/\/api.w.org\/{rel}","templated":true}]}}