{"id":509,"date":"2018-03-12T11:29:03","date_gmt":"2018-03-12T10:29:03","guid":{"rendered":"https:\/\/deseta-gimnazija.hr\/?page_id=509"},"modified":"2026-04-17T15:33:35","modified_gmt":"2026-04-17T13:33:35","slug":"skolski-odbor","status":"publish","type":"page","link":"https:\/\/deseta-gimnazija.hr\/?page_id=509","title":{"rendered":"\u0160kolski odbor"},"content":{"rendered":"<p>\u0160kolom upravlja \u0160kolski odbor. \u0160kolski odbor donosi odluke o usvajanju svih zakonima propisanih akata: \u0161kolskog Statuta , pravilnika, godi\u0161njeg plana i programa rada i drugih. \u0160kolski odbor prati cjelokupan rad \u0161kole te donosi odluke, rje\u0161enja, zaklju\u010dke, upute i daje mi\u0161ljenje o svim va\u017enim pitanjima, materijalno-financijskim, imovinsko-pravnim, radno-pravnim, pedago\u0161kim i svim drugim.<\/p>\n<p>Odbor ima 7 \u010dlanova:<\/p>\n<table id=\"table1\" border=\"0\" width=\"100%\">\n<tbody>\n<tr>\n<td width=\"235\"><b>Damir Vresk<\/b><\/td>\n<td>iz reda Nastavni\u010dkog vije\u0107a, predsjednik \u0160kolskog odbora<\/td>\n<\/tr>\n<tr>\n<td width=\"199\"><b>Valerija Hanich Markov<\/b><\/td>\n<td>iz reda Nastavni\u010dkog vije\u0107a, zamjenica predsjednika \u0160kolskog odbora<\/td>\n<\/tr>\n<tr>\n<td width=\"199\"><b>Dajana Ga\u0107ina<\/b><\/td>\n<td>predstavnik Zbora radnika<\/td>\n<\/tr>\n<tr>\n<td width=\"199\"><strong>Ivana Gaurina Krtali\u0107<\/strong><\/td>\n<td>predstavnik Vije\u0107a roditelja<\/td>\n<\/tr>\n<tr>\n<td width=\"199\"><strong>Lida Lamza<\/strong><\/td>\n<td>predstavnik Grada Zagreba<\/td>\n<\/tr>\n<tr>\n<td width=\"199\"><strong>Ozren Perkovi\u0107<\/strong><\/td>\n<td>predstavnik Grada Zagreba<\/td>\n<\/tr>\n<tr>\n<td width=\"199\">&nbsp;<\/td>\n<td><b><\/b>predstavnik Grada Zagreba<\/td>\n<\/tr>\n<\/tbody>\n<\/table>\n<p>&nbsp;<\/p>\n<p>\u0160kolski odbor redovito se sastaje jedanput mjese\u010dno. Sjednicama prema potrebi nazo\u010de i drugi \u010dlanovi, stru\u010dnjaci za odre\u0111ena podru\u010dja, radi boljeg obavljanja radnih zadataka.<\/p>\n<p>\u010clanovi \u0160kolskog odbora uklju\u010duju se i u mnoge druge oblike \u017eivota i rada \u0160kole: \u010dlanovi su raznih radnih povjerenstava, uklju\u010duju se u materijalno sponzorsko zbrinjavanje \u0160kole, nazo\u010de \u0161kolskim proslavama, maturalnim plesovima i svim drugim zna\u010dajnim zbivanjima.<\/p>\n<p>&nbsp;<\/p>\n<p><strong>Poslovnik o radu \u0160kolskog odbora<\/strong><br \/>\n<\/p>\n","protected":false},"excerpt":{"rendered":"<p>\u0160kolom upravlja \u0160kolski odbor. \u0160kolski odbor donosi odluke o usvajanju svih zakonima propisanih akata: \u0161kolskog Statuta , pravilnika, godi\u0161njeg plana i programa rada i drugih. \u0160kolski odbor prati cjelokupan rad \u0161kole te donosi odluke, rje\u0161enja, zaklju\u010dke, upute i daje mi\u0161ljenje o svim va\u017enim pitanjima, materijalno-financijskim, imovinsko-pravnim, radno-pravnim, pedago\u0161kim i svim drugim. Odbor ima 7 \u010dlanova: [&hellip;]<\/p>\n","protected":false},"author":2,"featured_media":0,"parent":0,"menu_order":0,"comment_status":"closed","ping_status":"closed","template":"","meta":{"ngg_post_thumbnail":0,"footnotes":""},"_links":{"self":[{"href":"https:\/\/deseta-gimnazija.hr\/index.php?rest_route=\/wp\/v2\/pages\/509"}],"collection":[{"href":"https:\/\/deseta-gimnazija.hr\/index.php?rest_route=\/wp\/v2\/pages"}],"about":[{"href":"https:\/\/deseta-gimnazija.hr\/index.php?rest_route=\/wp\/v2\/types\/page"}],"author":[{"embeddable":true,"href":"https:\/\/deseta-gimnazija.hr\/index.php?rest_route=\/wp\/v2\/users\/2"}],"replies":[{"embeddable":true,"href":"https:\/\/deseta-gimnazija.hr\/index.php?rest_route=%2Fwp%2Fv2%2Fcomments&post=509"}],"version-history":[{"count":30,"href":"https:\/\/deseta-gimnazija.hr\/index.php?rest_route=\/wp\/v2\/pages\/509\/revisions"}],"predecessor-version":[{"id":11966,"href":"https:\/\/deseta-gimnazija.hr\/index.php?rest_route=\/wp\/v2\/pages\/509\/revisions\/11966"}],"wp:attachment":[{"href":"https:\/\/deseta-gimnazija.hr\/index.php?rest_route=%2Fwp%2Fv2%2Fmedia&parent=509"}],"curies":[{"name":"wp","href":"https:\/\/api.w.org\/{rel}","templated":true}]}}