{"id":4985,"date":"2019-09-04T10:00:19","date_gmt":"2019-09-04T09:00:19","guid":{"rendered":"https:\/\/deseta-gimnazija.hr\/?page_id=4985"},"modified":"2019-09-04T10:33:20","modified_gmt":"2019-09-04T09:33:20","slug":"razmjena-ucenika-i-stipendije","status":"publish","type":"page","link":"https:\/\/deseta-gimnazija.hr\/?page_id=4985","title":{"rendered":"Razmjena u\u010denika i stipendije"},"content":{"rendered":"<p><strong><u>Razmjena u\u010denika i stipendije za studiranje u inozemstvu<\/u><\/strong><\/p>\n<p><strong>Rotary<\/strong><\/p>\n<p>Rotary klubovi diljem svijeta organiziraju razmjene u\u010denika u trajanju od jedne \u0161kolske godine, pri \u010demu se smje\u0161taju u obitelj doma\u0107ina. Trenutno je mogu\u0107 odabir izme\u0111u zemalja: SAD, Canada, Tajvan, Brazil, Meksiko, Francuska, Finska. Kandidati se prijavljuju klubovima najkasnije do 1. prosinca. Preporu\u010da se da na razmjenu odlaze u\u010denici koji zavr\u0161e 1. ili 2. razred.&nbsp; Vi\u0161e informacija mo\u017eete prona\u0107i <a href=\"http:\/\/arhiva.rotary.hr\/webapp\/f?p=1901:1\" target=\"_blank\" rel=\"noopener\">ovdje<\/a>.<\/p>\n<p>&nbsp;<\/p>\n<p><strong>ASF<\/strong><\/p>\n<p>AFS program razmjene je program neformalnog obrazovanja i interkulturnog u\u010denja. Tijekom programa razmjene u\u010denik je smje\u0161ten u obitelji doma\u0107ina. Tijekom programa razmjene u\u010denik poha\u0111a dr\u017eavnu ili privatnu gimnaziju gdje se nastava odvija na jeziku zemlje doma\u0107ina.<\/p>\n<p>Tri su tipa programa razmjene: godi\u0161nji \u0161kolski program, tromjese\u010dni \u0161kolski program i intenzivni program. Na stranicama ASF-a pogledajte u kojim zemljama su dostupni pojedini programi razmjene, postupak prijave i uvjetima. Mogu\u0107e je dobivanje stipendije za vrijeme razmjene, namijenjene u\u010denicima slabijeg imovinskog statusa. Vi\u0161e o ASF programu razmjene na poveznici: <a href=\"https:\/\/www.afs.hr\/razmjena\/\" target=\"_blank\" rel=\"noopener\">ASF razmjena<\/a>.<\/p>\n<p><strong>&nbsp;<\/strong><\/p>\n<p><strong>Srednjo\u0161kolske stipendije u Velikoj Britaniji za u\u010denike 2. razreda<\/strong><\/p>\n<p>Forum za slobodu odgoja iz Zagreba i The Headmasters\u2019 and Headmistresses\u2019 Conference (HMC) iz Velika Britanije objavljuju natje\u010daj za izbor stipendista koji \u0107e poha\u0111ati presti\u017ene srednje \u0161kole u Velikoj Britaniji.<\/p>\n<p>Vi\u0161e mo\u017eete pro\u010ditati na poveznici:&nbsp;<a href=\"http:\/\/www.fso.hr\/2018\/10\/01\/objavljen-natjecaj-za-hmc-srednjoskolske-stipendije-u-velikoj-britaniji\/\" target=\"_blank\" rel=\"noopener\">http:\/\/www.fso.hr\/2018\/10\/01\/objavljen-natjecaj-za-hmc-srednjoskolske-stipendije-u-velikoj-britaniji\/<\/a><\/p>\n<p>&nbsp;<\/p>\n<p><a href=\"http:\/\/www.stipendije.info\/\" target=\"_blank\" rel=\"noopener\"><strong>Stipendije.info<\/strong><\/a><strong>&nbsp;<\/strong><\/p>\n<p>Baza natje\u010daja za stipendije i drugih oblika financijske potpore za studij u Hrvatskoj i inozemstvu. Putem ove baze mo\u017eete provjeriti podru\u010dja za koja se dodjeljuju stipendije, iznosu i broju stipendija te postupku i rokovima prijava.<\/p>\n<p><strong>&nbsp;<\/strong><\/p>\n<p><strong>Erasmus+<\/strong><\/p>\n<p>Sredi\u0161nji dio programa Erasmus+ je studiranje u inozemstvu, a mogu ga koristiti studenti na preddiplomskoj, diplomskoj ili doktorskoj razini. Trajanje studiranja u inozemstvu je najmanje 3 mjeseca, a najvi\u0161e 12 mjeseci (odnosno 24 mjeseca za integrirane studije poput medicine ili arhitekture). Prijaviti se mogu studenti koji su upisani najmanje u drugu godinu preddiplomskog studija. Za vrijeme trajanja programa studenti su oslobo\u0111eni pla\u0107anja \u0161kolarine, a dodjeljuju se i bespovratna sredstva koja pokrivaju dio tro\u0161kova putovanja i \u017eivota.<\/p>\n<p>Na sljede\u0107oj poveznici mo\u017eete detaljnije saznati o studiranju u inozemstvu putem Erasmus+ programa: <a href=\"https:\/\/ec.europa.eu\/programmes\/erasmus-plus\/opportunities\/individuals\/students\/studying-abroad_hr\" target=\"_blank\" rel=\"noopener\">Erasmus+ studiranje u inozemstvu<\/a><\/p>\n","protected":false},"excerpt":{"rendered":"<p>Razmjena u\u010denika i stipendije za studiranje u inozemstvu Rotary Rotary klubovi diljem svijeta organiziraju razmjene u\u010denika u trajanju od jedne \u0161kolske godine, pri \u010demu se smje\u0161taju u obitelj doma\u0107ina. Trenutno je mogu\u0107 odabir izme\u0111u zemalja: SAD, Canada, Tajvan, Brazil, Meksiko, Francuska, Finska. Kandidati se prijavljuju klubovima najkasnije do 1. prosinca. Preporu\u010da se da na razmjenu [&hellip;]<\/p>\n","protected":false},"author":4,"featured_media":0,"parent":0,"menu_order":0,"comment_status":"closed","ping_status":"closed","template":"","meta":{"ngg_post_thumbnail":0,"footnotes":""},"_links":{"self":[{"href":"https:\/\/deseta-gimnazija.hr\/index.php?rest_route=\/wp\/v2\/pages\/4985"}],"collection":[{"href":"https:\/\/deseta-gimnazija.hr\/index.php?rest_route=\/wp\/v2\/pages"}],"about":[{"href":"https:\/\/deseta-gimnazija.hr\/index.php?rest_route=\/wp\/v2\/types\/page"}],"author":[{"embeddable":true,"href":"https:\/\/deseta-gimnazija.hr\/index.php?rest_route=\/wp\/v2\/users\/4"}],"replies":[{"embeddable":true,"href":"https:\/\/deseta-gimnazija.hr\/index.php?rest_route=%2Fwp%2Fv2%2Fcomments&post=4985"}],"version-history":[{"count":0,"href":"https:\/\/deseta-gimnazija.hr\/index.php?rest_route=\/wp\/v2\/pages\/4985\/revisions"}],"wp:attachment":[{"href":"https:\/\/deseta-gimnazija.hr\/index.php?rest_route=%2Fwp%2Fv2%2Fmedia&parent=4985"}],"curies":[{"name":"wp","href":"https:\/\/api.w.org\/{rel}","templated":true}]}}