{"id":4982,"date":"2019-09-04T09:59:40","date_gmt":"2019-09-04T08:59:40","guid":{"rendered":"https:\/\/deseta-gimnazija.hr\/?page_id=4982"},"modified":"2021-03-18T14:38:41","modified_gmt":"2021-03-18T13:38:41","slug":"studiranje-u-inozemstvu","status":"publish","type":"page","link":"https:\/\/deseta-gimnazija.hr\/?page_id=4982","title":{"rendered":"Studiranje u inozemstvu"},"content":{"rendered":"<p><strong><u>Studiranje u inozemstvu<\/u><\/strong><\/p>\n<p>Ukoliko vas zanima studiranje u inozemstvu, pogledajte prilo\u017eeni dokument koji nudi neke informacije o studiranju u razli\u010ditim zemljama.<\/p>\n\n<p>&nbsp;<\/p>\n<p><strong><u>Facebook grupa &#8211; Deseta u svijetu<\/u><\/strong><\/p>\n<p>Grupa potpore biv\u0161ih u\u010denika X. gimnazije &#8220;Ivan Supek&#8221; koji studiraju u inozemstvu, a \u017eele pomo\u0107i i savjetovati budu\u0107e inozemne studente X. gimnazije &#8220;Ivan Supek&#8221;. Grupa je pod koordinacijom profesorice Silve Crni\u0107.<\/p>\n","protected":false},"excerpt":{"rendered":"<p>Studiranje u inozemstvu Ukoliko vas zanima studiranje u inozemstvu, pogledajte prilo\u017eeni dokument koji nudi neke informacije o studiranju u razli\u010ditim zemljama. &nbsp; Facebook grupa &#8211; Deseta u svijetu Grupa potpore biv\u0161ih u\u010denika X. gimnazije &#8220;Ivan Supek&#8221; koji studiraju u inozemstvu, a \u017eele pomo\u0107i i savjetovati budu\u0107e inozemne studente X. gimnazije &#8220;Ivan Supek&#8221;. Grupa je pod [&hellip;]<\/p>\n","protected":false},"author":4,"featured_media":0,"parent":0,"menu_order":0,"comment_status":"closed","ping_status":"closed","template":"","meta":{"ngg_post_thumbnail":0,"footnotes":""},"_links":{"self":[{"href":"https:\/\/deseta-gimnazija.hr\/index.php?rest_route=\/wp\/v2\/pages\/4982"}],"collection":[{"href":"https:\/\/deseta-gimnazija.hr\/index.php?rest_route=\/wp\/v2\/pages"}],"about":[{"href":"https:\/\/deseta-gimnazija.hr\/index.php?rest_route=\/wp\/v2\/types\/page"}],"author":[{"embeddable":true,"href":"https:\/\/deseta-gimnazija.hr\/index.php?rest_route=\/wp\/v2\/users\/4"}],"replies":[{"embeddable":true,"href":"https:\/\/deseta-gimnazija.hr\/index.php?rest_route=%2Fwp%2Fv2%2Fcomments&post=4982"}],"version-history":[{"count":1,"href":"https:\/\/deseta-gimnazija.hr\/index.php?rest_route=\/wp\/v2\/pages\/4982\/revisions"}],"predecessor-version":[{"id":7535,"href":"https:\/\/deseta-gimnazija.hr\/index.php?rest_route=\/wp\/v2\/pages\/4982\/revisions\/7535"}],"wp:attachment":[{"href":"https:\/\/deseta-gimnazija.hr\/index.php?rest_route=%2Fwp%2Fv2%2Fmedia&parent=4982"}],"curies":[{"name":"wp","href":"https:\/\/api.w.org\/{rel}","templated":true}]}}