{"id":4979,"date":"2019-09-04T09:59:20","date_gmt":"2019-09-04T08:59:20","guid":{"rendered":"https:\/\/deseta-gimnazija.hr\/?page_id=4979"},"modified":"2019-09-04T10:30:10","modified_gmt":"2019-09-04T09:30:10","slug":"studiranje-u-hrvatskoj","status":"publish","type":"page","link":"https:\/\/deseta-gimnazija.hr\/?page_id=4979","title":{"rendered":"Studiranje u hrvatskoj"},"content":{"rendered":"<p><strong><u>Studiranje u Hrvatskoj<\/u><\/strong><\/p>\n<p><a href=\"https:\/\/www.postani-student.hr\/Ucilista\/Nositelji.aspx\" target=\"_blank\" rel=\"noopener\">postani-student.hr<\/a><\/p>\n<p>Iako je stranica namijenjena prvenstveno maturantima kao centralni sustav prijave na visoka u\u010dili\u0161ta u Hrvatskoj, na stranicama mo\u017eete pregledati koji se studijski programi nude u Hrvatskoj te koji su uvjeti upisa na razli\u010dite programe.<\/p>\n","protected":false},"excerpt":{"rendered":"<p>Studiranje u Hrvatskoj postani-student.hr Iako je stranica namijenjena prvenstveno maturantima kao centralni sustav prijave na visoka u\u010dili\u0161ta u Hrvatskoj, na stranicama mo\u017eete pregledati koji se studijski programi nude u Hrvatskoj te koji su uvjeti upisa na razli\u010dite programe.<\/p>\n","protected":false},"author":4,"featured_media":0,"parent":0,"menu_order":0,"comment_status":"closed","ping_status":"closed","template":"","meta":{"ngg_post_thumbnail":0,"footnotes":""},"_links":{"self":[{"href":"https:\/\/deseta-gimnazija.hr\/index.php?rest_route=\/wp\/v2\/pages\/4979"}],"collection":[{"href":"https:\/\/deseta-gimnazija.hr\/index.php?rest_route=\/wp\/v2\/pages"}],"about":[{"href":"https:\/\/deseta-gimnazija.hr\/index.php?rest_route=\/wp\/v2\/types\/page"}],"author":[{"embeddable":true,"href":"https:\/\/deseta-gimnazija.hr\/index.php?rest_route=\/wp\/v2\/users\/4"}],"replies":[{"embeddable":true,"href":"https:\/\/deseta-gimnazija.hr\/index.php?rest_route=%2Fwp%2Fv2%2Fcomments&post=4979"}],"version-history":[{"count":0,"href":"https:\/\/deseta-gimnazija.hr\/index.php?rest_route=\/wp\/v2\/pages\/4979\/revisions"}],"wp:attachment":[{"href":"https:\/\/deseta-gimnazija.hr\/index.php?rest_route=%2Fwp%2Fv2%2Fmedia&parent=4979"}],"curies":[{"name":"wp","href":"https:\/\/api.w.org\/{rel}","templated":true}]}}