{"id":4973,"date":"2019-09-04T09:58:04","date_gmt":"2019-09-04T08:58:04","guid":{"rendered":"https:\/\/deseta-gimnazija.hr\/?page_id=4973"},"modified":"2019-09-04T10:26:15","modified_gmt":"2019-09-04T09:26:15","slug":"zivotopis-i-molba","status":"publish","type":"page","link":"https:\/\/deseta-gimnazija.hr\/?page_id=4973","title":{"rendered":"\u017divotopis i molba"},"content":{"rendered":"<p><strong><u>Pisanje \u017eivotopisa i molbe (motivacijskog pisma) <\/u><\/strong><\/p>\n<p>Ulazite li u svijet rada nakon zavr\u0161etka srednjo\u0161kolskog obrazovanja, bilo putem studentskih poslova ili u stalni radni odnos, kao i u slu\u010daju prijave za studiranje u inozemstvu, trebat \u0107e vam dobro sastavljen \u017eivotopis i molba ili motivacijsko pismo.<\/p>\n<p>&nbsp;<\/p>\n<p><strong><u>\u017divotopis <\/u><\/strong><\/p>\n<p>Namjera \u017eivotopisa je da poka\u017eete da ste kvalificirani i sposobni za mjesto na koje se prijavljujete. On je obi\u010dno prvi dojam kojeg \u010dete ostaviti kao kandidat, stoga mu je svrha da se popisom va\u0161ih dostignu\u0107a prika\u017eete u najboljem svjetlu.<\/p>\n<p>U posljednje vrijeme \u010desto kori\u0161ten format \u017eivotopisa je Europass. Taj format je jednostavan i pregledan. Nudi zadane kategorije u koje upisujete svoje op\u0107e demografske podatke, obrazovanje, radno iskustvo, znanje stranih jezika, ste\u010dene kompetencije, interese itd. Vi\u0161e o Europass \u017eivotopisu i ostaloj dokumentaciji mo\u017eete prona\u0107i <a href=\"https:\/\/europass.cedefop.europa.eu\/hr\" target=\"_blank\" rel=\"noopener\">ovdje<\/a>.<\/p>\n<p>&nbsp;<\/p>\n<p><strong>Neki savjeti za sastavljanje \u017eivotopisa:<\/strong><\/p>\n<ul>\n<li>prilagodite ga svrsi (kriterijima), odnosno svakom natje\u010daju<\/li>\n<li>izbjegavajte unos suvi\u0161nih podataka koji nisu relevantni za natje\u010daj<\/li>\n<li>pri navo\u0111enju vje\u0161tina potkrijepite ih na na\u010din da je vidljivo kako se ih stekli (npr. \u201edobre komunikacijske vje\u0161tine ste\u010dene volontiranjem u \u2026\u201c)<\/li>\n<li>neka bude sa\u017eet, od 1 (za one bez radnog iskustva) do 2 stranice<\/li>\n<li>pazite da nema pravopisnih i gramati\u010dkih pogre\u0161aka<\/li>\n<\/ul>\n<p>&nbsp;<\/p>\n<p>Budu\u0107i da kao srednjo\u0161kolci vjerojatno nemate mnogo radnog iskustva, istaknite u svom \u017eivotopisu podatke poput volonterskog rada, va\u0161a postignu\u0107a poput rezultata s natjecanja, nagrade, sudjelovanje u projektima, bavljenje izvannastavnim aktivnostima (sport, glazba ili dr.).<\/p>\n<p>\u017delite li unijeti osobnu notu i izraziti svoju kreativnost, ne morate se nu\u017eno slu\u017eiti Europass predlo\u0161kom. No, imajte na umu da \u017eivotopis uvijek treba sadr\u017eavati:<\/p>\n<ul>\n<li><strong>Osobne podatke<\/strong><\/li>\n<li><strong>Obrazovanje<\/strong> (kronolo\u0161ki, po\u010dev\u0161i od posljednjeg)<\/li>\n<li><strong>Radno iskustvo<\/strong> (tako\u0111er, kronolo\u0161ki po\u010dev\u0161i od posljednjeg)<\/li>\n<li><strong>Dodatna znanja i vje\u0161tine<\/strong> (znanja stranih jezika, rada na ra\u010dunalu, polo\u017een voza\u010dki ispit i sl.)<\/li>\n<\/ul>\n<p>Prema \u017eelji dodatno:<\/p>\n<ul>\n<li><strong>Interese i aktivnosti<\/strong><\/li>\n<li><strong>Preporuke<\/strong> (ukoliko ih imate od profesora ili poslodavaca; navodite njihova imena, mjesto zaposlenja, njihove adrese i telefonske brojeve)<\/li>\n<\/ul>\n<p>&nbsp;<\/p>\n<p><strong><u>&nbsp;<\/u><\/strong><\/p>\n<p><strong><u>Molba (motivacijsko pismo)<\/u><\/strong><\/p>\n<p>Uz \u017eivotopis obi\u010dno predajete i molbu ili motivacijsko pismo. Njome se ukratko predstavljate, pokazujete va\u0161u \u017eelju za <strong>odre\u0111enu poziciju<\/strong> te da ste vi idealni kandidat za istu.<\/p>\n<p>U molbi se usredoto\u010dite na vje\u0161tine, sposobnosti i znanja koje posjedujete, a va\u017ene su za poziciju za koju se prijavljujete. Molbu mo\u017eete shvatiti kao dopunu \u017eivotopisu u kojoj isti\u010dete va\u0161u motiviranost te pobli\u017ee opisujete va\u0161e kompetencije za odre\u0111enu poziciju.<\/p>\n<p><strong>Molba se sastoji od:<\/strong><\/p>\n<p><strong>Uvoda:<\/strong> navodite poziciju za koju se natje\u010dete kao i gdje ste vidjeli natje\u010daj<\/p>\n<p><strong>Sredi\u0161njeg dijela:<\/strong> navodite relevantne kompetencije i postignu\u0107a kojima pokazujete da posjedujete kvalitete koje vas \u010dine dobrim kandidatom<\/p>\n<p><strong>Zavr\u0161etka: <\/strong>zahvaljujete se na pa\u017enji uz slu\u017ebeni pozdrav i potpis<\/p>\n<p><strong><u>&nbsp;<\/u><\/strong><\/p>\n<p>Na sljede\u0107im poveznicama mo\u017eete detaljnije saznati \u0161to treba sadr\u017eavati molba te \u017eivotopis &#8211; <a href=\"https:\/\/e-usmjeravanje.hzz.hr\/molba-za-posao-i-zivotopis\" target=\"_blank\" rel=\"noopener\">Link1<\/a>, <a href=\"http:\/\/www.hzz.hr\/usluge-poslodavci-posloprimci\/zamolba-i-zivotopis\/\" target=\"_blank\" rel=\"noopener\">Link2<\/a><\/p>\n<p>Primjeri Europass \u017eivotopisa \u2013<a href=\"https:\/\/europass.cedefop.europa.eu\/hr\/documents\/curriculum-vitae\/examples\" target=\"_blank\" rel=\"noopener\">Link: primjeri \u017eivotopisa<\/a><\/p>\n<p>Primjer molbi za zaposlenje &#8211; <a href=\"https:\/\/www.moj-posao.net\/Savjet\/29418\/Primjeri-molbi-za-zaposlenje\/52\/\" target=\"_blank\" rel=\"noopener\">Link: primjer molbi<\/a><\/p>\n","protected":false},"excerpt":{"rendered":"<p>Pisanje \u017eivotopisa i molbe (motivacijskog pisma) Ulazite li u svijet rada nakon zavr\u0161etka srednjo\u0161kolskog obrazovanja, bilo putem studentskih poslova ili u stalni radni odnos, kao i u slu\u010daju prijave za studiranje u inozemstvu, trebat \u0107e vam dobro sastavljen \u017eivotopis i molba ili motivacijsko pismo. &nbsp; \u017divotopis Namjera \u017eivotopisa je da poka\u017eete da ste kvalificirani i [&hellip;]<\/p>\n","protected":false},"author":4,"featured_media":0,"parent":0,"menu_order":0,"comment_status":"closed","ping_status":"closed","template":"","meta":{"ngg_post_thumbnail":0,"footnotes":""},"_links":{"self":[{"href":"https:\/\/deseta-gimnazija.hr\/index.php?rest_route=\/wp\/v2\/pages\/4973"}],"collection":[{"href":"https:\/\/deseta-gimnazija.hr\/index.php?rest_route=\/wp\/v2\/pages"}],"about":[{"href":"https:\/\/deseta-gimnazija.hr\/index.php?rest_route=\/wp\/v2\/types\/page"}],"author":[{"embeddable":true,"href":"https:\/\/deseta-gimnazija.hr\/index.php?rest_route=\/wp\/v2\/users\/4"}],"replies":[{"embeddable":true,"href":"https:\/\/deseta-gimnazija.hr\/index.php?rest_route=%2Fwp%2Fv2%2Fcomments&post=4973"}],"version-history":[{"count":0,"href":"https:\/\/deseta-gimnazija.hr\/index.php?rest_route=\/wp\/v2\/pages\/4973\/revisions"}],"wp:attachment":[{"href":"https:\/\/deseta-gimnazija.hr\/index.php?rest_route=%2Fwp%2Fv2%2Fmedia&parent=4973"}],"curies":[{"name":"wp","href":"https:\/\/api.w.org\/{rel}","templated":true}]}}