{"id":4970,"date":"2019-09-04T09:57:39","date_gmt":"2019-09-04T08:57:39","guid":{"rendered":"https:\/\/deseta-gimnazija.hr\/?page_id=4970"},"modified":"2019-09-04T10:24:52","modified_gmt":"2019-09-04T09:24:52","slug":"provoditelji-pu","status":"publish","type":"page","link":"https:\/\/deseta-gimnazija.hr\/?page_id=4970","title":{"rendered":"Provoditelji PU"},"content":{"rendered":"<p><strong><u>Nositelji u podru\u010dju profesionalnog savjetovanja i usmjeravanja u Hrvatskoj<\/u><\/strong><\/p>\n<p>Ukoliko putem informacija online sustava i dalje niste sigurni u va\u0161 profesionalni put ili jednostavno \u017eelite saznati vi\u0161e, mo\u017eete se obratiti nekim od nositelja profesionalnog savjetovanja i usmjeravanja u Hrvatskoj.<\/p>\n<p><a href=\"http:\/\/www.hzz.hr\/\" target=\"_blank\" rel=\"noopener\"><strong>Hrvatski zavod za zapo\u0161ljavanje<\/strong><\/a><\/p>\n<p>Glavni nositelj sustavno organiziranih aktivnosti cjelo\u017eivotnog profesionalnog usmjeravanja razli\u010ditih ciljnih skupina. HZZ uz ostale svoje djelatnosti pru\u017ea besplatne usluge individualnog profesionalnog usmjeravanja.<\/p>\n<p>&nbsp;<\/p>\n<p><a href=\"https:\/\/www.cisok.hr\/\" target=\"_blank\" rel=\"noopener\"><strong>CISOK centri<\/strong><\/a> (Centri za informiranje i savjetovanje o karijeri)<\/p>\n<p>Pru\u017eaju pomo\u0107 i podr\u0161ku u planiranju \u0161kolovanja, razvoju vje\u0161tina za u\u010dinkovito dono\u0161enje odluka o karijeri te nastoje olak\u0161ati proces dono\u0161enja odluka vezanih za karijeru i pristup informacijama o tr\u017ei\u0161tu rada i obrazovanju.<\/p>\n<p>Nude besplatne usluge individualnog i grupnog profesionalnog informiranja i savjetovanja.<\/p>\n<p>Odr\u017eavaju radionice, seminare, predavanja i prezentacije te nude informativne materijale i bro\u0161ure o obrazovanju, zapo\u0161ljavanju i tr\u017ei\u0161tu rada.<\/p>\n<p>&nbsp;<\/p>\n<p><strong>\u0160KOLA&nbsp; <\/strong><\/p>\n<p>Za informacije o profesionalnom usmjeravanju u\u010denici se mogu obratiti stru\u010dnoj slu\u017ebi \u0160kole, pedagoginji ili psihologinji. Dio aktivnosti profesionalnog usmjeravanja provodi se kroz nastavu te u suradnji s razrednicima kroz satove razrednog odijela.<\/p>\n","protected":false},"excerpt":{"rendered":"<p>Nositelji u podru\u010dju profesionalnog savjetovanja i usmjeravanja u Hrvatskoj Ukoliko putem informacija online sustava i dalje niste sigurni u va\u0161 profesionalni put ili jednostavno \u017eelite saznati vi\u0161e, mo\u017eete se obratiti nekim od nositelja profesionalnog savjetovanja i usmjeravanja u Hrvatskoj. Hrvatski zavod za zapo\u0161ljavanje Glavni nositelj sustavno organiziranih aktivnosti cjelo\u017eivotnog profesionalnog usmjeravanja razli\u010ditih ciljnih skupina. HZZ [&hellip;]<\/p>\n","protected":false},"author":4,"featured_media":0,"parent":0,"menu_order":0,"comment_status":"closed","ping_status":"closed","template":"","meta":{"ngg_post_thumbnail":0,"footnotes":""},"_links":{"self":[{"href":"https:\/\/deseta-gimnazija.hr\/index.php?rest_route=\/wp\/v2\/pages\/4970"}],"collection":[{"href":"https:\/\/deseta-gimnazija.hr\/index.php?rest_route=\/wp\/v2\/pages"}],"about":[{"href":"https:\/\/deseta-gimnazija.hr\/index.php?rest_route=\/wp\/v2\/types\/page"}],"author":[{"embeddable":true,"href":"https:\/\/deseta-gimnazija.hr\/index.php?rest_route=\/wp\/v2\/users\/4"}],"replies":[{"embeddable":true,"href":"https:\/\/deseta-gimnazija.hr\/index.php?rest_route=%2Fwp%2Fv2%2Fcomments&post=4970"}],"version-history":[{"count":0,"href":"https:\/\/deseta-gimnazija.hr\/index.php?rest_route=\/wp\/v2\/pages\/4970\/revisions"}],"wp:attachment":[{"href":"https:\/\/deseta-gimnazija.hr\/index.php?rest_route=%2Fwp%2Fv2%2Fmedia&parent=4970"}],"curies":[{"name":"wp","href":"https:\/\/api.w.org\/{rel}","templated":true}]}}