{"id":4963,"date":"2019-09-04T09:50:59","date_gmt":"2019-09-04T08:50:59","guid":{"rendered":"https:\/\/deseta-gimnazija.hr\/?page_id=4963"},"modified":"2019-09-04T10:34:47","modified_gmt":"2019-09-04T09:34:47","slug":"profesionalno-usmjeravanje","status":"publish","type":"page","link":"https:\/\/deseta-gimnazija.hr\/?page_id=4963","title":{"rendered":"O profesionalnom usmjeravanju"},"content":{"rendered":"<p><strong><u>\u0160to je profesionalno usmjeravanje?<\/u><\/strong><\/p>\n<p>Profesionalno usmjeravanje se odnosi na aktivnosti usmjerene na pomo\u0107 pojedincu pri razmatranju njegovih obrazovnih pitanja kako bi donio prikladne odluke vezane uz vlastito obrazovanje i tranziciju na tr\u017ei\u0161te rada.<\/p>\n<p><strong>Cilj<\/strong> je postizanje sklada pojedinca i njegove radne okoline, a posti\u017ee se upoznavanjem osobina pojedinca i njegovim uparivanjem s razli\u010ditim zanimanjima. U tu se svrhu obi\u010dno primjenjuju razli\u010dite mjere interesa, vrijednosti i\/ili sposobnosti.<\/p>\n<p>&nbsp;<\/p>\n<p><strong><u>Za\u0161to profesionalno usmjeravanje?<\/u><\/strong><\/p>\n<p>Na poslu provodimo zna\u010dajan dio dana najmanje pet dana u tjednu. Budu\u0107i da jedan zna\u010dajan dio odraslog \u017eivota provodimo rade\u0107i, va\u017eno je da postoji sklad izme\u0111u pojedinca i radne okoline kako zbog dobrobiti radne organizacije, tako i zbog osobne dobrobiti pojedinca.<\/p>\n<p>Odabir zanimanja koja su u skladu s osobinama pojedinca povezan je s pozitivnim ishodima u karijeri poput:<\/p>\n<ul>\n<li>ve\u0107eg zadovoljstva<\/li>\n<li>uspje\u0161nijeg obavljanja radnih zadataka<\/li>\n<li>manje stresa<\/li>\n<li>manje izostajanje s posla<\/li>\n<li>manje mijenjanje poslova<\/li>\n<\/ul>\n<p>&nbsp;(Holland, 1959; Dawis i Lofquist, 1984; Tinsley, 2000 prema Euroguidance Hrvatska, 2016).<\/p>\n<p>&nbsp;<\/p>\n<p>Izvor:<br \/>\nEuroguidance Hrvatska. (2016).<em> Uvod u profesionalno usmjeravanje <\/em>[Bro\u0161ura]. Zagreb: Agencija za mobilnost i programe Europske unije.<\/p>\n","protected":false},"excerpt":{"rendered":"<p>\u0160to je profesionalno usmjeravanje? Profesionalno usmjeravanje se odnosi na aktivnosti usmjerene na pomo\u0107 pojedincu pri razmatranju njegovih obrazovnih pitanja kako bi donio prikladne odluke vezane uz vlastito obrazovanje i tranziciju na tr\u017ei\u0161te rada. Cilj je postizanje sklada pojedinca i njegove radne okoline, a posti\u017ee se upoznavanjem osobina pojedinca i njegovim uparivanjem s razli\u010ditim zanimanjima. U [&hellip;]<\/p>\n","protected":false},"author":4,"featured_media":0,"parent":0,"menu_order":0,"comment_status":"closed","ping_status":"closed","template":"","meta":{"ngg_post_thumbnail":0,"footnotes":""},"_links":{"self":[{"href":"https:\/\/deseta-gimnazija.hr\/index.php?rest_route=\/wp\/v2\/pages\/4963"}],"collection":[{"href":"https:\/\/deseta-gimnazija.hr\/index.php?rest_route=\/wp\/v2\/pages"}],"about":[{"href":"https:\/\/deseta-gimnazija.hr\/index.php?rest_route=\/wp\/v2\/types\/page"}],"author":[{"embeddable":true,"href":"https:\/\/deseta-gimnazija.hr\/index.php?rest_route=\/wp\/v2\/users\/4"}],"replies":[{"embeddable":true,"href":"https:\/\/deseta-gimnazija.hr\/index.php?rest_route=%2Fwp%2Fv2%2Fcomments&post=4963"}],"version-history":[{"count":0,"href":"https:\/\/deseta-gimnazija.hr\/index.php?rest_route=\/wp\/v2\/pages\/4963\/revisions"}],"wp:attachment":[{"href":"https:\/\/deseta-gimnazija.hr\/index.php?rest_route=%2Fwp%2Fv2%2Fmedia&parent=4963"}],"curies":[{"name":"wp","href":"https:\/\/api.w.org\/{rel}","templated":true}]}}