{"id":471,"date":"2018-03-09T13:59:15","date_gmt":"2018-03-09T12:59:15","guid":{"rendered":"https:\/\/deseta-gimnazija.hr\/?page_id=471"},"modified":"2026-03-02T11:55:29","modified_gmt":"2026-03-02T09:55:29","slug":"skolski-casopis","status":"publish","type":"page","link":"https:\/\/deseta-gimnazija.hr\/?page_id=471","title":{"rendered":"\u0160kolski \u010dasopis"},"content":{"rendered":"<p>Predstavljamo vam na\u0161<strong> &#8220;Cener&#8221;<\/strong><\/p>\n<p><strong>&#8220;Cener 2026.&#8221;<\/strong><br \/>\n<div class=\"_df_book df-lite\" id=\"df_15160\"  _slug=\"cener-2026\" data-title=\"cener-2026\" wpoptions=\"true\" thumbtype=\"\" ><\/div><script class=\"df-shortcode-script\" nowprocket type=\"application\/javascript\">window.option_df_15160 = {\"outline\":[],\"autoEnableOutline\":\"false\",\"autoEnableThumbnail\":\"false\",\"overwritePDFOutline\":\"false\",\"direction\":\"1\",\"pageSize\":\"0\",\"source\":\"https:\\\/\\\/deseta-gimnazija.hr\\\/wp-content\\\/uploads\\\/2026\\\/03\\\/Cener_2026_Web_compressed-1.pdf\",\"wpOptions\":\"true\"}; if(window.DFLIP && window.DFLIP.parseBooks){window.DFLIP.parseBooks();}<\/script><\/p>\n<p><strong>&#8220;Cener 2025.&#8221;<\/strong><br \/>\n<div class=\"_df_book df-lite\" id=\"df_13742\"  _slug=\"cener-2025\" data-title=\"cener-2025\" wpoptions=\"true\" thumbtype=\"\" ><\/div><script class=\"df-shortcode-script\" nowprocket type=\"application\/javascript\">window.option_df_13742 = {\"outline\":[],\"autoEnableOutline\":\"false\",\"autoEnableThumbnail\":\"false\",\"overwritePDFOutline\":\"false\",\"direction\":\"1\",\"pageSize\":\"0\",\"source\":\"https:\\\/\\\/deseta-gimnazija.hr\\\/wp-content\\\/uploads\\\/2025\\\/02\\\/Cener_2025_WEB_compressed-1.pdf\",\"wpOptions\":\"true\"}; if(window.DFLIP && window.DFLIP.parseBooks){window.DFLIP.parseBooks();}<\/script><\/p>\n<p><strong>&#8220;Cener 2024.&#8221;<\/strong><br \/>\n<div class=\"_df_book df-lite\" id=\"df_11956\"  _slug=\"cener-2024\" data-title=\"cener-2024\" wpoptions=\"true\" thumbtype=\"\" ><\/div><script class=\"df-shortcode-script\" nowprocket type=\"application\/javascript\">window.option_df_11956 = {\"outline\":[],\"autoEnableOutline\":\"false\",\"autoEnableThumbnail\":\"false\",\"overwritePDFOutline\":\"false\",\"direction\":\"1\",\"pageSize\":\"0\",\"source\":\"https:\\\/\\\/deseta-gimnazija.hr\\\/wp-content\\\/uploads\\\/2024\\\/03\\\/Cener_2024_web_compressed.pdf\",\"wpOptions\":\"true\"}; if(window.DFLIP && window.DFLIP.parseBooks){window.DFLIP.parseBooks();}<\/script><\/p>\n<p><strong>&#8220;Cener 2023.&#8221;<\/strong><br \/>\n<div class=\"_df_book df-lite\" id=\"df_10564\"  _slug=\"cener-2022-2023\" data-title=\"cener-2022-2023\" wpoptions=\"true\" thumbtype=\"\" ><\/div><script class=\"df-shortcode-script\" nowprocket type=\"application\/javascript\">window.option_df_10564 = {\"outline\":[],\"autoEnableOutline\":\"false\",\"autoEnableThumbnail\":\"false\",\"overwritePDFOutline\":\"false\",\"direction\":\"1\",\"pageSize\":\"0\",\"source\":\"https:\\\/\\\/deseta-gimnazija.hr\\\/wp-content\\\/uploads\\\/2023\\\/01\\\/Cener_2023_Ogledni_primjerak_za_web_compressed.pdf\",\"wpOptions\":\"true\"}; if(window.DFLIP && window.DFLIP.parseBooks){window.DFLIP.parseBooks();}<\/script><\/p>\n<p><strong>&#8220;Cener 2022.&#8221;<\/strong><br \/>\n<div class=\"_df_book df-lite\" id=\"df_9028\"  _slug=\"cener-2021-2022\" data-title=\"cener-2021-2022\" wpoptions=\"true\" thumbtype=\"\" ><\/div><script class=\"df-shortcode-script\" nowprocket type=\"application\/javascript\">window.option_df_9028 = {\"outline\":[],\"autoEnableOutline\":\"false\",\"autoEnableThumbnail\":\"false\",\"overwritePDFOutline\":\"false\",\"direction\":\"1\",\"pageSize\":\"0\",\"source\":\"https:\\\/\\\/deseta-gimnazija.hr\\\/wp-content\\\/uploads\\\/2022\\\/02\\\/Cener_2021-2022_WEB.pdf\",\"wpOptions\":\"true\"}; if(window.DFLIP && window.DFLIP.parseBooks){window.DFLIP.parseBooks();}<\/script><\/p>\n<p><strong>&#8220;Cener 2021.&#8221;<\/strong><br \/>\n<div class=\"_df_book df-lite\" id=\"df_7331\"  _slug=\"cener-2020-2021\" data-title=\"cener-2020-2021\" wpoptions=\"true\" thumbtype=\"\" ><\/div><script class=\"df-shortcode-script\" nowprocket type=\"application\/javascript\">window.option_df_7331 = {\"outline\":[],\"autoEnableOutline\":\"false\",\"autoEnableThumbnail\":\"false\",\"overwritePDFOutline\":\"false\",\"direction\":\"1\",\"pageSize\":\"0\",\"source\":\"https:\\\/\\\/deseta-gimnazija.hr\\\/wp-content\\\/uploads\\\/2021\\\/03\\\/Cener_2020-2021_WEB.pdf\",\"wpOptions\":\"true\"}; if(window.DFLIP && window.DFLIP.parseBooks){window.DFLIP.parseBooks();}<\/script><\/p>\n<p><strong>&#8220;Cener 2020.&#8221;<\/strong><br \/>\n<div class=\"_df_book df-lite\" id=\"df_6958\"  _slug=\"cener-2020\" data-title=\"cener-2020\" wpoptions=\"true\" thumbtype=\"\" ><\/div><script class=\"df-shortcode-script\" nowprocket type=\"application\/javascript\">window.option_df_6958 = {\"outline\":[],\"autoEnableOutline\":\"false\",\"autoEnableThumbnail\":\"false\",\"overwritePDFOutline\":\"false\",\"direction\":\"1\",\"pageSize\":\"0\",\"source\":\"https:\\\/\\\/deseta-gimnazija.hr\\\/wp-content\\\/uploads\\\/2020\\\/02\\\/Cener_2019-2020_WEB_compressed.pdf\",\"wpOptions\":\"true\"}; if(window.DFLIP && window.DFLIP.parseBooks){window.DFLIP.parseBooks();}<\/script><\/p>\n<p><strong>&#8220;Cener 2019.&#8221;<\/strong><br \/>\n<div class=\"_df_book df-lite\" id=\"df_6956\"  _slug=\"cener-2019\" data-title=\"cener-2019\" wpoptions=\"true\" thumbtype=\"\" ><\/div><script class=\"df-shortcode-script\" nowprocket type=\"application\/javascript\">window.option_df_6956 = {\"outline\":[],\"autoEnableOutline\":\"false\",\"autoEnableThumbnail\":\"false\",\"overwritePDFOutline\":\"false\",\"direction\":\"1\",\"pageSize\":\"0\",\"source\":\"https:\\\/\\\/deseta-gimnazija.hr\\\/wp-content\\\/uploads\\\/2019\\\/11\\\/Cener-2018-2019.pdf\",\"wpOptions\":\"true\"}; if(window.DFLIP && window.DFLIP.parseBooks){window.DFLIP.parseBooks();}<\/script><\/p>\n<p><strong>&#8220;Cener 2018.&#8221;<\/strong><br \/>\n<div class=\"_df_book df-lite\" id=\"df_6954\"  _slug=\"cener-2018\" data-title=\"cener-2018\" wpoptions=\"true\" thumbtype=\"\" ><\/div><script class=\"df-shortcode-script\" nowprocket type=\"application\/javascript\">window.option_df_6954 = {\"outline\":[],\"autoEnableOutline\":\"false\",\"autoEnableThumbnail\":\"false\",\"overwritePDFOutline\":\"false\",\"direction\":\"1\",\"pageSize\":\"0\",\"source\":\"https:\\\/\\\/deseta-gimnazija.hr\\\/wp-content\\\/uploads\\\/2018\\\/10\\\/cener-2018.pdf\",\"wpOptions\":\"true\"}; if(window.DFLIP && window.DFLIP.parseBooks){window.DFLIP.parseBooks();}<\/script><\/p>\n<p><strong>&#8220;Cener 2017.&#8221;<\/strong><br \/>\n<div class=\"_df_book df-lite\" id=\"df_6946\"  _slug=\"6946\" data-title=\"cener-2017\" wpoptions=\"true\" thumbtype=\"\" ><\/div><script class=\"df-shortcode-script\" nowprocket type=\"application\/javascript\">window.option_df_6946 = {\"outline\":[],\"autoEnableOutline\":\"false\",\"autoEnableThumbnail\":\"false\",\"overwritePDFOutline\":\"false\",\"direction\":\"1\",\"pageSize\":\"0\",\"source\":\"https:\\\/\\\/deseta-gimnazija.hr\\\/wp-content\\\/uploads\\\/2018\\\/10\\\/Cener-2017.pdf\",\"wpOptions\":\"true\"}; if(window.DFLIP && window.DFLIP.parseBooks){window.DFLIP.parseBooks();}<\/script><\/p>\n<p><strong>&#8220;Cener 2016.&#8221;<\/strong><br \/>\n<div class=\"_df_book df-lite\" id=\"df_6952\"  _slug=\"cener-2016\" data-title=\"cener-2016\" wpoptions=\"true\" thumbtype=\"\" ><\/div><script class=\"df-shortcode-script\" nowprocket type=\"application\/javascript\">window.option_df_6952 = {\"outline\":[],\"autoEnableOutline\":\"false\",\"autoEnableThumbnail\":\"false\",\"overwritePDFOutline\":\"false\",\"direction\":\"1\",\"pageSize\":\"0\",\"source\":\"https:\\\/\\\/deseta-gimnazija.hr\\\/wp-content\\\/uploads\\\/2018\\\/10\\\/Cener-2016.pdf\",\"wpOptions\":\"true\"}; if(window.DFLIP && window.DFLIP.parseBooks){window.DFLIP.parseBooks();}<\/script><\/p>\n<p><strong>&#8220;Cener 2015.&#8221;<\/strong><br \/>\n<div class=\"_df_book df-lite\" id=\"df_2709\"  _slug=\"2709\" data-title=\"cener-2015\" wpoptions=\"true\" thumbtype=\"\" ><\/div><script class=\"df-shortcode-script\" nowprocket type=\"application\/javascript\">window.option_df_2709 = {\"webgl\":\"true\",\"outline\":[],\"autoEnableOutline\":\"false\",\"autoEnableThumbnail\":\"false\",\"overwritePDFOutline\":\"false\",\"direction\":\"1\",\"pageMode\":\"0\",\"source\":\"https:\\\/\\\/deseta-gimnazija.hr\\\/wp-content\\\/uploads\\\/2018\\\/10\\\/Cener-2015.pdf\",\"wpOptions\":\"true\"}; if(window.DFLIP && window.DFLIP.parseBooks){window.DFLIP.parseBooks();}<\/script><\/p>\n<p><strong>&#8220;Cener 2014.&#8221;<\/strong><br \/>\n<div class=\"_df_book df-lite\" id=\"df_6950\"  _slug=\"cener-2014\" data-title=\"cener-2014\" wpoptions=\"true\" thumbtype=\"\" ><\/div><script class=\"df-shortcode-script\" nowprocket type=\"application\/javascript\">window.option_df_6950 = {\"outline\":[],\"autoEnableOutline\":\"false\",\"autoEnableThumbnail\":\"false\",\"overwritePDFOutline\":\"false\",\"direction\":\"1\",\"pageSize\":\"0\",\"source\":\"https:\\\/\\\/deseta-gimnazija.hr\\\/wp-content\\\/uploads\\\/2020\\\/05\\\/cener_2014_web_compressed.pdf\",\"wpOptions\":\"true\"}; if(window.DFLIP && window.DFLIP.parseBooks){window.DFLIP.parseBooks();}<\/script><\/p>\n<p><strong>&#8220;Cener 2013.&#8221;<\/strong><br \/>\n<div class=\"_df_book df-lite\" id=\"df_10131\"  _slug=\"cener-2013\" data-title=\"cener-2013\" wpoptions=\"true\" thumbtype=\"\" ><\/div><script class=\"df-shortcode-script\" nowprocket type=\"application\/javascript\">window.option_df_10131 = {\"outline\":[],\"autoEnableOutline\":\"false\",\"autoEnableThumbnail\":\"false\",\"overwritePDFOutline\":\"false\",\"direction\":\"1\",\"pageSize\":\"0\",\"source\":\"https:\\\/\\\/deseta-gimnazija.hr\\\/wp-content\\\/uploads\\\/2022\\\/11\\\/cener_2013.pdf\",\"wpOptions\":\"true\"}; if(window.DFLIP && window.DFLIP.parseBooks){window.DFLIP.parseBooks();}<\/script><\/p>\n<p><strong>&#8220;Cener 2012.&#8221;<\/strong><br \/>\n<div class=\"_df_book df-lite\" id=\"df_10129\"  _slug=\"cener-2012\" data-title=\"cener-2012\" wpoptions=\"true\" thumbtype=\"\" ><\/div><script class=\"df-shortcode-script\" nowprocket type=\"application\/javascript\">window.option_df_10129 = {\"outline\":[],\"autoEnableOutline\":\"false\",\"autoEnableThumbnail\":\"false\",\"overwritePDFOutline\":\"false\",\"direction\":\"1\",\"pageSize\":\"0\",\"source\":\"https:\\\/\\\/deseta-gimnazija.hr\\\/wp-content\\\/uploads\\\/2022\\\/11\\\/cener-2012.pdf\",\"wpOptions\":\"true\"}; if(window.DFLIP && window.DFLIP.parseBooks){window.DFLIP.parseBooks();}<\/script><\/p>\n<p><strong>&#8220;Cener 2010.&#8221;<\/strong><br \/>\n<div class=\"_df_book df-lite\" id=\"df_10127\"  _slug=\"cener-2010\" data-title=\"cener-2010\" wpoptions=\"true\" thumbtype=\"\" ><\/div><script class=\"df-shortcode-script\" nowprocket type=\"application\/javascript\">window.option_df_10127 = {\"outline\":[],\"autoEnableOutline\":\"false\",\"autoEnableThumbnail\":\"false\",\"overwritePDFOutline\":\"false\",\"direction\":\"1\",\"pageSize\":\"0\",\"source\":\"https:\\\/\\\/deseta-gimnazija.hr\\\/wp-content\\\/uploads\\\/2022\\\/11\\\/cener-2010.pdf\",\"wpOptions\":\"true\"}; if(window.DFLIP && window.DFLIP.parseBooks){window.DFLIP.parseBooks();}<\/script><\/p>\n<p><strong>&#8220;Cener 2009.&#8221;<\/strong><br \/>\n<div class=\"_df_book df-lite\" id=\"df_10125\"  _slug=\"cener-2009\" data-title=\"cener-2009\" wpoptions=\"true\" thumbtype=\"\" ><\/div><script class=\"df-shortcode-script\" nowprocket type=\"application\/javascript\">window.option_df_10125 = {\"outline\":[],\"autoEnableOutline\":\"false\",\"autoEnableThumbnail\":\"false\",\"overwritePDFOutline\":\"false\",\"direction\":\"1\",\"pageSize\":\"0\",\"source\":\"https:\\\/\\\/deseta-gimnazija.hr\\\/wp-content\\\/uploads\\\/2022\\\/11\\\/cener-2009.pdf\",\"wpOptions\":\"true\"}; if(window.DFLIP && window.DFLIP.parseBooks){window.DFLIP.parseBooks();}<\/script><\/p>\n<p><strong>&#8220;Cener 2008.&#8221;<\/strong><br \/>\n<div class=\"_df_book df-lite\" id=\"df_10122\"  _slug=\"cener-2008\" data-title=\"cener-2008\" wpoptions=\"true\" thumbtype=\"\" ><\/div><script class=\"df-shortcode-script\" nowprocket type=\"application\/javascript\">window.option_df_10122 = {\"outline\":[],\"autoEnableOutline\":\"false\",\"autoEnableThumbnail\":\"false\",\"overwritePDFOutline\":\"false\",\"direction\":\"1\",\"pageSize\":\"0\",\"source\":\"https:\\\/\\\/deseta-gimnazija.hr\\\/wp-content\\\/uploads\\\/2022\\\/11\\\/cener-2008.pdf\",\"wpOptions\":\"true\"}; if(window.DFLIP && window.DFLIP.parseBooks){window.DFLIP.parseBooks();}<\/script><\/p>\n","protected":false},"excerpt":{"rendered":"<p>Predstavljamo vam na\u0161 &#8220;Cener&#8221; &#8220;Cener 2026.&#8221; &#8220;Cener 2025.&#8221; &#8220;Cener 2024.&#8221; &#8220;Cener 2023.&#8221; &#8220;Cener 2022.&#8221; &#8220;Cener 2021.&#8221; &#8220;Cener 2020.&#8221; &#8220;Cener 2019.&#8221; &#8220;Cener 2018.&#8221; &#8220;Cener 2017.&#8221; &#8220;Cener 2016.&#8221; &#8220;Cener 2015.&#8221; &#8220;Cener 2014.&#8221; &#8220;Cener 2013.&#8221; &#8220;Cener 2012.&#8221; &#8220;Cener 2010.&#8221; &#8220;Cener 2009.&#8221; &#8220;Cener 2008.&#8221;<\/p>\n","protected":false},"author":2,"featured_media":0,"parent":0,"menu_order":0,"comment_status":"closed","ping_status":"closed","template":"","meta":{"ngg_post_thumbnail":0,"footnotes":""},"_links":{"self":[{"href":"https:\/\/deseta-gimnazija.hr\/index.php?rest_route=\/wp\/v2\/pages\/471"}],"collection":[{"href":"https:\/\/deseta-gimnazija.hr\/index.php?rest_route=\/wp\/v2\/pages"}],"about":[{"href":"https:\/\/deseta-gimnazija.hr\/index.php?rest_route=\/wp\/v2\/types\/page"}],"author":[{"embeddable":true,"href":"https:\/\/deseta-gimnazija.hr\/index.php?rest_route=\/wp\/v2\/users\/2"}],"replies":[{"embeddable":true,"href":"https:\/\/deseta-gimnazija.hr\/index.php?rest_route=%2Fwp%2Fv2%2Fcomments&post=471"}],"version-history":[{"count":17,"href":"https:\/\/deseta-gimnazija.hr\/index.php?rest_route=\/wp\/v2\/pages\/471\/revisions"}],"predecessor-version":[{"id":15162,"href":"https:\/\/deseta-gimnazija.hr\/index.php?rest_route=\/wp\/v2\/pages\/471\/revisions\/15162"}],"wp:attachment":[{"href":"https:\/\/deseta-gimnazija.hr\/index.php?rest_route=%2Fwp%2Fv2%2Fmedia&parent=471"}],"curies":[{"name":"wp","href":"https:\/\/api.w.org\/{rel}","templated":true}]}}