{"id":4637,"date":"2019-05-17T11:04:21","date_gmt":"2019-05-17T10:04:21","guid":{"rendered":"https:\/\/deseta-gimnazija.hr\/?page_id=4637"},"modified":"2021-03-22T09:09:49","modified_gmt":"2021-03-22T08:09:49","slug":"projekt-promicanje-mentalnog-zdravlja-pogled-u-sebe","status":"publish","type":"page","link":"https:\/\/deseta-gimnazija.hr\/?page_id=4637","title":{"rendered":"Projekt &#8221;Promicanje mentalnog zdravlja \u2013 Pogled u sebe&#8221;"},"content":{"rendered":"<p><img loading=\"lazy\" decoding=\"async\" class=\"alignnone size-full wp-image-4658\" src=\"https:\/\/deseta-gimnazija.hr\/wp-content\/uploads\/2019\/05\/promicanje-mentalnog-zdravlja.png\" alt=\"\" width=\"650\" height=\"98\" srcset=\"https:\/\/deseta-gimnazija.hr\/wp-content\/uploads\/2019\/05\/promicanje-mentalnog-zdravlja.png 650w, https:\/\/deseta-gimnazija.hr\/wp-content\/uploads\/2019\/05\/promicanje-mentalnog-zdravlja-300x45.png 300w, https:\/\/deseta-gimnazija.hr\/wp-content\/uploads\/2019\/05\/promicanje-mentalnog-zdravlja-230x35.png 230w, https:\/\/deseta-gimnazija.hr\/wp-content\/uploads\/2019\/05\/promicanje-mentalnog-zdravlja-350x53.png 350w, https:\/\/deseta-gimnazija.hr\/wp-content\/uploads\/2019\/05\/promicanje-mentalnog-zdravlja-480x72.png 480w\" sizes=\"(max-width: 650px) 100vw, 650px\" \/><\/p>\n<p>Tijekom ove \u0161kolske godine u \u0161koli se provodi projekt vezan uz mentalno zdravlje mladih, pod nazivom &#8221;Promicanje mentalnog zdravlja \u2013 Pogled u sebe&#8221;. Projekt se provodi u organizaciji Gradskog ureda za zdravstvo, Doma zdravlja Zagreb \u2013 Zapad i Me\u0111unarodne udruge studenata medicine Hrvatska, a uz potporu nastavnika i stru\u010dnih suradnika \u0160kole, Nastavnog zavoda za javno zdravstvo te Agencije za odgoj i obrazovanje. Cilj projekta je potaknuti mlade na bolje upoznavanje sebe, s namjerom pobolj\u0161anja mentalnog zdravlja, koje je temelj za individualnu dobrobit i djelotvorno funkcioniranje pojedinca i zajednice.<\/p>\n<p>U sklopu projekta u\u010denici \u0107e imati priliku pro\u0107i ciklus od osam radionica \u010diji je osnovni cilj potaknuti mlade na razmi\u0161ljanje o sebi i svojoj budu\u0107nosti, prihva\u0107anje sebe te razumijevanje svojih misli, osje\u0107aja i pona\u0161anja. Radionice \u0107e provoditi studenti Medicinskog fakulteta te studenti psihologije sa Filozofskog fakulteta i Hrvatskih studija, a odr\u017eavat \u0107e se u tre\u0107im razredima u sklopu satova razrednog odjela.<\/p>\n<p>U svrhu pra\u0107enja kvalitete radionica, u\u010denici \u0107e biti zamoljeni da ispune upitnik o tome na koji na\u010din gledaju na sebe, kao i evaluacijsku listu u kojoj \u0107e imati priliku izraziti svoje mi\u0161ljenje o radionicama. Prikupljeni podaci koristit \u0107e se u istra\u017eiva\u010dke svrhe, za potrebe unapre\u0111enja projekta i planiranje daljnjih aktivnosti, a podaci \u0107e se analizirati isklju\u010divo na grupnoj razini. Sudjelovanje je potpuno anonimno i dobrovoljno.<\/p>\n<p>U isto vrijeme \u0107e i nastavnici i stru\u010dni suradnici pro\u0107i edukaciju o mentalnom zdravlju mladih i radu s adolescentima koja \u0107e se provoditi u organizaciji Nastavnog zavoda za javno zdravstvo, kako bismo cjelovitom intervencijom stvorili pozitivnu atmosferu za aktivan rad na promicanju mentalnog zdravlja mladih.<\/p>\n<p><strong>Raspored planiranih radionica za u\u010denike tre\u0107eg razreda u okviru programa za\u0161tite mentalnog zdravlja mladih \u201c<\/strong><strong>Pogled u sebe&#8221;<\/strong><br \/>\n<\/p>\n","protected":false},"excerpt":{"rendered":"<p>Tijekom ove \u0161kolske godine u \u0161koli se provodi projekt vezan uz mentalno zdravlje mladih, pod nazivom &#8221;Promicanje mentalnog zdravlja \u2013 Pogled u sebe&#8221;. Projekt se provodi u organizaciji Gradskog ureda za zdravstvo, Doma zdravlja Zagreb \u2013 Zapad i Me\u0111unarodne udruge studenata medicine Hrvatska, a uz potporu nastavnika i stru\u010dnih suradnika \u0160kole, Nastavnog zavoda za javno [&hellip;]<\/p>\n","protected":false},"author":4,"featured_media":0,"parent":0,"menu_order":0,"comment_status":"closed","ping_status":"closed","template":"","meta":{"ngg_post_thumbnail":0,"footnotes":""},"_links":{"self":[{"href":"https:\/\/deseta-gimnazija.hr\/index.php?rest_route=\/wp\/v2\/pages\/4637"}],"collection":[{"href":"https:\/\/deseta-gimnazija.hr\/index.php?rest_route=\/wp\/v2\/pages"}],"about":[{"href":"https:\/\/deseta-gimnazija.hr\/index.php?rest_route=\/wp\/v2\/types\/page"}],"author":[{"embeddable":true,"href":"https:\/\/deseta-gimnazija.hr\/index.php?rest_route=\/wp\/v2\/users\/4"}],"replies":[{"embeddable":true,"href":"https:\/\/deseta-gimnazija.hr\/index.php?rest_route=%2Fwp%2Fv2%2Fcomments&post=4637"}],"version-history":[{"count":1,"href":"https:\/\/deseta-gimnazija.hr\/index.php?rest_route=\/wp\/v2\/pages\/4637\/revisions"}],"predecessor-version":[{"id":7551,"href":"https:\/\/deseta-gimnazija.hr\/index.php?rest_route=\/wp\/v2\/pages\/4637\/revisions\/7551"}],"wp:attachment":[{"href":"https:\/\/deseta-gimnazija.hr\/index.php?rest_route=%2Fwp%2Fv2%2Fmedia&parent=4637"}],"curies":[{"name":"wp","href":"https:\/\/api.w.org\/{rel}","templated":true}]}}