{"id":4635,"date":"2019-05-17T11:03:07","date_gmt":"2019-05-17T10:03:07","guid":{"rendered":"https:\/\/deseta-gimnazija.hr\/?page_id=4635"},"modified":"2019-05-17T12:18:17","modified_gmt":"2019-05-17T11:18:17","slug":"gdje-potraziti-pomoc-u-slucaju-teskoca-mentalnog-zdravlja","status":"publish","type":"page","link":"https:\/\/deseta-gimnazija.hr\/?page_id=4635","title":{"rendered":"Gdje potra\u017eiti pomo\u0107 u slu\u010daju te\u0161ko\u0107a mentalnog zdravlja?"},"content":{"rendered":"<p>Problemi i te\u0161ko\u0107e kojima se pojedinac susre\u0107e ponekad mogu biti preplavljuju\u0107i i osoba mo\u017ee imati osje\u0107aj da se ne mo\u017ee nositi njima. U tom slu\u010daju va\u017eno je da se osoba s time ne nosi sama.<\/p>\n<p><strong>Ukoliko problemi po\u010dinju utjecati na va\u0161 \u017eivot obratite se:<\/strong><\/p>\n<ul>\n<li><strong>roditeljima ili drugoj odrasloj osobi od povjerenja<\/strong><\/li>\n<li><strong>razredniku ili nastavniku<\/strong><\/li>\n<li><strong>\u0161kolskoj psihologinji ili pedagoginji<\/strong><\/li>\n<li><strong>lije\u010dniku op\u0107e prakse ili \u0161kolske medicine<\/strong><\/li>\n<li><strong>savjetovali\u0161tu pri Centru za zdravlje mladih<\/strong>, Heinzelova 62a<\/li>\n<\/ul>\n<p>Centar nudi savjetovanje mladima, mladim majkama, mladim obiteljima te savjetovanje za \u0161kolsku djecu i adolescente s ciljem zdravog odrastanja i \u0161to boljeg integriranja u okolinu.<\/p>\n<p>Pru\u017ea izvaninstitucionalne usluge bez uputnice, besplatno za sve korisnike.<\/p>\n<p>Link: <a href=\"https:\/\/www.czm.hr\/\" target=\"_blank\" rel=\"noopener\">https:\/\/www.czm.hr\/<\/a><\/p>\n<p>Kontakt broj: 01 6468 333<\/p>\n<ul>\n<li><strong>savjetovali\u0161tu pri Centru za za\u0161titu mentalnog zdravlja djece i mladih<\/strong>, Remetine\u010dki gaj 14<\/li>\n<\/ul>\n<p>Centar se bavi za\u0161titom mentalnoga zdravlja djece i mladih osoba, poreme\u0107ajima pona\u0161anja i emocija u dje\u010djoj i adolescentnoj dobi, adolescentnim krizama te pru\u017ea savjete mladima i roditeljima.<\/p>\n<p>Nije potrebna uputnica, no radi dogovaranja termina potrebna prethodna telefonska najava.<\/p>\n<p>Kontakt broj: 01 4696 117<\/p>\n<p>&nbsp;&nbsp;&nbsp;&nbsp;&nbsp;&nbsp;&nbsp;&nbsp;&nbsp;&nbsp;&nbsp;&nbsp;&nbsp;&nbsp;&nbsp;&nbsp;&nbsp;&nbsp;&nbsp;&nbsp;&nbsp;&nbsp; 01 6521 088<\/p>\n<p>&nbsp;<\/p>\n<ul>\n<li><strong>Centru za krizna stanja i prevenciju suicida KBC Zagreb<\/strong>, Ki\u0161pati\u0107eva 12<\/li>\n<\/ul>\n<p>gdje se mo\u017ee do\u0107i bez najave i uputnice izme\u0111u 8 i 20 sati ili nazvati kontakt broj: 01 2376 470 od 0 do 24 sata.<\/p>\n<p>&nbsp;<\/p>\n<ul>\n<li><strong>Centru za mlade Nastavnog zavoda za javno zdravstvo \u201eDr. Andrija \u0160tampar\u201c, slu\u017eba za \u0161kolsku i adolescentnu medicinu,<\/strong> Centar nudi:&nbsp;Savjetovali\u0161te za za\u0161titu reproduktivnog zdravlja, Savjetovali\u0161te o prehrani, Savjetovali\u0161te za pote\u0161ko\u0107e u\u010denja i prilagodbe<\/li>\n<\/ul>\n<p>Sve usluge su besplatne i nije potrebna uputnica, no prije dolaska potrebno se naru\u010diti.<\/p>\n<p>Centar djeluje na tri lokacije: Mirogojska cesta 16, Avenija Ve\u0107eslava Holjevca 22 i Prilaz baruna Filipovi\u0107a 11<\/p>\n<p>Kontakt broj: 01 4696 281<\/p>\n<ul>\n<li><strong>Centru za za\u0161titu mentalnog zdravlja Doma zdravlja Zagreb \u2013 Zapad<\/strong>, Ba\u0161tijanova 52<\/li>\n<\/ul>\n<p>Nudi suvremeni pristup zdravstvenoj za\u0161titi mentalnog zdravlja na razini primarne zadravstvene za\u0161tite. Programi su namijenjeni djeci i mladima, trudnicama i dojiljama te \u010dlanovima njihove obitelji.&nbsp;&nbsp;&nbsp;&nbsp;&nbsp;&nbsp;&nbsp;&nbsp;&nbsp;&nbsp;&nbsp;&nbsp;&nbsp;&nbsp;&nbsp;&nbsp;&nbsp;&nbsp;&nbsp;&nbsp;&nbsp;&nbsp;&nbsp;&nbsp;&nbsp;&nbsp;&nbsp;&nbsp;&nbsp;&nbsp;&nbsp;&nbsp;&nbsp;&nbsp;&nbsp;&nbsp;&nbsp;&nbsp;&nbsp;&nbsp;&nbsp;&nbsp;&nbsp;&nbsp;&nbsp;&nbsp;&nbsp;&nbsp;&nbsp;&nbsp;&nbsp;&nbsp;&nbsp;&nbsp;&nbsp;&nbsp;&nbsp;&nbsp;&nbsp;&nbsp;&nbsp;&nbsp;<\/p>\n<p>Usluge su besplatne i nije potrebna uputnica, no potrebna je prethodna najava.<\/p>\n<p>Kontakt broj: 01 3667 546<\/p>\n<p>&nbsp;<\/p>\n<ul>\n<li><strong>Poliklinici za za\u0161titu djece Grada Zagreba<\/strong>, Ulica Ignjata \u0110or\u0111i\u0107a 26<\/li>\n<\/ul>\n<p>Nudi dijagnosti\u010dki i tretmanski rad s:<\/p>\n<ul>\n<li>psihotraumatiziranom djecom i njihovim roditeljima<\/li>\n<li>djecom koja su rizi\u010dna za zlostavljanje i zanemarivanje<\/li>\n<li>djecom s problemima u u\u010denju i pona\u0161anju<\/li>\n<li>djecu s emocionalnim te\u0161ko\u0107ama<\/li>\n<li>djecom s pote\u0161ko\u0107ama iz kruga ADHD-a<\/li>\n<li>djecom iz obitelji s naru\u0161enom dinamikom i rizi\u010dnim obiteljima<\/li>\n<li>djecom \u010diji su roditelji pod intenzivnijim roditeljskim ili op\u0107im stresom<\/li>\n<li>djecom \u010diji roditelji prolaze kroz razvod s izra\u017eenim sukobom i dr.<\/li>\n<\/ul>\n<p>Kontakt broj: 01 3457 518<\/p>\n<p>&nbsp;<\/p>\n<ul>\n<li><strong>Terapijskom-rehabilitacijskom programu za ovisnike o kockanju i problemskome kockanju<\/strong>, Psihijatrijska bolnica \u201eSveti Ivan\u201c, Jankomir 11<\/li>\n<\/ul>\n<p>Skrb je osigurana putem HZZO-ovih uputnica u obliku dnevne bolnice<\/p>\n<p>Kontakt broj: 01 3430 101<\/p>\n<p>&nbsp;&nbsp;&nbsp;&nbsp;&nbsp;&nbsp;&nbsp;&nbsp;&nbsp;&nbsp;&nbsp;&nbsp;&nbsp;&nbsp;&nbsp;&nbsp;&nbsp;&nbsp;&nbsp;&nbsp;&nbsp;&nbsp; 01 3430 102<\/p>\n","protected":false},"excerpt":{"rendered":"<p>Problemi i te\u0161ko\u0107e kojima se pojedinac susre\u0107e ponekad mogu biti preplavljuju\u0107i i osoba mo\u017ee imati osje\u0107aj da se ne mo\u017ee nositi njima. U tom slu\u010daju va\u017eno je da se osoba s time ne nosi sama. Ukoliko problemi po\u010dinju utjecati na va\u0161 \u017eivot obratite se: roditeljima ili drugoj odrasloj osobi od povjerenja razredniku ili nastavniku \u0161kolskoj [&hellip;]<\/p>\n","protected":false},"author":4,"featured_media":0,"parent":0,"menu_order":0,"comment_status":"closed","ping_status":"closed","template":"","meta":{"ngg_post_thumbnail":0,"footnotes":""},"_links":{"self":[{"href":"https:\/\/deseta-gimnazija.hr\/index.php?rest_route=\/wp\/v2\/pages\/4635"}],"collection":[{"href":"https:\/\/deseta-gimnazija.hr\/index.php?rest_route=\/wp\/v2\/pages"}],"about":[{"href":"https:\/\/deseta-gimnazija.hr\/index.php?rest_route=\/wp\/v2\/types\/page"}],"author":[{"embeddable":true,"href":"https:\/\/deseta-gimnazija.hr\/index.php?rest_route=\/wp\/v2\/users\/4"}],"replies":[{"embeddable":true,"href":"https:\/\/deseta-gimnazija.hr\/index.php?rest_route=%2Fwp%2Fv2%2Fcomments&post=4635"}],"version-history":[{"count":0,"href":"https:\/\/deseta-gimnazija.hr\/index.php?rest_route=\/wp\/v2\/pages\/4635\/revisions"}],"wp:attachment":[{"href":"https:\/\/deseta-gimnazija.hr\/index.php?rest_route=%2Fwp%2Fv2%2Fmedia&parent=4635"}],"curies":[{"name":"wp","href":"https:\/\/api.w.org\/{rel}","templated":true}]}}