{"id":4629,"date":"2019-05-17T11:12:28","date_gmt":"2019-05-17T10:12:28","guid":{"rendered":"https:\/\/deseta-gimnazija.hr\/?page_id=4629"},"modified":"2021-03-22T08:51:01","modified_gmt":"2021-03-22T07:51:01","slug":"protokol-o-postupanju-nastavnika-u-slucaju-sumnje-ili-saznanja-o-teskocama-ucenika-u-podrucju-mentalnog-zdravlja","status":"publish","type":"page","link":"https:\/\/deseta-gimnazija.hr\/?page_id=4629","title":{"rendered":"Protokol o postupanju nastavnika u slu\u010daju sumnje ili saznanja o te\u0161ko\u0107ama u\u010denika u podru\u010dju mentalnog zdravlja"},"content":{"rendered":"\n","protected":false},"excerpt":{"rendered":"","protected":false},"author":4,"featured_media":0,"parent":0,"menu_order":0,"comment_status":"closed","ping_status":"closed","template":"","meta":{"ngg_post_thumbnail":0,"footnotes":""},"_links":{"self":[{"href":"https:\/\/deseta-gimnazija.hr\/index.php?rest_route=\/wp\/v2\/pages\/4629"}],"collection":[{"href":"https:\/\/deseta-gimnazija.hr\/index.php?rest_route=\/wp\/v2\/pages"}],"about":[{"href":"https:\/\/deseta-gimnazija.hr\/index.php?rest_route=\/wp\/v2\/types\/page"}],"author":[{"embeddable":true,"href":"https:\/\/deseta-gimnazija.hr\/index.php?rest_route=\/wp\/v2\/users\/4"}],"replies":[{"embeddable":true,"href":"https:\/\/deseta-gimnazija.hr\/index.php?rest_route=%2Fwp%2Fv2%2Fcomments&post=4629"}],"version-history":[{"count":1,"href":"https:\/\/deseta-gimnazija.hr\/index.php?rest_route=\/wp\/v2\/pages\/4629\/revisions"}],"predecessor-version":[{"id":7538,"href":"https:\/\/deseta-gimnazija.hr\/index.php?rest_route=\/wp\/v2\/pages\/4629\/revisions\/7538"}],"wp:attachment":[{"href":"https:\/\/deseta-gimnazija.hr\/index.php?rest_route=%2Fwp%2Fv2%2Fmedia&parent=4629"}],"curies":[{"name":"wp","href":"https:\/\/api.w.org\/{rel}","templated":true}]}}