{"id":3971,"date":"2019-01-31T13:15:12","date_gmt":"2019-01-31T12:15:12","guid":{"rendered":"https:\/\/deseta-gimnazija.hr\/?page_id=3971"},"modified":"2019-05-28T10:58:48","modified_gmt":"2019-05-28T09:58:48","slug":"opca-gimnazija","status":"publish","type":"page","link":"https:\/\/deseta-gimnazija.hr\/?page_id=3971","title":{"rendered":"Op\u0107a gimnazija"},"content":{"rendered":"<style type=\"text\/css\"><span class=\"mce_SELRES_start\" style=\"width: 0px; line-height: 0; overflow: hidden; display: inline-block;\" data-mce-type=\"bookmark\">\ufeff<\/span><br \/>.tg  {border-collapse:collapse;border-spacing:0;}<br \/>.tg td{font-family:Arial, sans-serif;font-size:14px;padding:10px 5px;border-style:solid;border-width:1px;overflow:hidden;word-break:normal;border-color:black;}<br \/>.tg th{font-family:Arial, sans-serif;font-size:14px;font-weight:normal;padding:10px 5px;border-style:solid;border-width:1px;overflow:hidden;word-break:normal;border-color:black;}<br \/>.tg .tg-1wig{font-weight:bold;text-align:left;vertical-align:top}<br \/>.tg .tg-amwm{font-weight:bold;text-align:center;vertical-align:top}<br \/><\/style>\n<p><strong>Nastavni plan op\u0107e gimnazije i op\u0107e gimnazije sa skupinom predmeta na engleskom* jeziku<\/strong><\/p>\n<table class=\"tg\">\n<tbody>\n<tr>\n<th class=\"tg-1wig\">&nbsp;<\/th>\n<th class=\"tg-amwm\" colspan=\"4\">Broj sati tjedno<\/th>\n<\/tr>\n<tr>\n<td class=\"tg-1wig\">&nbsp;<\/td>\n<td class=\"tg-amwm\"><strong>1.raz.<\/strong><\/td>\n<td class=\"tg-amwm\"><strong>2. raz.<\/strong><\/td>\n<td class=\"tg-amwm\"><strong>3.raz.<\/strong><\/td>\n<td class=\"tg-amwm\"><strong>4. raz.<\/strong><\/td>\n<\/tr>\n<tr>\n<td class=\"tg-amwm\"><strong>Hrvatski jezik<\/strong><\/td>\n<td class=\"tg-amwm\"><strong>4<\/strong><\/td>\n<td class=\"tg-amwm\"><strong>4<\/strong><\/td>\n<td class=\"tg-amwm\"><strong>4<\/strong><\/td>\n<td class=\"tg-amwm\"><strong>4<\/strong><\/td>\n<\/tr>\n<tr>\n<td class=\"tg-amwm\"><strong>I. strani jezik<\/strong><\/td>\n<td class=\"tg-amwm\"><strong>3<\/strong><\/td>\n<td class=\"tg-amwm\"><strong>3<\/strong><\/td>\n<td class=\"tg-amwm\"><strong>3<\/strong><\/td>\n<td class=\"tg-amwm\"><strong>3<\/strong><\/td>\n<\/tr>\n<tr>\n<td class=\"tg-amwm\"><strong>II. strani jezik<\/strong><\/td>\n<td class=\"tg-amwm\"><strong>2<\/strong><\/td>\n<td class=\"tg-amwm\"><strong>2<\/strong><\/td>\n<td class=\"tg-amwm\"><strong>2<\/strong><\/td>\n<td class=\"tg-amwm\"><strong>2<\/strong><\/td>\n<\/tr>\n<tr>\n<td class=\"tg-amwm\"><strong>Latinski jezik<\/strong><\/td>\n<td class=\"tg-amwm\"><strong>2<\/strong><\/td>\n<td class=\"tg-amwm\"><strong>2<\/strong><\/td>\n<td class=\"tg-amwm\"><strong>&#8211;<\/strong><\/td>\n<td class=\"tg-amwm\"><strong>&#8211;<\/strong><\/td>\n<\/tr>\n<tr>\n<td class=\"tg-amwm\"><strong>Glazbena umjetnost<\/strong><\/td>\n<td class=\"tg-amwm\"><strong>1<\/strong><\/td>\n<td class=\"tg-amwm\"><strong>1<\/strong><\/td>\n<td class=\"tg-amwm\"><strong>1<\/strong><\/td>\n<td class=\"tg-amwm\"><strong>1<\/strong><\/td>\n<\/tr>\n<tr>\n<td class=\"tg-amwm\"><strong>Likovna umjetnost*<\/strong><\/td>\n<td class=\"tg-amwm\"><strong>1<\/strong><\/td>\n<td class=\"tg-amwm\"><strong>1<\/strong><\/td>\n<td class=\"tg-amwm\"><strong>1<\/strong><\/td>\n<td class=\"tg-amwm\"><strong>1<\/strong><\/td>\n<\/tr>\n<tr>\n<td class=\"tg-amwm\"><strong>Psihologija<\/strong><\/td>\n<td class=\"tg-amwm\"><strong>&#8211;<\/strong><\/td>\n<td class=\"tg-amwm\"><strong>1<\/strong><\/td>\n<td class=\"tg-amwm\"><strong>1<\/strong><\/td>\n<td class=\"tg-amwm\"><strong>&#8211;<\/strong><\/td>\n<\/tr>\n<tr>\n<td class=\"tg-amwm\"><strong>Logika<\/strong><\/td>\n<td class=\"tg-amwm\"><strong>&#8211;<\/strong><\/td>\n<td class=\"tg-amwm\"><strong>&#8211;<\/strong><\/td>\n<td class=\"tg-amwm\"><strong>1<\/strong><\/td>\n<td class=\"tg-amwm\"><strong>&#8211;<\/strong><\/td>\n<\/tr>\n<tr>\n<td class=\"tg-amwm\"><strong>Filozofija<\/strong><\/td>\n<td class=\"tg-amwm\"><strong>&#8211;<\/strong><\/td>\n<td class=\"tg-amwm\"><strong>&#8211;<\/strong><\/td>\n<td class=\"tg-amwm\"><strong>&#8211;<\/strong><\/td>\n<td class=\"tg-amwm\"><strong>2<\/strong><\/td>\n<\/tr>\n<tr>\n<td class=\"tg-amwm\"><strong>Sociologija*<\/strong><\/td>\n<td class=\"tg-amwm\"><strong>&#8211;<\/strong><\/td>\n<td class=\"tg-amwm\"><strong>&#8211;<\/strong><\/td>\n<td class=\"tg-amwm\"><strong>2<\/strong><\/td>\n<td class=\"tg-amwm\"><strong>&#8211;<\/strong><\/td>\n<\/tr>\n<tr>\n<td class=\"tg-amwm\"><strong>Povijest<\/strong><\/td>\n<td class=\"tg-amwm\"><strong>2<\/strong><\/td>\n<td class=\"tg-amwm\"><strong>2<\/strong><\/td>\n<td class=\"tg-amwm\"><strong>2<\/strong><\/td>\n<td class=\"tg-amwm\"><strong>3<\/strong><\/td>\n<\/tr>\n<tr>\n<td class=\"tg-amwm\"><strong>Zemljopis<\/strong><\/td>\n<td class=\"tg-amwm\"><strong>2<\/strong><\/td>\n<td class=\"tg-amwm\"><strong>2<\/strong><\/td>\n<td class=\"tg-amwm\"><strong>2<\/strong><\/td>\n<td class=\"tg-amwm\"><strong>2<\/strong><\/td>\n<\/tr>\n<tr>\n<td class=\"tg-amwm\"><strong>Matematika*<\/strong><\/td>\n<td class=\"tg-amwm\"><strong>4<\/strong><\/td>\n<td class=\"tg-amwm\"><strong>4<\/strong><\/td>\n<td class=\"tg-amwm\"><strong>3<\/strong><\/td>\n<td class=\"tg-amwm\"><strong>3<\/strong><\/td>\n<\/tr>\n<tr>\n<td class=\"tg-amwm\"><strong>Fizika*<\/strong><\/td>\n<td class=\"tg-amwm\"><strong>2<\/strong><\/td>\n<td class=\"tg-amwm\"><strong>2<\/strong><\/td>\n<td class=\"tg-amwm\"><strong>2<\/strong><\/td>\n<td class=\"tg-amwm\"><strong>2<\/strong><\/td>\n<\/tr>\n<tr>\n<td class=\"tg-amwm\"><strong>Kemija*<\/strong><\/td>\n<td class=\"tg-amwm\"><strong>2<\/strong><\/td>\n<td class=\"tg-amwm\"><strong>2<\/strong><\/td>\n<td class=\"tg-amwm\"><strong>2<\/strong><\/td>\n<td class=\"tg-amwm\"><strong>2<\/strong><\/td>\n<\/tr>\n<tr>\n<td class=\"tg-amwm\"><strong>Biologija*<\/strong><\/td>\n<td class=\"tg-amwm\"><strong>2<\/strong><\/td>\n<td class=\"tg-amwm\"><strong>2<\/strong><\/td>\n<td class=\"tg-amwm\"><strong>2<\/strong><\/td>\n<td class=\"tg-amwm\"><strong>2<\/strong><\/td>\n<\/tr>\n<tr>\n<td class=\"tg-amwm\"><strong>PiG<\/strong><\/td>\n<td class=\"tg-amwm\"><strong>&#8211;<\/strong><\/td>\n<td class=\"tg-amwm\"><strong>&#8211;<\/strong><\/td>\n<td class=\"tg-amwm\"><strong>&#8211;<\/strong><\/td>\n<td class=\"tg-amwm\"><strong>1<\/strong><\/td>\n<\/tr>\n<tr>\n<td class=\"tg-amwm\"><strong>Informatika<\/strong><\/td>\n<td class=\"tg-amwm\"><strong>2<\/strong><\/td>\n<td class=\"tg-amwm\"><strong>&#8211;<\/strong><\/td>\n<td class=\"tg-amwm\"><strong>&#8211;<\/strong><\/td>\n<td class=\"tg-amwm\"><strong>&#8211;<\/strong><\/td>\n<\/tr>\n<tr>\n<td class=\"tg-amwm\"><strong>TZK<\/strong><\/td>\n<td class=\"tg-amwm\"><strong>2<\/strong><\/td>\n<td class=\"tg-amwm\"><strong>2<\/strong><\/td>\n<td class=\"tg-amwm\"><strong>2<\/strong><\/td>\n<td class=\"tg-amwm\"><strong>2<\/strong><\/td>\n<\/tr>\n<tr>\n<td class=\"tg-amwm\"><strong>Vjeronauk\/Etika*<\/strong><\/td>\n<td class=\"tg-amwm\"><strong>1<\/strong><\/td>\n<td class=\"tg-amwm\"><strong>1<\/strong><\/td>\n<td class=\"tg-amwm\"><strong>1<\/strong><\/td>\n<td class=\"tg-amwm\"><strong>1<\/strong><\/td>\n<\/tr>\n<tr>\n<td class=\"tg-amwm\"><strong>Izborna nastava*<\/strong><\/td>\n<td class=\"tg-amwm\"><strong>&#8211;<\/strong><\/td>\n<td class=\"tg-amwm\"><strong>2<\/strong><\/td>\n<td class=\"tg-amwm\"><strong>2<\/strong><\/td>\n<td class=\"tg-amwm\"><strong>2<\/strong><\/td>\n<\/tr>\n<tr>\n<td class=\"tg-amwm\"><strong>Fakultativna nastava engleskog jezika *<\/strong><\/td>\n<td class=\"tg-amwm\"><strong>1<\/strong><\/td>\n<td class=\"tg-amwm\"><strong>1<\/strong><\/td>\n<td class=\"tg-amwm\"><strong>1<\/strong><\/td>\n<td class=\"tg-amwm\"><strong>1<\/strong><\/td>\n<\/tr>\n<tr>\n<td class=\"tg-amwm\" colspan=\"5\"><strong>*u &#8220;dvojezi\u010dnom&#8221; programu dio nastave se odr\u017eava na engleskom jeziku&nbsp;u skladu sa Pravilnikom o izvo\u0111enju nastave dijela nastavnih predmeta i sadr\u017eaja utvr\u0111enih nastavnim planom i programom na nekom od svjetskih jezika<\/strong><\/td>\n<\/tr>\n<\/tbody>\n<\/table>\n","protected":false},"excerpt":{"rendered":"<p>Nastavni plan op\u0107e gimnazije i op\u0107e gimnazije sa skupinom predmeta na engleskom* jeziku &nbsp; Broj sati tjedno &nbsp; 1.raz. 2. raz. 3.raz. 4. raz. Hrvatski jezik 4 4 4 4 I. strani jezik 3 3 3 3 II. strani jezik 2 2 2 2 Latinski jezik 2 2 &#8211; &#8211; Glazbena umjetnost 1 1 1 [&hellip;]<\/p>\n","protected":false},"author":4,"featured_media":0,"parent":0,"menu_order":0,"comment_status":"closed","ping_status":"closed","template":"","meta":{"ngg_post_thumbnail":0,"footnotes":""},"_links":{"self":[{"href":"https:\/\/deseta-gimnazija.hr\/index.php?rest_route=\/wp\/v2\/pages\/3971"}],"collection":[{"href":"https:\/\/deseta-gimnazija.hr\/index.php?rest_route=\/wp\/v2\/pages"}],"about":[{"href":"https:\/\/deseta-gimnazija.hr\/index.php?rest_route=\/wp\/v2\/types\/page"}],"author":[{"embeddable":true,"href":"https:\/\/deseta-gimnazija.hr\/index.php?rest_route=\/wp\/v2\/users\/4"}],"replies":[{"embeddable":true,"href":"https:\/\/deseta-gimnazija.hr\/index.php?rest_route=%2Fwp%2Fv2%2Fcomments&post=3971"}],"version-history":[{"count":0,"href":"https:\/\/deseta-gimnazija.hr\/index.php?rest_route=\/wp\/v2\/pages\/3971\/revisions"}],"wp:attachment":[{"href":"https:\/\/deseta-gimnazija.hr\/index.php?rest_route=%2Fwp%2Fv2%2Fmedia&parent=3971"}],"curies":[{"name":"wp","href":"https:\/\/api.w.org\/{rel}","templated":true}]}}