{"id":3825,"date":"2018-12-11T13:13:41","date_gmt":"2018-12-11T12:13:41","guid":{"rendered":"https:\/\/deseta-gimnazija.hr\/?page_id=3825"},"modified":"2018-12-11T13:13:41","modified_gmt":"2018-12-11T12:13:41","slug":"supekova-bastina","status":"publish","type":"page","link":"https:\/\/deseta-gimnazija.hr\/?page_id=3825","title":{"rendered":"Supekova ba\u0161tina"},"content":{"rendered":"<p>IVAN SUPEK &#8211; \u010cOVJEK (OD) RIJE\u010cI<\/p>\n<p>U sklopu obilje\u017eavanja i \u010duvanja uspomene na \u017eivot i djelo tog velikog znanstvenika, knji\u017eevnika i humanista na\u0161a \u0161kolska knji\u017enica nastoji prikupiti \u0161to ve\u0107i broj njegovih djela. Do sada je kupnjom i donacijama prikupljeno vi\u0161e od \u010detrdeset naslova.<\/p>\n<p>FIZIKA<br \/>\n1. Supek, Ivan. Od anti\u010dke filozofije do moderne nauke o atomima. Zagreb : Nakladni zavod Hrvatske, 1946.<br \/>\n2. Supek, Ivan. Na atomskim vulkanima. Zagreb : Naprijed, 1959.<br \/>\n3. Supek, Ivan. Teorijska fizika i struktura materije : drugi dio., 3. izd. Zagreb : \u0160kolska knjiga, 1964.<br \/>\n4. Supek, Ivan. Teorijska fizika i struktura materije : drugi dio. 5. prera\u0111eno izd. Zagreb : \u0160kolska knjiga, 1990.<br \/>\n5. Supek, Ivan. Teorijska fizika i struktura materije : drugi dio. 4. prera\u0111eno i dopunjeno izd. Zagreb : \u0160kolska<br \/>\n&nbsp; &nbsp; knjiga, 1977.<br \/>\n6. Supek, Ivan. Teorijska fizika i struktura materije : prvi dio. 4. izd. Zagreb : \u0160kolska knjiga, 1974.<br \/>\n7. Supek, Ivan. Teorijska fizika i struktura materije : prvi dio. 6.izd. Zagreb : \u0160kolska knjiga, 1992.<br \/>\n8. Supek, Ivan; Furi\u0107, Miroslav. Po\u010dela fizike : uvod u teorijsku fiziku. Zagreb : \u0160kolska knjiga, 1994.<br \/>\n9. Supek, Ivan. Povijest fizike. 3. izd. Zagreb : \u0160kolska knjiga, 2004.<\/p>\n<p>FILOZOFIJA ZNANOSTI<br \/>\n1.Supek, Ivan. Filozofija znanosti i humanizam. Zagreb : SNL, 1991.<br \/>\n2. Supek, Ivan. Na prekretnici milenija. Zagreb : Prometej, 2001.<br \/>\n3. Supek, Ivan. Religija i filozofija. Zagreb : \u0160kolska knjiga, 2003.<\/p>\n<p>POVIJEST ZNANOSTI,CIVILIZACIJA, KULTURA, NAPREDAK&#8230;<br \/>\n1. Supek, Ivan. Povijesne meditacije. Zagreb : AGM, 1996.<br \/>\n2. Supek, Ivan. Proma\u0161aji i nade. Zagreb : Nakladni zavod Globus, 1997.<br \/>\n3. Supek, Ivan. Ru\u0111er Bo\u0161kovi\u0107 : vizionar u prijelomima filozofije, znanosti i dru\u0161tva. Zagreb : \u0160kolska knjiga,<br \/>\n&nbsp; &nbsp; 2005.<br \/>\n4. Supek, Ivan. Refleksije o znanosti i politici. Zagreb : Prometej, 2005.<br \/>\n5. Supek, Ivan. Trinitas. Zagreb : Profil, 2010.<\/p>\n<p>ZNA\u010cAJ ZNANOSTI ZA MIR<br \/>\n1. Supek, Ivan. Posljednja revolucija. Zagreb : Stvarnost, 1965.<br \/>\n2. Supek, Ivan. Epr \u2013efekt. Zagreb : Naprijed, 1995.<\/p>\n<p>ROMANI<br \/>\n1. Supek, Ivan. U prvom licu. ( u knjizi je i drama : U predsoblju)., Zagreb : Naprijed, 1965.<br \/>\n2. Supek, Ivan. Sve po\u010dinje iznova. Zagreb : Mladost, 1970.<br \/>\n3. Supek, Ivan. Opstati usprkos. Zagreb : \u0160kolska knjiga, 1971.<br \/>\n4. Supek, Ivan. Extraordinarius. Zagreb : Institut za filozofiju znanosti i mir JAZU : Jugoslavenska pagva\u0161ka<br \/>\n&nbsp; &nbsp; konferencija, 1974.<br \/>\n5. Supek, Ivan. Otkri\u0107e u izgubljenom vremenu. Zagreb : Globus, 1987.<br \/>\n6. Supek, Ivan. Krunski svjedok u Hebrangovu slu\u010daju. Zagreb : Globus, 1990.<br \/>\n7. Supek, Ivan. Buna Janusa Pannoniusa. Zagreb : Nakladni zavod matice Hrvatske, 1992.<br \/>\n8. Supek, Ivan. Krivovjernik na ljevici. Zagreb : Globus , 1992.<br \/>\n9. Supek, Ivan. Heretik. Zagreb : \u0160kolska knjiga , 1995.<br \/>\n10. Supek, Ivan. Hrvatska tetralogija. Zagreb : Nakladni zavod Globus, 1995.<br \/>\n11. Supek, Ivan\u2026 [ et. al.] . O\u010dena\u0161 iz Hrvatske. Zagreb : Teovizija,1996.<br \/>\n12. Supek, Ivan. Proma\u0161aji i nade . Zagreb : Nakladni zavod Globus , 1997.<br \/>\n13. Supek, Ivan. Amalgami. Zagreb : Nakladni zavod Matice hrvatske, 1998.<br \/>\n14. Supek, Ivan. U opasnoj sjeni. Zagreb : Ceres, 2002.<br \/>\n15. Supek, Ivan. Proces stolje\u0107a . Zagreb : Naklada Ljevak, 2003.<br \/>\n16. Supek, Ivan. Haa\u0161ki protokoli. Zagreb : Profil international, 2005.<br \/>\n17. Supek, Ivan. Tragom duha kroz divljinu. Zagreb : Profil international, 2006.<\/p>\n<p>DRAME<br \/>\n1. Supek, Ivan. Drame : I dio: Mirakul, Heretik, U kasarni na rubu \u0161ume, U predsoblju,Otpadnici, Lovi\u0161te. Zagreb :<br \/>\n&nbsp; &nbsp; Matica hrvatska, 1971.<\/p>\n<p>INTERVJU<br \/>\n1. Bili\u0107, Branimir. Znakovi vremena-znakovi nade\/ Branimir Bili\u0107 i sugovornici ( Knjiga je nastala kao rezultat<br \/>\n&nbsp; &nbsp; razgovora Branimira Bili\u0107a sa sugovornicima emisije Znakovi vremena u razdoblju od 26.11.2003. do<br \/>\n&nbsp; &nbsp; 10.06.2004.) Zastupljeni sugovornici: Ivan Supek\u2026.[et al].<\/p>\n<p>\u010cASOPISI<br \/>\nIvan Supek bio je pokreta\u010d i glavni urednik \u010dasopisa za sintezu znanosti, umjetnosti i dru\u0161tvene prakse \u2013 Encyklopedia moderna.<br \/>\n1. Encyklopedia moderna br.13 , ljeto,1970. godina V<br \/>\n2. Encyklopedia moderna br.14 , jesen, 1970. godina V (Ivan Supek : Filozofski razgovor )<br \/>\n3. Encyklopedia moderna br. 4 (40), Zagreb, 1992. godina XIII<\/p>\n<p>KNJIGE O SUPEKU<br \/>\nPre\u017eivljavati usprkos : [zbornik povodom 100. obljetnice ro\u0111enja Ivana Supeka] \/urednik Nikola Bili\u0161kov. Zagreb : Izvori, 2015.<br \/>\nHorizons of humanity essays in honour of Ivan Supek \/ Zdravko Radman (ed.). Frankfurt am Main [et al.] : Peter Lang, 1997.<br \/>\nIvan Supek : [1915.-2007.] : u povodu 100. obljetnice ro\u0111enja \/ urednici Snje\u017eana Pau\u0161ek \u2013 Ba\u017edar, Ksenofont Ilakovac. Zagreb : Hrvatska akademija znanosti i umjetnosti , 2015.<br \/>\nIvan Supek: 1915.-2007. \/ uredio Ksenofont Ilakovac. Zagreb : Hrvatska akademija znanosti i umjetnosti, 2013.<\/p>\n<p>ZNA\u010cAJNE MISLI IZ SUPEKOVIH DJELA<br \/>\nO kozmopolitizmu<br \/>\n\u201e\u010covjek je, kao potomak vjekovnog biolo\u0161kog i kulturnog \u017eivota, roditelj i bri\u017enik potomstva. Kad se \u010dovjek udomi u tu vje\u010dnost, njegova \u0107e zasebnost prerasti u brigu za cijeli svijet . Kozmopolitizam ne ukida ljubav prema zavi\u010daju. Naprotiv! &#8221;<br \/>\n(Trinitas, str. 314.)<\/p>\n<p>O umjetnosti<br \/>\n\u201eUmjetnost fantasti\u010dno pro\u0161iruje ljudsku zbilju. Kad bismo poku\u0161ali izbrisati sve \u0161to dolazi od ukra\u0161avanja obrednih sve\u010danosti , kipova, plesa, muzike, kazali\u0161ta i pjesni\u0161tva, jedva da bi nam \u0161to ostalo od govora i svakida\u0161njice uop\u0107e.&#8221;<br \/>\n( Trinitas, str. 210)<\/p>\n<p>O humanizmu<br \/>\n10 humanisti\u010dkih na\u010dela ( iz Dubrova\u010dko-philadelphijske deklaracije 1976. godina)<br \/>\n1. o\u010duvati \u017eivot i uva\u017eavati dosada\u0161nja postignu\u0107a;<br \/>\n2. za\u0161tititi prirodu od uni\u0161tenja;<br \/>\n3. afirmirati ljudsku jednakost i slobodu;<br \/>\n4. pro\u0161iriti su\u0107ut i solidarnost na sve ljude;<br \/>\n5. tra\u017eiti istinu;<br \/>\n6. primjenjivati istra\u017eivanja na op\u0107u blagodat;<br \/>\n7. njegovati ljepotu i umjetnost<br \/>\n8. prenositi humanisti\u010dka na\u010dela u legalne norme;<br \/>\n9. promicati svjetski sporazum, suradnju i mir;<br \/>\n10. biti dobar.<br \/>\n(Trinitas, str. 312)<\/p>\n<p>Priredila: Marinka Cirkovi\u0107<br \/>\nPopis djela nadopunile: Maja Vukovi\u0107 i Kasandra Molnar Skopal<\/p>\n<p>SUPEKOVI DANI<br \/>\nOd 2008. godine, na prvu godi\u0161njicu preimenovanja na\u0161e \u0161kole u X. gimnaziju \u201eIvan Supek\u201c , zapo\u010deli smo obilje\u017eavanje Supekova stvarala\u010dkog rada pod nazivom \u2013 Supekovi dani.<br \/>\nTo je manifestacija koja obuhva\u0107a stvarala\u010dki rad i prezentaciju na\u0161ih u\u010denika, a povezana je uz ime Ivana Supeka kao trajnog nadahnu\u0107a za sada\u0161nje i budu\u0107e generacije u\u010denika.<\/p>\n","protected":false},"excerpt":{"rendered":"<p>IVAN SUPEK &#8211; \u010cOVJEK (OD) RIJE\u010cI U sklopu obilje\u017eavanja i \u010duvanja uspomene na \u017eivot i djelo tog velikog znanstvenika, knji\u017eevnika i humanista na\u0161a \u0161kolska knji\u017enica nastoji prikupiti \u0161to ve\u0107i broj njegovih djela. Do sada je kupnjom i donacijama prikupljeno vi\u0161e od \u010detrdeset naslova. FIZIKA 1. Supek, Ivan. Od anti\u010dke filozofije do moderne nauke o atomima. [&hellip;]<\/p>\n","protected":false},"author":4,"featured_media":0,"parent":0,"menu_order":0,"comment_status":"closed","ping_status":"closed","template":"","meta":{"ngg_post_thumbnail":0,"footnotes":""},"_links":{"self":[{"href":"https:\/\/deseta-gimnazija.hr\/index.php?rest_route=\/wp\/v2\/pages\/3825"}],"collection":[{"href":"https:\/\/deseta-gimnazija.hr\/index.php?rest_route=\/wp\/v2\/pages"}],"about":[{"href":"https:\/\/deseta-gimnazija.hr\/index.php?rest_route=\/wp\/v2\/types\/page"}],"author":[{"embeddable":true,"href":"https:\/\/deseta-gimnazija.hr\/index.php?rest_route=\/wp\/v2\/users\/4"}],"replies":[{"embeddable":true,"href":"https:\/\/deseta-gimnazija.hr\/index.php?rest_route=%2Fwp%2Fv2%2Fcomments&post=3825"}],"version-history":[{"count":0,"href":"https:\/\/deseta-gimnazija.hr\/index.php?rest_route=\/wp\/v2\/pages\/3825\/revisions"}],"wp:attachment":[{"href":"https:\/\/deseta-gimnazija.hr\/index.php?rest_route=%2Fwp%2Fv2%2Fmedia&parent=3825"}],"curies":[{"name":"wp","href":"https:\/\/api.w.org\/{rel}","templated":true}]}}