{"id":347,"date":"2018-02-22T13:51:14","date_gmt":"2018-02-22T13:51:14","guid":{"rendered":"https:\/\/deseta-gimnazija.hr\/wp\/?page_id=347"},"modified":"2022-10-21T09:49:30","modified_gmt":"2022-10-21T08:49:30","slug":"o-imenu-skole","status":"publish","type":"page","link":"https:\/\/deseta-gimnazija.hr\/?page_id=347","title":{"rendered":"O imenu \u0161kole"},"content":{"rendered":"<p>\u0160kolski odbor X. gimnazije je na 8. sjednici Odbora koja je odr\u017eana neposredno po objavi smrti akademika Ivana Supeka, 8. o\u017eujka 2007. godine s odu\u0161evljenjem prihvatio prijedlog predsjednice \u0160kolskog odbora Slavice Kapor-Najman da X. gimnazija promijeni ime u X. gimnazija Ivan Supek.<br \/>\n\u0160koli je pripala \u010dast da ponese ime znamenitog znanstvenika i humanista Ivana Supeka, ali i obveza da na mlade ljude koji je poha\u0111aju prenese sve ono \u0161to Ivan Supek predstavlja:<\/p>\n<p><strong>Stvarala\u010dki rad i svestranost<\/strong><br \/>\n&#8220;Ljudski \u017eivjeti zna\u010di stvarati&#8221; \u2013 misao je Ivana Supeka, \u010dovjeka koji je do kraja \u017eivota stvarao na razli\u010ditim podru\u010djima ljudske djelatnosti. Rijetki su ljudi takve svestranosti, velikoga znanja, \u0161irine pogleda i neumorne kreativnosti.<\/p>\n<p><strong>Humanizam<\/strong><br \/>\nIvan Supek bio je beskompromisan borac za ljudska prava i socijalnu pravdu, reagiraju\u0107i i osu\u0111uju\u0107i i najmanju dru\u0161tvenu devijaciju.<\/p>\n<p><strong>\u017delju i rad za mir u svijetu<\/strong><br \/>\nIvan Supek bio je jedan od saziva\u010da i predsjednika me\u0111unarodne organizacije \u201eSvijet bez bombe\u201d. Njegov cjelokupan \u017eivot i rad bio je zauzimanje za mir. Taj mir je danas potrebniji nego ikad. \u017divimo u svijetu nasilja, ratova, krvoproli\u0107a, straha i nesigurnosti, u svijetu u kojem terorizam postaje svakodnevnom pojavom. Budu\u0107i da je kao znanstvenik, fizi\u010dar, povjesni\u010dar i filozof mogao sagledati sve posljedice nuklearnog naoru\u017eanja i katastrofe do koje bi njegova primjena dovela, on se cijeloga \u017eivota zauzimao za mir. U svom&nbsp;Apelu za mir&nbsp;naglasio je:&nbsp;\u201eNe mo\u017eemo mijenjati geneti\u010dku osnovu, ili je to vrlo opasno, ali mo\u017eemo razviti kulturu mira. U tome je danas nada kona\u010dnog izlaza iz globalne nuklearne, ekolo\u0161ke, ideolo\u0161ko-vjerske barutane, gdje i samo stajanje na mjestu postaje smrtonosno.\u201c<\/p>\n<p>I na kraju:<br \/>\nIvan Supek bio je \u010dovjek ispred svog vremena. Genijalno\u0161\u0107u, po\u0161tenjem i beskompromisnim stavom, stekao je mnoge prijatelje, ali i neprijatelje. Za potpunu valorizaciju i shva\u0107anje njegove veli\u010dine i vrijednosti bit \u0107e potreban vremenski odmak, ali nedvojbenom ostaje \u010dinjenica da je u na\u0161em dobu ostavio trag proroka i filozofa veli\u010dine usporedive s najve\u0107im umovima svjetske povijesti.<br \/>\nVelika je \u010dast da \u0161kola koja je do danas bila samo broj, nosi ubudu\u0107e ime Ivana Supeka.<br \/>\nUime svih na\u0161ih u\u010denika i cijele Gimnazije, zahvaljujem obitelji Supek na pristanku da nosimo ime Ivana Supeka. Posebno zahvaljujem gospo\u0111i Silvi Supek na tome \u0161to je Gimnaziji darovala pisa\u0107i stroj svojeg oca kojim se slu\u017eio desetlje\u0107ima, do ra\u010dunalne ere.<\/p>\n<p>Bit \u0107e nam obveza da kroz \u017eivot, osim ste\u010denoga znanja, nosimo i promi\u010demo i temeljne vrijednosti mira, nenasilja, pravde i tolerancije \u010demu nas je u\u010dio taj veliki \u010dovjek koji je \u010ditavoga \u017eivota ostao dosljedan i vjeran znanosti, idealima humanizma i socijalne pravde.<br \/>\nIme Ivana Supeka u nazivu Gimnazije bit \u0107e trajan podsjetnik na\u0161im nastavnicima i u\u010denicima na prave i istinske ljudske vrijednosti.<\/p>\n<p>Biv\u0161a ravnateljica:<br \/>\nRoksanda Smol\u010di\u0107-Krni\u0107, dipl. ing.<br \/>\n2007.<\/p>\n","protected":false},"excerpt":{"rendered":"<p>\u0160kolski odbor X. gimnazije je na 8. sjednici Odbora koja je odr\u017eana neposredno po objavi smrti akademika Ivana Supeka, 8. o\u017eujka 2007. godine s odu\u0161evljenjem prihvatio prijedlog predsjednice \u0160kolskog odbora Slavice Kapor-Najman da X. gimnazija promijeni ime u X. gimnazija Ivan Supek. \u0160koli je pripala \u010dast da ponese ime znamenitog znanstvenika i humanista Ivana Supeka, [&hellip;]<\/p>\n","protected":false},"author":2,"featured_media":0,"parent":339,"menu_order":0,"comment_status":"closed","ping_status":"closed","template":"","meta":{"ngg_post_thumbnail":0,"footnotes":""},"_links":{"self":[{"href":"https:\/\/deseta-gimnazija.hr\/index.php?rest_route=\/wp\/v2\/pages\/347"}],"collection":[{"href":"https:\/\/deseta-gimnazija.hr\/index.php?rest_route=\/wp\/v2\/pages"}],"about":[{"href":"https:\/\/deseta-gimnazija.hr\/index.php?rest_route=\/wp\/v2\/types\/page"}],"author":[{"embeddable":true,"href":"https:\/\/deseta-gimnazija.hr\/index.php?rest_route=\/wp\/v2\/users\/2"}],"replies":[{"embeddable":true,"href":"https:\/\/deseta-gimnazija.hr\/index.php?rest_route=%2Fwp%2Fv2%2Fcomments&post=347"}],"version-history":[{"count":1,"href":"https:\/\/deseta-gimnazija.hr\/index.php?rest_route=\/wp\/v2\/pages\/347\/revisions"}],"predecessor-version":[{"id":9974,"href":"https:\/\/deseta-gimnazija.hr\/index.php?rest_route=\/wp\/v2\/pages\/347\/revisions\/9974"}],"up":[{"embeddable":true,"href":"https:\/\/deseta-gimnazija.hr\/index.php?rest_route=\/wp\/v2\/pages\/339"}],"wp:attachment":[{"href":"https:\/\/deseta-gimnazija.hr\/index.php?rest_route=%2Fwp%2Fv2%2Fmedia&parent=347"}],"curies":[{"name":"wp","href":"https:\/\/api.w.org\/{rel}","templated":true}]}}