{"id":342,"date":"2018-02-22T13:48:36","date_gmt":"2018-02-22T13:48:36","guid":{"rendered":"https:\/\/deseta-gimnazija.hr\/wp\/?page_id=342"},"modified":"2022-10-21T09:47:18","modified_gmt":"2022-10-21T08:47:18","slug":"povijest-skole","status":"publish","type":"page","link":"https:\/\/deseta-gimnazija.hr\/?page_id=342","title":{"rendered":"Povijest \u0161kole"},"content":{"rendered":"<p>X. gimnazija u Klai\u0107evoj 7 osnovana je, prirodnim slijedom usavr\u0161avanja, dogradnje i razvoja strukovnog obrazovanja, koje je institucionalizirano i utemeljeno osnutkom obrtne \u0161kole u Zagrebu 1882. godine. To je prva strukovna \u0161kola u Zagrebu, Republici Hrvatskoj i ovom dijelu Europe. Izvori\u0161te je svih strukovnih \u0161kola u Hrvatskoj i jednog broja gimnazija u Zagrebu. Po uzoru na nju i njene sljednice, osnivane su strukovne \u0161kole i strukovno obrazovanje u cijeloj Hrvatskoj.<\/p>\n<p>Zanimljivo je pratiti razvojno stablo \u0161kolstva \u010dije je izvori\u0161te prva obrtna \u0161kola u Zagrebu. Ono nas vodi od obrtni\u010dkih i \u0161egrtskih preko industrijskih i tehni\u010dkih \u0161kola s vi\u0161e razli\u010ditih, \u010desto i nesrodnih, programa do tehni\u010dkih \u0161kola i gimnazija s najsuvremenijim programima. Ono prati, poti\u010de znanstveno-tehnolo\u0161ki, socijalni i ukupni dru\u0161tveni razvoj. U dinami\u010dnim promjenama sustava srednjeg \u0161kolstva, \u0161kole su se osnivale, spajale, ukidale i ponovno osnivale.<\/p>\n<p>X. gimnazija prvi je put osnovana 1961. godine u Zagrebu u Meduli\u0107evoj 33. Neposredne veze izme\u0111u prve X. gimnazije i dana\u0161nje X. gimnazije nema, osim u nazivu i kvaliteti rada. Uvo\u0111enjem usmjerenog obrazovanja i osnivanjem obrazovnih centara, ukinute su gimnazije, tehni\u010dke i druge srednje \u0161kole i napravljen je potpuno druk\u010diji programski i teritorijalni ustroj srednjeg \u0161kolstva. Tako je u Meduli\u0107evoj 33 ukinuta X. gimnazija, a osnovan je Ekonomski obrazovni centar, koji je nastavio obrazovati i u\u010denike iz Ekonomske \u0161kole u Klai\u0107evoj 7.<\/p>\n<p>Zakonom o srednjem \u0161kolstvu u lipnju 1991. godine ukinuto je usmjereno obrazovanje i povratkom na tradicionalno srednje \u0161kolstvo, 1991. godine ponovno se osnivaju gimnazije, tehni\u010dke i obrtni\u010dke \u0161kole. X. gimnazija nastavlja se na obrazovni program prirodoslovno-matemati\u010dkog tehni\u010dara, po kojem programu su se upisivali i \u0161kolovali u\u010denici u Obrazovnom centru \u201eNikola Tesla\u201c od \u0161kolske godine 1985.\/1986.<\/p>\n<p>X. gimnazija jedna je od mnogih zagreba\u010dkih srednjih \u0161kola, i strukovnih i gimnazija, koje svoje izvori\u0161te imaju u \u0161kolama koje u proteklih 60 godina kontinuirano obrazuju srednjo\u0161kolce u centru Zagreba u Klai\u0107evoj 7. Dug je popis srednjih \u0161kola koje danas postoje i rade u Zagrebu, a koje su osnovane slijedom nekada\u0161njih \u0161kola u zgradi u Klai\u0107evoj 7: graditeljske \u0161kole, strojarske, elektrotehni\u010dke, arhitektonske, kemijske, ekonomske i druge. Nemogu\u0107e je ovdje navoditi to\u010dne nazive nekada\u0161njih srednjih \u0161kola, postoje\u0107ih srednjih \u0161kola, sve promjene naziva i adresa tih \u0161kola tijekom protekloga povijesnog razdoblja, vezano uz razvoj, transformacije i reforme srednjeg \u0161kolstva. To zaslu\u017euje posebno elaboriranje, posebno poglavlje, posebnu knjigu. Dovoljno je navesti da je srednjo\u0161kolska zgrada u Klai\u0107evoj 7 u Zagrebu izvori\u0161te i rasadnik zagreba\u010dkih srednjih \u0161kola i srednjeg \u0161kolstva. Ona je sinonim zagreba\u010dkoga srednjeg \u0161kolstva!<\/p>\n<p>Od osnivanja 1991. godine do danas X. gimnazija Ivan Supek jedna je od najve\u0107ih gimnazija u Republici Hrvatskoj.<\/p>\n<p>Od Ministra kulture i prosvjete 1993. godine Gimnazija dobiva Rje\u0161enje za izvo\u0111enje nastave po planu i programu prirodoslovno-matemati\u010dke gimnazije i op\u0107e gimnazije. Unutar svakog programa u jednome razrednom odjelu, u svakom godi\u0161tu, nastava se u dijelu predmeta izvodi na engleskom jeziku, sukladno Rje\u0161enju Ministarstva prosvjete i \u0161porta Klasa: 602-03\/92-01-498, Ur.Br.: 532-02-6\/3-92-01 od 21. listopada 1992. godine i Rje\u0161enju UP\/I-602-03\/07-05\/00086, Ur.br.: 533-09-07-0002 od 1. lipnja 2007.<\/p>\n<p>Proteklih petnaestak godina \u0161kola je upisivala po deset, jedanaest pa i dvanaest razreda po godi\u0161tu tako da je ukupni broj razrednih odjela varirao od 40 do 43, a broj u\u010denika je dosezao i 1300.<br \/>\nNastava se odvija u dvije smjene, od 8 do 14 sati i od 14 do 20 sati unutar koji se tjedno izmjenjuju dva turnusa. U turnusu je najmanje 20 razrednih odjela. Nastava se odvija u 21 mati\u010dnoj, klasi\u010dnoj u\u010dionici i ukupno 12 specijaliziranih u\u010dionica: tri za Informatiku, dvije za strane jezike i po jedna za Fiziku, Kemiju, Biologiju, Povijest, Geografiju, Likovnu i Glazbenu umjetnost. Specijaliziranim u\u010dionicama razredni odjeli i nastavnici koriste se po posebnom rasporedu. Uz specijalizirane u\u010dionice, predmetna stru\u010dna vije\u0107a imaju i kabinete za nastavnike, za pripremu nastave i izvannastavni rad. Na\u0161a kinodvorana (sa\u010duvali smo njezin tradicionalan izgled i naziv) slu\u017ei za multimedijalnu nastavu, predavanja i stru\u010dne skupove te za sjednice Nastavni\u010dkog vije\u0107a i razli\u010dite proslave i sve\u010danosti.<\/p>\n<p>Iz svega navedenog mo\u017ee se zaklju\u010diti kako vo\u0111enje ovako velike \u0161kole ne bi bilo mogu\u0107e bez cjelodnevnog stru\u010dnog i po\u017ertvovnog rada svih slu\u017ebi i zaposlenika.<\/p>\n","protected":false},"excerpt":{"rendered":"<p>X. gimnazija u Klai\u0107evoj 7 osnovana je, prirodnim slijedom usavr\u0161avanja, dogradnje i razvoja strukovnog obrazovanja, koje je institucionalizirano i utemeljeno osnutkom obrtne \u0161kole u Zagrebu 1882. godine. To je prva strukovna \u0161kola u Zagrebu, Republici Hrvatskoj i ovom dijelu Europe. Izvori\u0161te je svih strukovnih \u0161kola u Hrvatskoj i jednog broja gimnazija u Zagrebu. Po uzoru [&hellip;]<\/p>\n","protected":false},"author":2,"featured_media":0,"parent":339,"menu_order":0,"comment_status":"closed","ping_status":"closed","template":"","meta":{"ngg_post_thumbnail":0,"footnotes":""},"_links":{"self":[{"href":"https:\/\/deseta-gimnazija.hr\/index.php?rest_route=\/wp\/v2\/pages\/342"}],"collection":[{"href":"https:\/\/deseta-gimnazija.hr\/index.php?rest_route=\/wp\/v2\/pages"}],"about":[{"href":"https:\/\/deseta-gimnazija.hr\/index.php?rest_route=\/wp\/v2\/types\/page"}],"author":[{"embeddable":true,"href":"https:\/\/deseta-gimnazija.hr\/index.php?rest_route=\/wp\/v2\/users\/2"}],"replies":[{"embeddable":true,"href":"https:\/\/deseta-gimnazija.hr\/index.php?rest_route=%2Fwp%2Fv2%2Fcomments&post=342"}],"version-history":[{"count":1,"href":"https:\/\/deseta-gimnazija.hr\/index.php?rest_route=\/wp\/v2\/pages\/342\/revisions"}],"predecessor-version":[{"id":9973,"href":"https:\/\/deseta-gimnazija.hr\/index.php?rest_route=\/wp\/v2\/pages\/342\/revisions\/9973"}],"up":[{"embeddable":true,"href":"https:\/\/deseta-gimnazija.hr\/index.php?rest_route=\/wp\/v2\/pages\/339"}],"wp:attachment":[{"href":"https:\/\/deseta-gimnazija.hr\/index.php?rest_route=%2Fwp%2Fv2%2Fmedia&parent=342"}],"curies":[{"name":"wp","href":"https:\/\/api.w.org\/{rel}","templated":true}]}}