{"id":339,"date":"2018-02-22T13:47:42","date_gmt":"2018-02-22T13:47:42","guid":{"rendered":"https:\/\/deseta-gimnazija.hr\/wp\/?page_id=339"},"modified":"2018-02-22T13:47:42","modified_gmt":"2018-02-22T13:47:42","slug":"o-gimnaziji","status":"publish","type":"page","link":"https:\/\/deseta-gimnazija.hr\/?page_id=339","title":{"rendered":"O gimnaziji"},"content":{"rendered":"<p>Od osnivanja 1991. godine do danas X. gimnazija \u201eIvan Supek\u201c jedna je od najve\u0107ih gimnazija u Republici Hrvatskoj.<br \/>\nOd Ministra kulture i prosvjete 1993. godine Gimnazija dobiva Rje\u0161enje za izvo\u0111enje nastave po planu i programu prirodoslovno-matemati\u010dke gimnazije i op\u0107e gimnazije. Unutar svakog programa u jednome razrednom odjelu, u svakom godi\u0161tu, nastava se u dijelu predmeta izvodi na engleskom jeziku, sukladno Rje\u0161enju Ministarstva prosvjete i \u0161porta Klasa: 602-03\/92-01-498, Ur.Br.: 532-02-6\/3-92-01 od 21. listopada 1992. godine i Rje\u0161enju UP\/I-602-03\/07-05\/00086, Ur.br.: 533-09-07-0002 od 1. lipnja 2007.<br \/>\nProteklih petnaestak godina \u0161kola je upisivala po deset, jedanaest pa i dvanaest razreda po godi\u0161tu tako da je ukupni broj razrednih odjela varirao od 40 do 43, a broj u\u010denika je dosezao i 1300.<br \/>\nNastava se odvija u dvije smjene, od 8 do 14 sati i od 14 do 20 sati unutar koji se tjedno izmjenjuju dva turnusa. U turnusu je najmanje 20 razrednih odjela. Nastava se odvija u 21 mati\u010dnoj, klasi\u010dnoj u\u010dionici i ukupno 12 specijaliziranih u\u010dionica: tri za Informatiku, dvije za strane jezike i po jedna za Fiziku, Kemiju, Biologiju, Povijest, Geografiju, Likovnu i Glazbenu umjetnost. Specijaliziranim u\u010dionicama razredni odjeli i nastavnici koriste se po posebnom rasporedu. Uz specijalizirane u\u010dionice, predmetna stru\u010dna vije\u0107a imaju i kabinete za nastavnike, za pripremu nastave i izvannastavni rad. Na\u0161a kinodvorana (sa\u010duvali smo njezin tradicionalan izgled i naziv) slu\u017ei za multimedijalnu nastavu, predavanja i stru\u010dne skupove te za sjednice Nastavni\u010dkog vije\u0107a i razli\u010dite proslave i sve\u010danosti.<br \/>\nIz svega navedenog mo\u017ee se zaklju\u010diti kako vo\u0111enje ovako velike \u0161kole ne bi bilo mogu\u0107e bez cjelodnevnog stru\u010dnog i po\u017ertvovnog rada svih slu\u017ebi i zaposlenika.<\/p>\n","protected":false},"excerpt":{"rendered":"<p>Od osnivanja 1991. godine do danas X. gimnazija \u201eIvan Supek\u201c jedna je od najve\u0107ih gimnazija u Republici Hrvatskoj. Od Ministra kulture i prosvjete 1993. godine Gimnazija dobiva Rje\u0161enje za izvo\u0111enje nastave po planu i programu prirodoslovno-matemati\u010dke gimnazije i op\u0107e gimnazije. Unutar svakog programa u jednome razrednom odjelu, u svakom godi\u0161tu, nastava se u dijelu predmeta [&hellip;]<\/p>\n","protected":false},"author":2,"featured_media":0,"parent":323,"menu_order":0,"comment_status":"closed","ping_status":"closed","template":"","meta":{"ngg_post_thumbnail":0,"footnotes":""},"_links":{"self":[{"href":"https:\/\/deseta-gimnazija.hr\/index.php?rest_route=\/wp\/v2\/pages\/339"}],"collection":[{"href":"https:\/\/deseta-gimnazija.hr\/index.php?rest_route=\/wp\/v2\/pages"}],"about":[{"href":"https:\/\/deseta-gimnazija.hr\/index.php?rest_route=\/wp\/v2\/types\/page"}],"author":[{"embeddable":true,"href":"https:\/\/deseta-gimnazija.hr\/index.php?rest_route=\/wp\/v2\/users\/2"}],"replies":[{"embeddable":true,"href":"https:\/\/deseta-gimnazija.hr\/index.php?rest_route=%2Fwp%2Fv2%2Fcomments&post=339"}],"version-history":[{"count":0,"href":"https:\/\/deseta-gimnazija.hr\/index.php?rest_route=\/wp\/v2\/pages\/339\/revisions"}],"up":[{"embeddable":true,"href":"https:\/\/deseta-gimnazija.hr\/index.php?rest_route=\/wp\/v2\/pages\/323"}],"wp:attachment":[{"href":"https:\/\/deseta-gimnazija.hr\/index.php?rest_route=%2Fwp%2Fv2%2Fmedia&parent=339"}],"curies":[{"name":"wp","href":"https:\/\/api.w.org\/{rel}","templated":true}]}}