{"id":323,"date":"2018-02-21T12:50:52","date_gmt":"2018-02-21T12:50:52","guid":{"rendered":"https:\/\/deseta-gimnazija.hr\/wp\/?page_id=323"},"modified":"2022-11-11T10:55:44","modified_gmt":"2022-11-11T09:55:44","slug":"o-skoli","status":"publish","type":"page","link":"https:\/\/deseta-gimnazija.hr\/","title":{"rendered":"Po\u010detna"},"content":{"rendered":"<p><img decoding=\"async\" src=\"https:\/\/deseta-gimnazija.hr\/wp\/wp-content\/uploads\/2018\/02\/svi-mall.jpg\" alt=\"Zaposlenici X. gimnazije Ivan Supek\"><br \/>\nZaposlenici X. gimnazije Ivan Supek<\/p>\n<p>\u017delja nam je da, pregledavaju\u0107i ove stranice, osjetite dio ozra\u010dja koje&nbsp;vlada u na\u0161oj velikoj ko\u0161nici &#8211; u njoj se svake \u0161kolske godine odgaja i obrazuje oko 1100 gimnazijalaca.<\/p>\n<p>Nama koji s njima svakodnevno \u017eivimo i radimo, ovaj te\u017eak i odgovoran posao \u010dini vrijednim, privla\u010dnim i izazovnim upravo ljepota njihove mladosti, njihovih sposobnosti, te\u017enja, ambicija i \u017eelja, a zajedno s njima \u017eivimo i njihove brige, strahove, tuge i strepnje.<\/p>\n<p>Imperativ vremena u kojem \u017eivimo, vremena nevjerojatne brzine razvoja znanosti, tehnologije i protoka informacija, jest prona\u0107i najbolji put i na\u010din da se bitno, temeljno i potrebno znanje prenese na svakoga pojedinog u\u010denika na najprimjereniji na\u010din, ovisno o njegovim sposobnostima i interesima. Vjerujemo da smo uistinu uspje\u0161ni u njegovanju i poticanju kreativnosti, individualnog pristupa, osobne odgovornosti, eti\u010dkih i moralnih vrednota u svim oblicima komunikacije.<\/p>\n<p>Trudimo se biti \u0160KOLOM PO MJERI U\u010cENIKA. Za nas je to \u0161kola koja pru\u017ea stjecanje \u0161irokog op\u0107eg obrazovanja i razvijanje vlastitih sposobnosti, moralnih vrednota uz zadovoljavanje osobnih interesa. Uspjesi na\u0161ih biv\u0161ih i sada\u0161njih u\u010denika potvr\u0111uju da su na\u0161i napori opravdani i poti\u010du nas da ustrajemo u njima.<\/p>\n<p>&nbsp;<\/p>\n<p>Ravnateljica<br \/>\n\u017deljka Frkovi\u0107, prof.<\/p>\n","protected":false},"excerpt":{"rendered":"<p>Zaposlenici X. gimnazije Ivan Supek \u017delja nam je da, pregledavaju\u0107i ove stranice, osjetite dio ozra\u010dja koje&nbsp;vlada u na\u0161oj velikoj ko\u0161nici &#8211; u njoj se svake \u0161kolske godine odgaja i obrazuje oko 1100 gimnazijalaca. Nama koji s njima svakodnevno \u017eivimo i radimo, ovaj te\u017eak i odgovoran posao \u010dini vrijednim, privla\u010dnim i izazovnim upravo ljepota njihove mladosti, [&hellip;]<\/p>\n","protected":false},"author":2,"featured_media":0,"parent":0,"menu_order":0,"comment_status":"closed","ping_status":"closed","template":"","meta":{"ngg_post_thumbnail":0,"footnotes":""},"_links":{"self":[{"href":"https:\/\/deseta-gimnazija.hr\/index.php?rest_route=\/wp\/v2\/pages\/323"}],"collection":[{"href":"https:\/\/deseta-gimnazija.hr\/index.php?rest_route=\/wp\/v2\/pages"}],"about":[{"href":"https:\/\/deseta-gimnazija.hr\/index.php?rest_route=\/wp\/v2\/types\/page"}],"author":[{"embeddable":true,"href":"https:\/\/deseta-gimnazija.hr\/index.php?rest_route=\/wp\/v2\/users\/2"}],"replies":[{"embeddable":true,"href":"https:\/\/deseta-gimnazija.hr\/index.php?rest_route=%2Fwp%2Fv2%2Fcomments&post=323"}],"version-history":[{"count":4,"href":"https:\/\/deseta-gimnazija.hr\/index.php?rest_route=\/wp\/v2\/pages\/323\/revisions"}],"predecessor-version":[{"id":10115,"href":"https:\/\/deseta-gimnazija.hr\/index.php?rest_route=\/wp\/v2\/pages\/323\/revisions\/10115"}],"wp:attachment":[{"href":"https:\/\/deseta-gimnazija.hr\/index.php?rest_route=%2Fwp%2Fv2%2Fmedia&parent=323"}],"curies":[{"name":"wp","href":"https:\/\/api.w.org\/{rel}","templated":true}]}}