{"id":300,"date":"2018-02-20T11:40:54","date_gmt":"2018-02-20T11:40:54","guid":{"rendered":"https:\/\/deseta-gimnazija.hr\/wp\/?page_id=300"},"modified":"2021-03-29T09:51:04","modified_gmt":"2021-03-29T08:51:04","slug":"terenska-nastava-iz-biologije","status":"publish","type":"page","link":"https:\/\/deseta-gimnazija.hr\/?page_id=300","title":{"rendered":"Terenska nastava iz biologije"},"content":{"rendered":"<p>&nbsp;<\/p>\n<h5>Redovna, izborna i fakultativna nastava<\/h5>\n<p>Za nastavu prirodoslovnog predmeta poput biologije klju\u010dna je terenska nastava jer predstavlja klju\u010dni element za razvijanje u\u010denikove spoznaje o \u017eivim bi\u0107ima i njihovom okoli\u0161u koriste\u0107i izvornu stvarnost. Najjednostavnije re\u010deno u\u010denici \u0107e bolje razumjeti gra\u0111u i ulogu npr. vodozemaca ako ih vide u njihovu prirodnom okru\u017eenju nego na slici u ud\u017ebeniku ili prezentaciji. Izborna i fakultativna nastava odvija se jednim dijelom u potpunosti izvan u\u010dionice, dok se u redovnoj nastavi terenska nastava provodi jedino ako nema velikog gubitka nastavnih sati tijekom nastavne godine. U\u010denici drugog razreda odlaze na terensku nastavu u svrhu upoznavanja s terenskim metodama u biologiji (odre\u0111ivanje biljnih i \u017eivotinjskih vrsta, georeferenciranje rasprostranjenosti vrsta, odre\u0111ivanje kemijskih \u010dimbenika vodenih ekosustava i sli\u010dno) te sakupljanje biljnog materijala za izradu obvezne zbirke biljaka (herbara) za redovnu nastavu. U tre\u0107em razredu u\u010denici pola nastavnih sati izborne i fakultativne provode u Botani\u010dkom vrtu grada Zagreba (sadnja, sijanje i uzgoj biljaka) te odlazak u Vrtni centar i na Sajam cvije\u0107a &#8220;Flora art&#8221;.<\/p>\n<p>Danijel \u0160krti\u0107, prof.<\/p>\nngg_shortcode_0_placeholder\n","protected":false},"excerpt":{"rendered":"<p>&nbsp; Redovna, izborna i fakultativna nastava Za nastavu prirodoslovnog predmeta poput biologije klju\u010dna je terenska nastava jer predstavlja klju\u010dni element za razvijanje u\u010denikove spoznaje o \u017eivim bi\u0107ima i njihovom okoli\u0161u koriste\u0107i izvornu stvarnost. Najjednostavnije re\u010deno u\u010denici \u0107e bolje razumjeti gra\u0111u i ulogu npr. vodozemaca ako ih vide u njihovu prirodnom okru\u017eenju nego na slici u [&hellip;]<\/p>\n","protected":false},"author":2,"featured_media":0,"parent":0,"menu_order":0,"comment_status":"closed","ping_status":"closed","template":"","meta":{"ngg_post_thumbnail":0,"footnotes":""},"_links":{"self":[{"href":"https:\/\/deseta-gimnazija.hr\/index.php?rest_route=\/wp\/v2\/pages\/300"}],"collection":[{"href":"https:\/\/deseta-gimnazija.hr\/index.php?rest_route=\/wp\/v2\/pages"}],"about":[{"href":"https:\/\/deseta-gimnazija.hr\/index.php?rest_route=\/wp\/v2\/types\/page"}],"author":[{"embeddable":true,"href":"https:\/\/deseta-gimnazija.hr\/index.php?rest_route=\/wp\/v2\/users\/2"}],"replies":[{"embeddable":true,"href":"https:\/\/deseta-gimnazija.hr\/index.php?rest_route=%2Fwp%2Fv2%2Fcomments&post=300"}],"version-history":[{"count":2,"href":"https:\/\/deseta-gimnazija.hr\/index.php?rest_route=\/wp\/v2\/pages\/300\/revisions"}],"predecessor-version":[{"id":7774,"href":"https:\/\/deseta-gimnazija.hr\/index.php?rest_route=\/wp\/v2\/pages\/300\/revisions\/7774"}],"wp:attachment":[{"href":"https:\/\/deseta-gimnazija.hr\/index.php?rest_route=%2Fwp%2Fv2%2Fmedia&parent=300"}],"curies":[{"name":"wp","href":"https:\/\/api.w.org\/{rel}","templated":true}]}}