{"id":2827,"date":"2018-11-05T12:46:42","date_gmt":"2018-11-05T11:46:42","guid":{"rendered":"https:\/\/deseta-gimnazija.hr\/?page_id=2827"},"modified":"2026-05-05T12:41:45","modified_gmt":"2026-05-05T10:41:45","slug":"psihologinja","status":"publish","type":"page","link":"https:\/\/deseta-gimnazija.hr\/?page_id=2827","title":{"rendered":"Psihologinja"},"content":{"rendered":"<p><strong><img loading=\"lazy\" decoding=\"async\" class=\"wp-image-15380 size-thumbnail alignleft\" src=\"https:\/\/deseta-gimnazija.hr\/wp-content\/uploads\/2026\/05\/foto-Marija-1-150x150.jpg\" alt=\"\" width=\"150\" height=\"150\" srcset=\"https:\/\/deseta-gimnazija.hr\/wp-content\/uploads\/2026\/05\/foto-Marija-1-150x150.jpg 150w, https:\/\/deseta-gimnazija.hr\/wp-content\/uploads\/2026\/05\/foto-Marija-1-400x400.jpg 400w\" sizes=\"(max-width: 150px) 100vw, 150px\" \/>Marija Roth Jelisav\u010di\u0107<\/strong> psihologinja je zaposlena u <span class=\"whitespace-normal\">X. gimnazija Ivan Supek<\/span>, gdje od 2003. godine radi kao stru\u010dna suradnica. Diplomirala je psihologiju na <span class=\"whitespace-normal\">Filozofski fakultet Sveu\u010dili\u0161ta u Zagrebu<\/span> 2001. godine, a dodatno se usavr\u0161avala kroz edukaciju iz kibernetike psihoterapije te Gestalt psihoterapije. Zavr\u0161ila je i edukaciju iz supervizije u psihoterapijskom radu te poslijediplomski specijalisti\u010dki studij Supervizije u psihosocijalnom radu.<\/p>\n<p>U \u0161koli aktivno sudjeluje u planiranju i provedbi brojnih razvojnih i preventivnih programa za u\u010denike, roditelje i nastavnike. Vodila je \u010detiri Erasmus+ projekta te kontinuirano razvija i provodi \u0161kolske projekte usmjerene na mentalno zdravlje, dobrobit u\u010denika i poticanje volontiranja. Jedna je od voditeljica Volonterskog kluba \u0161kole i koautorica priru\u010dnika za razvoj \u0161kolskih volonterskih programa.<\/p>\n<p>Napredovala je u zvanje stru\u010dne suradnice mentorice 2015. godine te savjetnice 2020. godine. Odr\u017eala je vi\u0161e od 150 predavanja i edukacija u Hrvatskoj i inozemstvu te je trenerica za rad s traumatiziranom i tuguju\u0107om djecom i za grupni rad. Objavila je stru\u010dne i znanstvene radove te sudjelovala u izradi i recenziji vi\u0161e publikacija.<\/p>\n<p>Dobitnica je vi\u0161e nagrada za svoj rad u podru\u010dju odgoja i obrazovanja te razvoja volonterstva, uklju\u010duju\u0107i nagradu \u201eOtisak srca\u201c, nagradu VIV \u2013 Very Important Volunteers te nagradu \u201eStjepan Cipek\u201c. Aktivno sudjeluje u radu stru\u010dnih organizacija i projekata usmjerenih na unapre\u0111enje kvalitete odgojno-obrazovnog sustava.<\/p>\n","protected":false},"excerpt":{"rendered":"<p>Marija Roth Jelisav\u010di\u0107 psihologinja je zaposlena u X. gimnazija Ivan Supek, gdje od 2003. godine radi kao stru\u010dna suradnica. Diplomirala je psihologiju na Filozofski fakultet Sveu\u010dili\u0161ta u Zagrebu 2001. godine, a dodatno se usavr\u0161avala kroz edukaciju iz kibernetike psihoterapije te Gestalt psihoterapije. Zavr\u0161ila je i edukaciju iz supervizije u psihoterapijskom radu te poslijediplomski specijalisti\u010dki studij [&hellip;]<\/p>\n","protected":false},"author":4,"featured_media":0,"parent":0,"menu_order":0,"comment_status":"closed","ping_status":"closed","template":"","meta":{"ngg_post_thumbnail":0,"footnotes":""},"_links":{"self":[{"href":"https:\/\/deseta-gimnazija.hr\/index.php?rest_route=\/wp\/v2\/pages\/2827"}],"collection":[{"href":"https:\/\/deseta-gimnazija.hr\/index.php?rest_route=\/wp\/v2\/pages"}],"about":[{"href":"https:\/\/deseta-gimnazija.hr\/index.php?rest_route=\/wp\/v2\/types\/page"}],"author":[{"embeddable":true,"href":"https:\/\/deseta-gimnazija.hr\/index.php?rest_route=\/wp\/v2\/users\/4"}],"replies":[{"embeddable":true,"href":"https:\/\/deseta-gimnazija.hr\/index.php?rest_route=%2Fwp%2Fv2%2Fcomments&post=2827"}],"version-history":[{"count":3,"href":"https:\/\/deseta-gimnazija.hr\/index.php?rest_route=\/wp\/v2\/pages\/2827\/revisions"}],"predecessor-version":[{"id":15381,"href":"https:\/\/deseta-gimnazija.hr\/index.php?rest_route=\/wp\/v2\/pages\/2827\/revisions\/15381"}],"wp:attachment":[{"href":"https:\/\/deseta-gimnazija.hr\/index.php?rest_route=%2Fwp%2Fv2%2Fmedia&parent=2827"}],"curies":[{"name":"wp","href":"https:\/\/api.w.org\/{rel}","templated":true}]}}