{"id":2646,"date":"2018-10-17T10:48:35","date_gmt":"2018-10-17T09:48:35","guid":{"rendered":"https:\/\/deseta-gimnazija.hr\/?page_id=2646"},"modified":"2018-10-17T11:01:33","modified_gmt":"2018-10-17T10:01:33","slug":"ostale-aktivnosti","status":"publish","type":"page","link":"https:\/\/deseta-gimnazija.hr\/?page_id=2646","title":{"rendered":"Ostale aktivnosti"},"content":{"rendered":"<p><strong>\u010citateljska kultura, voditeljica Jelena Crnek, prof.<\/strong><\/p>\n<p>\u010citateljska kultura od 2014. godine okuplja u\u010denike X. gimnazije \u201eIvan Supek\u201c zainteresirane za \u010ditanje, interpretaciju i vrednovanje kako recentnih knji\u017eevnih tekstova razli\u010ditih zemalja i kultura tako i klasika svjetske knji\u017eevnosti. Cilj je unapre\u0111enje komunikacijskih vje\u0161tina, vje\u0161tina interpretiranja, analize i evaluacije. U\u010denici istra\u017euju \u0161ira i univerzalna pitanja sugerirana kroz knji\u017eevna djela, razvijaju empatiju i bolje razumijevanje sebe i svijeta koji ih okru\u017euje.<\/p>\n<p><strong>\u0160kolski kazali\u0161ni klub, voditeljica Zrinka \u017divkovi\u0107, prof.<\/strong><\/p>\n<p>\u0160kolski kazali\u0161ni klub okuplja u\u010denike s interesom za kazali\u0161te i kazali\u0161no-scenski \u017eivot. U okviru programa, u\u010denici se okupljaju i dru\u017ee kroz redovito posje\u0107ivanje kazali\u0161nih predstava te smotri i festivala. Cilj \u0160kolskog kazali\u0161nog kluba jest osposobiti u\u010denike za (samo)vrednovanje kroz razne aktivnosti kao \u0161to su pra\u0107enje portala za kulturu i pisanje kazali\u0161nih kritika.<\/p>\n<p><strong>Muzejska grupa, voditeljice Nikolina Talargi\u0107, prof. i Dajana Ga\u0107ina, prof.<\/strong><\/p>\n<p>Muzejska grupa X. gimnazije \u201eIvan Supek\u201c okuplja u\u010denike zainteresirane za bolje upoznavanje svjetske i hrvatske kulturne ba\u0161tine. U sklopu aktivnosti Grupe, u\u010denici posje\u0107uju muzeje, a organizirana je i terenska nastava u vidu Otoka muzeja u Berlinu te posjete muzejima grada Be\u010da, Praga, Londona i Pariza.<\/p>\n<p><strong>Galerijska grupa, voditeljice Petra Mihanovi\u0107, prof. i Karmen Farac Turkovi\u0107, prof.<\/strong><\/p>\n<p>Galerijska grupa djeluje s ciljem pro\u0161irenja znanja u\u010denika usvojenih u sklopu nastave iz prirodoslovlja. U\u010denike se poti\u010de na posjete muzejima i galerijama Grada Zagreba, upoznavanje moderne znanstvene sredine te sudjelovanje u izradi vlastitih projekata.<\/p>\n<p><strong>Likovna grupa, voditeljica Karmen Farac Turkovi\u0107, prof.<\/strong><\/p>\n<p>Likovna grupa X. gimnazije \u201eIvan Supek\u201c okuplja u\u010denike s interesom prema vizualnoj umjetnosti i komunikaciji. U\u010denici sudjeluju u osmi\u0161ljavanju i ure\u0111enju prostora \u0161kole, izradi plakata te organizaciji izlo\u017ebi unutar \u0161kole. Aktivnosti kreativnih likovnih radionica usmjerene su i k pripremi u\u010denika za natjecanje iz likovne umjetnosti.<\/p>\n<p><strong>Permakultura, voditeljica Tajana Matasovi\u0107, prof.<\/strong><\/p>\n<p>Grupa permakulturista okuplja u\u010denike zainteresirane za kvalitetu \u017eivota, samoodr\u017eivost i preuzimanje odgovornosti za svoj \u017eivot. U\u010denici kroz predavanja i kori\u0161tenje interneta, prakti\u010dnu i terensku nastavu u\u010de o tehnikama izrade prirodne kozmetike, ku\u0107nog kompostera te uzgoju biljaka na terasama. Cilj je osvijestiti u\u010denike o goru\u0107im problemima sada\u0161njice i o tranziciji dru\u0161tva, nau\u010diti ih kako da sami uzgajaju hranu, \u010duvaju energiju i paze na prirodu. U\u010denici u\u010de kako se brzo prilagoditi situaciji i prona\u0107i najbolje i najbr\u017ee rje\u0161enje za obnovu \u017eivota u slu\u010daju prirodnih katastrofa te kako da osiguraju temelj kvalitetnog, lijepog i odr\u017eivog \u017eivota budu\u0107im generacijama.<\/p>\n<p><strong>Strate\u0161ko planiranje, voditelj Josip Kli\u010dinovi\u0107, prof.<\/strong><\/p>\n<p>U\u010denici kroz igranje slo\u017eenih dru\u0161tvenih igara (Village, Hanabi, Puerto Rico, Five tribes, Dead of Winter, Game of Thrones, Pax Porfiriana\u2026) razvijaju vje\u0161tine proceduralnog razmi\u0161ljanja i strate\u0161kog planiranja.<\/p>\n<p><strong>Planinarenje i pje\u0161a\u010denje, voditelji Vanesa Juri\u0107, prof., \u017deljko \u017dukina, prof., Marko Juri\u010devi\u0107, prof., Vlado Br\u0161ani\u0107, prof., Danijel Duki\u0107, prof.<\/strong><\/p>\n<p>U sklopu promicanja zdravog na\u010dina \u017eivota, aktivnog i smislenog kori\u0161tenja slobodnog vremena te razvoja pozitivnog socijalnog okru\u017eenja u \u0161koli, u\u010denicima se pru\u017ea mogu\u0107nost planinarenja na Sljeme ili bicikliranja, rolanja i tr\u010danja na Jarunu. Aktivnosti su organirane subotama u trajanju od 6 \u0161kolskih sati.<\/p>\n<p><strong>Skijanje i ostale aktivnosti na snijegu, voditelj Marko Juri\u010devi\u0107, prof.<\/strong><\/p>\n<p>U\u010denicima \u0160kole nudi se mogu\u0107nost sudjelovanja u razli\u010ditim skija\u0161kim aktivnostima (alpsko skijanje i bordanje) i ostalim zimskim aktivnostima s ciljem poticanja razvoja motori\u010dkih sposobnosti, promicanja zdravog na\u010dina \u017eivota te razvoja pozitivnog socijalnog okru\u017eenja. Aktivnost se provodi u sije\u010dnju, a u\u010denicima se nudi mogu\u0107nost polaska \u0161kole skijanja te sudjelovanja u razli\u010ditim skija\u0161kim natjecanjima.<\/p>\n<p><strong>Volonterski klub, voditeljice Marina \u0160ok\u010devi\u0107, prof. i Marija Roth, prof.<\/strong><\/p>\n<p>Volonterski klub X. gimnazije \u201eIvan Supek\u201c okuplja u\u010denike s ciljem poticanja i \u0161irenja vrijednosti humanog i volonterskog rada. U\u010denici imaju priliku sami osmi\u0161ljavati i provoditi razli\u010dite volonterske aktivnosti \u010dime razvijaju svoje interese, sposobnosti i vrijednosti. Postignu\u0107a u volonterskim akcijama u\u010denici prezentiraju na sve\u010danosti u okviru Dana Ivana Supeka.<\/p>\n<p>Neke od akcija u kojima su sudjelovali u\u010denici i nastavnici na\u0161e gimnazije: volontiranje u Dje\u010djem domu A. G. Mato\u0161a i Dje\u010djem domu u Nazorovoj \u2013 pomo\u0107 u u\u010denju, kreativne, sportske i glazbene radionice; volontiranje u Dje\u010djem domu Ladu\u010d \u2013 pomo\u0107 u u\u010denju i dru\u017eenje sa \u0161ti\u0107enicima doma; volontiranje u domovima za starije i nemo\u0107ne osobe Centar i Pe\u0161\u0107enica; volontiranje u Udruzi Kap dobrote; suradnja s Caritasom; redovita pomo\u0107 u pu\u010dkoj kuhinji sestara Majke Terezije u Jagi\u0107evoj ulici; ekolo\u0161ke akcije vezane uz odr\u017eivi razvoj i o\u010duvanje okoli\u0161a \u2013 suradnja s volonterima u prihvatili\u0161tu za medvjede u Kuterevu, \u010di\u0161\u0107enje u Parku prirode Medvednica; suradnja s Crvenim kri\u017eem; prikupljanje pomo\u0107i za djecu iz Afrike u obliku godi\u0161njih \u0161kolarina; organiziranje sajma za \u0161ti\u0107enike Udruge Krijesnica; ure\u0111enje prostora \u0161kole \u2013 Dnevni boravak, Volonterski kutak\u2026<\/p>\n<p><strong>Klub dobrovoljnih darivatelja krvi, voditeljica Marija Roth, prof.<\/strong><\/p>\n<p>Klub dobrovoljnih darivatelja krvi okuplja u\u010denike i nastavnike da primjerom dobre prakse poti\u010du i druge u \u0161iroj zajednici na humanitarno djelovanje. Svake godine organizirano je dobrovoljno davanje krvi u prostorima X. gimnazije \u201eIvan Supek\u201c. Svaki u\u010denik je informiran o postupku i uvjetima darivanja krvi te na sve\u010danoj podjeli uz knji\u017eicu darivatelja uru\u010duje mu se i zahvalnica povodom prvog darivanja krvi.<\/p>\n<p><strong>Grupa Prve pomo\u0107i, voditeljica Vesna Hercigonja, prof.<\/strong><\/p>\n<p>Grupa prve pomo\u0107i X. gimnazije \u201eIvan Supek\u201c ima cilj stvaranja mre\u017ee u\u010denika osposobljenih za pru\u017eanje prve pomo\u0107i. Grupa se nalazi jednom tjedno te uvje\u017ebava elemente iz pru\u017eanja prve pomo\u0107i, a jednom godi\u0161nje organizira se odlazak na edukaciju u Novi Vinodolski. \u010clanovi Grupe sudjeluju i na natjecanjima iz prve pomo\u0107i.<\/p>\n<p>&nbsp;<\/p>\n","protected":false},"excerpt":{"rendered":"<p>\u010citateljska kultura, voditeljica Jelena Crnek, prof. \u010citateljska kultura od 2014. godine okuplja u\u010denike X. gimnazije \u201eIvan Supek\u201c zainteresirane za \u010ditanje, interpretaciju i vrednovanje kako recentnih knji\u017eevnih tekstova razli\u010ditih zemalja i kultura tako i klasika svjetske knji\u017eevnosti. Cilj je unapre\u0111enje komunikacijskih vje\u0161tina, vje\u0161tina interpretiranja, analize i evaluacije. U\u010denici istra\u017euju \u0161ira i univerzalna pitanja sugerirana kroz knji\u017eevna [&hellip;]<\/p>\n","protected":false},"author":4,"featured_media":0,"parent":0,"menu_order":0,"comment_status":"closed","ping_status":"closed","template":"","meta":{"ngg_post_thumbnail":0,"footnotes":""},"_links":{"self":[{"href":"https:\/\/deseta-gimnazija.hr\/index.php?rest_route=\/wp\/v2\/pages\/2646"}],"collection":[{"href":"https:\/\/deseta-gimnazija.hr\/index.php?rest_route=\/wp\/v2\/pages"}],"about":[{"href":"https:\/\/deseta-gimnazija.hr\/index.php?rest_route=\/wp\/v2\/types\/page"}],"author":[{"embeddable":true,"href":"https:\/\/deseta-gimnazija.hr\/index.php?rest_route=\/wp\/v2\/users\/4"}],"replies":[{"embeddable":true,"href":"https:\/\/deseta-gimnazija.hr\/index.php?rest_route=%2Fwp%2Fv2%2Fcomments&post=2646"}],"version-history":[{"count":0,"href":"https:\/\/deseta-gimnazija.hr\/index.php?rest_route=\/wp\/v2\/pages\/2646\/revisions"}],"wp:attachment":[{"href":"https:\/\/deseta-gimnazija.hr\/index.php?rest_route=%2Fwp%2Fv2%2Fmedia&parent=2646"}],"curies":[{"name":"wp","href":"https:\/\/api.w.org\/{rel}","templated":true}]}}