{"id":253,"date":"2018-02-19T14:13:04","date_gmt":"2018-02-19T14:13:04","guid":{"rendered":"https:\/\/deseta-gimnazija.hr\/wp\/?page_id=253"},"modified":"2025-06-02T10:47:59","modified_gmt":"2025-06-02T08:47:59","slug":"programi","status":"publish","type":"page","link":"https:\/\/deseta-gimnazija.hr\/?page_id=253","title":{"rendered":"Programi"},"content":{"rendered":"<p><span style=\"color: #000000;\"><strong>UPISNA STRUKTURA<\/strong><\/span><\/p>\n<p><span style=\"color: #000000;\">X. gimnazija Ivan Supek upisuje u 1. razred u <\/span>\u0161kolskoj godini 2025.\/2026.<span style=\"color: #000000;\"> ukupno 286 u\u010denika u 11 razrednih odjela. U\u010denici se mogu upisati u jedan od \u010detiri ponu\u0111ena programa:<\/span><\/p>\n<table style=\"height: 168px;\" border=\"0\" width=\"919\" cellspacing=\"0\" cellpadding=\"0\">\n<tbody>\n<tr>\n<td>&nbsp;<\/td>\n<td><span style=\"color: #000000;\"><strong>PROGRAM<\/strong><\/span><\/td>\n<td><span style=\"color: #000000;\"><strong>BROJ RAZREDNIH ODJELA<\/strong><\/span><\/td>\n<\/tr>\n<tr>\n<td><span style=\"color: #000000;\">1.<\/span><\/td>\n<td><span style=\"color: #000000;\">&nbsp; OP\u0106A GIMNAZIJA<\/span><\/td>\n<td><span style=\"color: #000000;\">5<\/span><\/td>\n<\/tr>\n<tr>\n<td><span style=\"color: #000000;\">2.<\/span><\/td>\n<td><span style=\"color: #000000;\">&nbsp; OP\u0106A GIMNAZIJA UZ SKUPINU PREDMETA NA STRANOM JEZIKU (ENGLESKI)<\/span><\/td>\n<td><span style=\"color: #000000;\">1<\/span><\/td>\n<\/tr>\n<tr>\n<td><span style=\"color: #000000;\">3.<\/span><\/td>\n<td><span style=\"color: #000000;\">&nbsp; PRIRODOSLOVNO-MATEMATI\u010cKA GIMNAZIJA<\/span><\/td>\n<td><span style=\"color: #000000;\">3<\/span><\/td>\n<\/tr>\n<tr>\n<td><span style=\"color: #000000;\">4.<\/span><\/td>\n<td><span style=\"color: #000000;\">&nbsp; PRIRODOSLOVNO-MATEMATI\u010cKA GIMNAZIJA UZ SKUPINU PREDMETA NA STRANOM JEZIKU (ENGLESKI)<\/span><\/td>\n<td><span style=\"color: #000000;\">2<\/span><\/td>\n<\/tr>\n<\/tbody>\n<\/table>\n<p>&nbsp;<\/p>\n<p><span style=\"color: #000000;\"><strong>VREDNOVANJE I BODOVANJE &nbsp;ZAJEDNI\u010cKOG ELEMENTA<\/strong><\/span><\/p>\n<p><span style=\"color: #000000;\">Boduju se prosjeci zaklju\u010dnih ocjena iz svih nastavnih predmeta na dvije decimale u posljednja \u010detiri razreda osnovnog obrazovanja (5. &#8211; 8. razred).<\/span><\/p>\n<p><span style=\"color: #000000;\">U op\u0107oj gimnaziji i op\u0107oj gimnaziji uz skupinu predmeta na stranom jeziku boduju se zaklju\u010dne ocjene u posljednja dva razreda osnovnog obrazovanja (7. i 8. razred) iz predmeta:<\/span><\/p>\n<p><span style=\"color: #000000;\">1. hrvatski jezik<\/span><br \/>\n<span style=\"color: #000000;\">2. matematika<\/span><br \/>\n<span style=\"color: #000000;\">3. prvi strani jezik<\/span><br \/>\n<span style=\"color: #000000;\">4. geografija<\/span><br \/>\n<span style=\"color: #000000;\">5. povijest&nbsp;<\/span><br \/>\n<span style=\"color: #000000;\">6. biologija (predmet po izboru \u0161kole).<\/span><\/p>\n<p><span style=\"color: #000000;\">U prirodoslovno-matemati\u010dkoj gimnaziji i prirodoslovno-matemati\u010dkoj gimnaziji uz skupinu predmeta na stranom&nbsp; jeziku boduju se zaklju\u010dne ocjene u posljednja dva razreda osnovnog obrazovanja (7. i 8. razred) iz predmeta:<\/span><\/p>\n<p><span style=\"color: #000000;\">1. hrvatski jezik<\/span><br \/>\n<span style=\"color: #000000;\">2. matematika<\/span><br \/>\n<span style=\"color: #000000;\">3. prvi strani jezik<\/span><br \/>\n<span style=\"color: #000000;\">4. fizika<\/span><br \/>\n<span style=\"color: #000000;\">5. kemija<\/span><br \/>\n<span style=\"color: #000000;\">6. biologija (predmet po izboru \u0161kole).<\/span><\/p>\n<p>&nbsp;<\/p>\n<p><span style=\"color: #000000;\">S obzirom na upite o broju bodova s kojima su upisani najni\u017ee rangirani u\u010denici u \u0161kolskoj godini 2024.\/2025. dajemo slijede\u0107e informacije:<\/span><\/p>\n<p><span style=\"color: #000000;\">op\u0107a gimnazija: 79,69 bodova.<\/span><br \/>\n<span style=\"color: #000000;\">op\u0107a gimnazija uz skupinu predmeta na stranom jeziku: 77,74 boda.<\/span><br \/>\n<span style=\"color: #000000;\">prirodoslovno-matemati\u010dka gimnazija: 84,27 bodova.<\/span><br \/>\n<span style=\"color: #000000;\">prirodoslovno-matemati\u010dka gimnazija uz skupinu predmeta na stranom jeziku: 82,17 bodova.<\/span><\/p>\n<p>&nbsp;<\/p>\n<p><span style=\"color: #000000;\"><strong>VREDNOVANJE REZULTATA POSTIGNUTIH NA DR\u017dAVNIM I ME\u0110UNARODNIM NATJECANJIMA U ZNANJU<\/strong><\/span><\/p>\n<p><span style=\"color: #000000;\">U op\u0107oj gimnaziji i op\u0107oj gimnaziji uz skupinu predmeta na stranom jeziku pravo na izravan upis ostvaruju kandidati koji su osvojili 1., 2. ili 3. mjesto na natjecanjima u znanju iz hrvatskoga jezika, matematike, prvog stranog jezika, povijesti, geografije i biologije.<\/span><\/p>\n<p><span style=\"color: #000000;\">U prirodoslovno-matemati\u010dkoj gimnaziji i prirodoslovno-matemati\u010dkoj gimnaziji uz skupinu predmeta na stranom jeziku a izravan upis ostvaruju kandidati koji su osvojili 1., 2. ili 3. mjesto na natjecanjima u znanju iz hrvatskoga jezika, matematike, prvog stranog jezika, fizike, kemije i informatike (ra\u010dunalstva).<\/span><\/p>\n<p>Dodatne bodove i pravo prednosti pogledati u publikaciji <a href=\"https:\/\/srednje.e-upisi.hr\/files\/Upute%20za%20u%C4%8Denike.pdf\" target=\"_blank\" rel=\"noopener\">Prijave i upisi u srednje \u0161kole<\/a>.<\/p>\n<p>&nbsp;<\/p>\n<p><span style=\"color: #000000;\"><strong>STRANI JEZICI I IZBORNI PREDMETI<\/strong><\/span><\/p>\n<p><span style=\"color: #000000;\">U programima <b>op\u0107e gimnazije i op\u0107e gimnazije uz skupinu predmeta na stranom jeziku<\/b>, u\u010de se dva strana jezika, od kojih drugi strani jezik u\u010denici biraju sami.<\/span><\/p>\n<table border=\"0\" width=\"967\" cellspacing=\"0\" cellpadding=\"0\">\n<tbody>\n<tr>\n<td><span style=\"color: #000000;\"><strong>PROGRAM<\/strong><\/span><\/td>\n<td><span style=\"color: #000000;\"><strong>Prvi strani jezik<\/strong><\/span><\/td>\n<td><span style=\"color: #000000;\"><strong>Drugi strani jezik<\/strong><\/span><\/td>\n<\/tr>\n<tr>\n<td><span style=\"color: #000000;\">OP\u0106A GIMNAZIJA<\/span><\/td>\n<td><span style=\"color: #000000;\">Engleski jezik<\/span><\/p>\n<p>&nbsp;<\/td>\n<td><span style=\"color: #000000;\">njema\u010dki (po\u010detni)<\/span><br \/>\n<span style=\"color: #000000;\">njema\u010dki (napredni)<\/span><br \/>\n<span style=\"color: #000000;\">talijanski (po\u010detni)<\/span><br \/>\n<span style=\"color: #000000;\">francuski (po\u010detni)<\/span><br \/>\n<span style=\"color: #000000;\">\u0161panjolski (po\u010detni)<\/span><\/td>\n<\/tr>\n<tr>\n<td><span style=\"color: #000000;\">OP\u0106A GIMNAZIJA UZ SKUPINU PREDMETA NA STRANOM JEZIKU<\/span><\/td>\n<td><span style=\"color: #000000;\">Engleski jezik<\/span><\/td>\n<td><span style=\"color: #000000;\">talijanski (po\u010detni)<\/span><br \/>\n<span style=\"color: #000000;\">njema\u010dki (napredni)<\/span><\/td>\n<\/tr>\n<\/tbody>\n<\/table>\n<p><span style=\"color: #ff0000;\">Va\u017eno: Pri formiranju razreda \u0161kola zadr\u017eava pravo odre\u0111ivanja drugog stranog jezika prema svojim mogu\u0107nostima.<\/span><\/p>\n<p><span style=\"color: #ff0000;\">Ako je u\u010dio engleski manje od 4 godine tada je obavezan pristupiti provjeri znanja engleskog jezika kako je navedeno u izborniku<\/span> <a href=\"https:\/\/deseta-gimnazija.hr\/?page_id=1849\" target=\"_blank\" rel=\"noopener\">Upisni rokovi<\/a>.<\/p>\n<p><span style=\"color: #000000;\">U programima <b>prirodoslovno-matemati\u010dke gimnazije i prirodoslovno-matemati\u010dke gimnazije uz skupinu predmeta na stranom jeziku<\/b>, u\u010denik kao obvezni predmet bira izme\u0111u opcija:<\/span><\/p>\n<p><span style=\"color: #000000;\"><strong>A program<\/strong>: drugi strani jezik<\/span><\/p>\n<p><span style=\"color: #000000;\"><strong>B program<\/strong>: pro\u0161ireni program matematike i informatike<\/span><\/p>\n<table border=\"0\" cellspacing=\"0\" cellpadding=\"0\">\n<tbody>\n<tr>\n<td><span style=\"color: #000000;\"><strong>PROGRAM<\/strong><\/span><\/td>\n<td><span style=\"color: #000000;\"><strong>Prvi strani jezik<\/strong><\/span><\/td>\n<td><span style=\"color: #000000;\"><strong>Obvezni izbor<\/strong><\/span><\/td>\n<\/tr>\n<tr>\n<td><span style=\"color: #000000;\">PRIRODOSLOVNO-MATEMATI\u010cKA GIMNAZIJA<\/span><\/td>\n<td><span style=\"color: #000000;\">Engleski jezik<\/span><\/td>\n<td><span style=\"color: #000000;\">Pro\u0161ireni program matematike i informatike<\/span><br \/>\n<span style=\"color: #000000;\">ili <\/span><br \/>\n<span style=\"color: #000000;\">2. strani jezik: njema\u010dki (po\u010detni, napredni), &nbsp;talijanski&nbsp;(po\u010detni)<\/span><\/td>\n<\/tr>\n<tr>\n<td><span style=\"color: #000000;\">PRIRODOSLOVNO-MATEMATI\u010cKA GIMNAZIJA UZ SKUPINU PREDMETA NA STRANOM JEZIKU<\/span><\/td>\n<td><span style=\"color: #000000;\">Engleski jezik<\/span><\/td>\n<td><span style=\"color: #000000;\">Pro\u0161ireni program matematike i informatike<\/span><br \/>\n<span style=\"color: #000000;\">ili<\/span><br \/>\n<span style=\"color: #000000;\"> 2.strani jezik: njema\u010dki (po\u010detni, napredni), talijanski&nbsp;(po\u010detni)<\/span><\/td>\n<\/tr>\n<\/tbody>\n<\/table>\n<p><span style=\"color: #ff0000;\">Va\u017eno: Pri formiranju razreda \u0161kola zadr\u017eava pravo odre\u0111ivanja drugog stranog jezika prema svojim mogu\u0107nostima.<\/span><\/p>\n<p><span style=\"color: #000000;\">U svim programima u\u010denici biraju izborni predmet: vjeronauk ili etiku.<\/span><\/p>\n<p><span style=\"color: #000000;\">U\u010deniku se omogu\u0107uje u\u010denje izabranoga 2. stranog jezika ako je dovoljan broj prijavljenih kandidata, prema kriteriju koji odredi MZO.&nbsp;Preporuka kandidatu je da ozna\u010di alternativne strane jezike.<\/span><\/p>\n<p><strong>POVE\u0106ANI TRO\u0160KOVI OBRAZOVANJA<\/strong><\/p>\n<ol>\n<li><span style=\"color: #000000;\">Naknada za pove\u0107ane tro\u0161kove obrazovanja u programima op\u0107e gimnazije uz skupinu predmeta na stranom jeziku i prirodoslovno-matemati\u010dke gimnazije uz skupinu predmeta na stranom jeziku godi\u0161nje iznosi 600,00 \u20ac kroz 10 nastavnih mjeseci&nbsp; ili u jednom iznosu o \u010demu \u0160kola i roditelj\/skrbnik sklapaju ugovor.<\/span><\/li>\n<\/ol>\n<p><span style=\"color: #000000;\"><strong>PROGRAMI SA SKUPINOM PREDMETA NA STRANOM JEZIKU<\/strong><\/span><\/p>\n<p><span style=\"color: #000000;\">U programima op\u0107e gimnazije uz skupinu predmeta na stranom jeziku i prirodoslovno-matemati\u010dke gimnazije uz skupinu predmeta na stranom jeziku, nastava na engleskom jeziku izvodi se za predmete za koje \u0161kola ima suglasnost MZO-a, a to su: matematika, fizika, kemija, biologija, sociologija, geografija, informatika, likovna umjetnost, glazbena umjetnost, filozofija, TZK i etika. U svakom godi\u0161tu se nastava na engleskom jeziku izvodi u nekoliko predmeta u skladu s Pravilnikom. Odabrani predmeti izvode se na hrvatskom i engleskom jeziku, od \u010dega je izvedba na engleskom jeziku minimalno 50% nastave.<\/span><\/p>\n<p><span style=\"color: #000000;\"><strong>DODATNE PROVJERE ZNANJA<\/strong><\/span><\/p>\n<p>Uvjet &nbsp;za upis u program op\u0107e gimnazije uz skupinu predmeta na stranom&nbsp; jeziku&nbsp; je polo\u017eena<strong> provjera znanja iz engleskog jezika.<\/strong><\/p>\n<p>Uvjet &nbsp;za upis u program prirodoslovno-matemati\u010dke gimnazije uz skupinu predmeta na stranom &nbsp;jeziku je polo\u017eena<strong> provjera znanja iz engleskog jezika i pristup provjeri znanja iz matematike.<\/strong><\/p>\n<p>Uvjet &nbsp;za upis u program prirodoslovno-matemati\u010dke gimnazije je&nbsp;<strong>pristup provjeri znanja iz matematike.<\/strong><\/p>\n<p>Provjera znanja engleskog jezika provodi se pisanim putem iz podru\u010dja \u010ditanje s razumijevanjem i uporaba jezika (vokabular i gramatika). Provjerom se <strong>ne ostvaruju<\/strong>&nbsp;<strong> dodatni bodovi<\/strong>, a u Nacionalnom informacijskom sustavu prijava i upisa u srednje \u0161kole evidentira se je li kandidat s uspjehom polo\u017eio provjeru.&nbsp;<\/p>\n<p>Provjera znanja iz matematike <strong>donosi dodatne bodove<\/strong>, max. 10 bodova koji se pribrajaju bodovima u\u010denika iz osnovne \u0161kole. Prema ostvarenim bodovima se formira rang lista najbolje plasiranih u\u010denika koji ulaze u dozvoljenu kvotu.<\/p>\n<p>U\u010denici koji nisu u osnovnoj \u0161koli u\u010dili engleski jezik minimalno 4 godine (o tome ne postoje podaci u NISpuS\u0160 sustavu), a prijavljuju se u Op\u0107u gimnaziju du\u017eni su pristupiti provjeri znanja engleskog jezika.&nbsp;<\/p>\n<p>U\u010denici koji nisu u osnovnoj \u0161koli u\u010dili engleski jezik minimalno 4 godine (o tome ne postoje podaci u NISpuS\u0160 sustavu), a prijavljuju se u Prirodoslovno matemati\u010dku gimnaziju du\u017eni su pristupiti provjeri znanja engleskog jezika.&nbsp;<\/p>\n<p>U\u010denici koji nisu u osnovnoj \u0161koli u\u010dili engleski jezik minimalno 4 godine (o tome ne postoje podaci u NISpuS\u0160 sustavu), a prijavljuju se u Op\u0107u gimnaziju sa skupinom predmeta na engleskom jeziku ili Prirodoslovno matemati\u010dku gimnaziju sa skupinom predmeta na engleskom jeziku priznat \u0107e se polo\u017eena provjera znanja iz engleskog jezika predvi\u0111ena za navedene smjerove.&nbsp;<\/p>\n<p><strong>Napomena<\/strong>: kandidati koji nisu u\u010dili engleski jezik u osnovnoj \u0161koli moraju poslati pisani zahtjev i ispuniti obrazac za pristupanje provjeri znanja engleskog jezika koji se nalazi na <a href=\"https:\/\/deseta-gimnazija.hr\/?page_id=1849\" rel=\"noopener\">poveznici<\/a>.<\/p>\n<p>&nbsp;<\/p>\n<p><span style=\"color: #000000;\"><strong>DODATNE INFORMACIJE O OBRAZOVANJU<\/strong><\/span><\/p>\n<p><span style=\"color: #000000;\">\u0160kola je Cambridge me\u0111unarodni centar u Republici Hrvatskoj HR006 te omogu\u0107uje u\u010denicima stjecanje kvalifikacija na IGCSE i As\/A razini.<\/span><\/p>\n<p><span style=\"color: #000000;\">\u0160kola je \u010dlanica PASCH projekta te omogu\u0107uje u\u010denicima pripremu i polaganje znanja njema\u010dkog jezika na A1 i A2 razini, koja se provodi u suradnji s Goethe institutom.<\/span><\/p>\n<p><span style=\"color: #000000;\">\u0160kola omogu\u0107uje pripremu i polaganje znanja francuskog jezika na A1-B1 razini \u2013 DELF ispiti.<\/span><\/p>\n<p>&nbsp;<\/p>\n","protected":false},"excerpt":{"rendered":"<p>UPISNA STRUKTURA X. gimnazija Ivan Supek upisuje u 1. razred u \u0161kolskoj godini 2025.\/2026. ukupno 286 u\u010denika u 11 razrednih odjela. U\u010denici se mogu upisati u jedan od \u010detiri ponu\u0111ena programa: &nbsp; PROGRAM BROJ RAZREDNIH ODJELA 1. &nbsp; OP\u0106A GIMNAZIJA 5 2. &nbsp; OP\u0106A GIMNAZIJA UZ SKUPINU PREDMETA NA STRANOM JEZIKU (ENGLESKI) 1 3. &nbsp; [&hellip;]<\/p>\n","protected":false},"author":2,"featured_media":0,"parent":0,"menu_order":0,"comment_status":"closed","ping_status":"closed","template":"","meta":{"ngg_post_thumbnail":0,"footnotes":""},"_links":{"self":[{"href":"https:\/\/deseta-gimnazija.hr\/index.php?rest_route=\/wp\/v2\/pages\/253"}],"collection":[{"href":"https:\/\/deseta-gimnazija.hr\/index.php?rest_route=\/wp\/v2\/pages"}],"about":[{"href":"https:\/\/deseta-gimnazija.hr\/index.php?rest_route=\/wp\/v2\/types\/page"}],"author":[{"embeddable":true,"href":"https:\/\/deseta-gimnazija.hr\/index.php?rest_route=\/wp\/v2\/users\/2"}],"replies":[{"embeddable":true,"href":"https:\/\/deseta-gimnazija.hr\/index.php?rest_route=%2Fwp%2Fv2%2Fcomments&post=253"}],"version-history":[{"count":32,"href":"https:\/\/deseta-gimnazija.hr\/index.php?rest_route=\/wp\/v2\/pages\/253\/revisions"}],"predecessor-version":[{"id":14111,"href":"https:\/\/deseta-gimnazija.hr\/index.php?rest_route=\/wp\/v2\/pages\/253\/revisions\/14111"}],"wp:attachment":[{"href":"https:\/\/deseta-gimnazija.hr\/index.php?rest_route=%2Fwp%2Fv2%2Fmedia&parent=253"}],"curies":[{"name":"wp","href":"https:\/\/api.w.org\/{rel}","templated":true}]}}