{"id":247,"date":"2018-02-19T14:02:32","date_gmt":"2018-02-19T14:02:32","guid":{"rendered":"https:\/\/deseta-gimnazija.hr\/wp\/?page_id=247"},"modified":"2023-06-13T17:29:11","modified_gmt":"2023-06-13T16:29:11","slug":"udzbenici","status":"publish","type":"page","link":"https:\/\/deseta-gimnazija.hr\/?page_id=247","title":{"rendered":"Ud\u017ebenici"},"content":{"rendered":"<p>Popis odabranih ud\u017ebenika po razredima pogledajte u nastavku:<\/p>\n<p><strong>1. razred: op\u0107a gimnazija i op\u0107a gimnazija sa skupinom predmeta na stranom jeziku<\/strong><br \/>\n<\/p>\n<p><strong>1. razred: prirodoslovno matemati\u010dka gimnazija i prirodoslovno matemati\u010dka gimnazija sa skupinom predmeta na stranom jeziku<\/strong><br \/>\n<\/p>\n<p><strong>2. razred: op\u0107a gimnazija i op\u0107a gimnazija sa skupinom predmeta na stranom jeziku<\/strong><br \/>\n<\/p>\n<p><strong>2. razred: prirodoslovno matemati\u010dka gimnazija i prirodoslovno matemati\u010dka gimnazija sa skupinom predmeta na stranom jeziku<\/strong><br \/>\n<\/p>\n<p><strong>3. razred: op\u0107a gimnazija i op\u0107a gimnazija sa skupinom predmeta na stranom jeziku<\/strong><br \/>\n<\/p>\n<p><strong>3. razred: prirodoslovno matemati\u010dka gimnazija i prirodoslovno matemati\u010dka gimnazija sa skupinom predmeta na stranom jeziku<\/strong><br \/>\n<\/p>\n<p><strong>4. razred: op\u0107a gimnazija i op\u0107a gimnazija sa skupinom predmeta na stranom jeziku<\/strong><br \/>\n<\/p>\n<p><strong>4. razred: prirodoslovno matemati\u010dka gimnazija i prirodoslovno matemati\u010dka gimnazija sa skupinom predmeta na stranom jeziku<\/strong><br \/>\n<\/p>\n<p><strong>strani jezici<\/strong><br \/>\n<\/p>\n","protected":false},"excerpt":{"rendered":"<p>Popis odabranih ud\u017ebenika po razredima pogledajte u nastavku: 1. razred: op\u0107a gimnazija i op\u0107a gimnazija sa skupinom predmeta na stranom jeziku 1. razred: prirodoslovno matemati\u010dka gimnazija i prirodoslovno matemati\u010dka gimnazija sa skupinom predmeta na stranom jeziku 2. razred: op\u0107a gimnazija i op\u0107a gimnazija sa skupinom predmeta na stranom jeziku 2. razred: prirodoslovno matemati\u010dka gimnazija i [&hellip;]<\/p>\n","protected":false},"author":2,"featured_media":0,"parent":0,"menu_order":0,"comment_status":"closed","ping_status":"closed","template":"","meta":{"ngg_post_thumbnail":0,"footnotes":""},"_links":{"self":[{"href":"https:\/\/deseta-gimnazija.hr\/index.php?rest_route=\/wp\/v2\/pages\/247"}],"collection":[{"href":"https:\/\/deseta-gimnazija.hr\/index.php?rest_route=\/wp\/v2\/pages"}],"about":[{"href":"https:\/\/deseta-gimnazija.hr\/index.php?rest_route=\/wp\/v2\/types\/page"}],"author":[{"embeddable":true,"href":"https:\/\/deseta-gimnazija.hr\/index.php?rest_route=\/wp\/v2\/users\/2"}],"replies":[{"embeddable":true,"href":"https:\/\/deseta-gimnazija.hr\/index.php?rest_route=%2Fwp%2Fv2%2Fcomments&post=247"}],"version-history":[{"count":4,"href":"https:\/\/deseta-gimnazija.hr\/index.php?rest_route=\/wp\/v2\/pages\/247\/revisions"}],"predecessor-version":[{"id":11128,"href":"https:\/\/deseta-gimnazija.hr\/index.php?rest_route=\/wp\/v2\/pages\/247\/revisions\/11128"}],"wp:attachment":[{"href":"https:\/\/deseta-gimnazija.hr\/index.php?rest_route=%2Fwp%2Fv2%2Fmedia&parent=247"}],"curies":[{"name":"wp","href":"https:\/\/api.w.org\/{rel}","templated":true}]}}