{"id":227,"date":"2018-02-19T11:27:36","date_gmt":"2018-02-19T11:27:36","guid":{"rendered":"https:\/\/deseta-gimnazija.hr\/wp\/?page_id=227"},"modified":"2018-10-04T14:34:25","modified_gmt":"2018-10-04T13:34:25","slug":"post-227","status":"publish","type":"page","link":"https:\/\/deseta-gimnazija.hr\/?page_id=227","title":{"rendered":"Galerija"},"content":{"rendered":"<p><strong>PODJELA CAMBRIDGE SVJEDOD\u017dBI<\/strong><\/p>\n<p>Danas, 3. listopada 2018. godine, odr\u017eana je sve\u010dana podjela Cambridge svjedod\u017ebi za u\u010denike koji su polagali Cambridge ispite u ljetnom roku. \u010cestitamo svim u\u010denicima na postignutom uspjehu!<\/p>\nngg_shortcode_0_placeholder\n<p>&nbsp;<\/p>\n<p><strong>X. GIMNAZIJA &#8220;IVAN SUPEK&#8221; &#8211; CAMBRIDGE ISPITNI CENTAR<\/strong><\/p>\n<p>Prigodna sve\u010danost dodjele certifikata i otkrivanje plakete odr\u017eana je 1. prosinca 2008. godine u prostorijama na\u0161e Gimnazije. Pogledajte galeriju slika sa sve\u010danosti!<\/p>\nngg_shortcode_1_placeholder\n<p>&nbsp;<\/p>\n","protected":false},"excerpt":{"rendered":"<p>PODJELA CAMBRIDGE SVJEDOD\u017dBI Danas, 3. listopada 2018. godine, odr\u017eana je sve\u010dana podjela Cambridge svjedod\u017ebi za u\u010denike koji su polagali Cambridge ispite u ljetnom roku. \u010cestitamo svim u\u010denicima na postignutom uspjehu! &nbsp; X. GIMNAZIJA &#8220;IVAN SUPEK&#8221; &#8211; CAMBRIDGE ISPITNI CENTAR Prigodna sve\u010danost dodjele certifikata i otkrivanje plakete odr\u017eana je 1. prosinca 2008. godine u prostorijama na\u0161e [&hellip;]<\/p>\n","protected":false},"author":2,"featured_media":0,"parent":0,"menu_order":0,"comment_status":"closed","ping_status":"closed","template":"","meta":{"ngg_post_thumbnail":0,"footnotes":""},"_links":{"self":[{"href":"https:\/\/deseta-gimnazija.hr\/index.php?rest_route=\/wp\/v2\/pages\/227"}],"collection":[{"href":"https:\/\/deseta-gimnazija.hr\/index.php?rest_route=\/wp\/v2\/pages"}],"about":[{"href":"https:\/\/deseta-gimnazija.hr\/index.php?rest_route=\/wp\/v2\/types\/page"}],"author":[{"embeddable":true,"href":"https:\/\/deseta-gimnazija.hr\/index.php?rest_route=\/wp\/v2\/users\/2"}],"replies":[{"embeddable":true,"href":"https:\/\/deseta-gimnazija.hr\/index.php?rest_route=%2Fwp%2Fv2%2Fcomments&post=227"}],"version-history":[{"count":0,"href":"https:\/\/deseta-gimnazija.hr\/index.php?rest_route=\/wp\/v2\/pages\/227\/revisions"}],"wp:attachment":[{"href":"https:\/\/deseta-gimnazija.hr\/index.php?rest_route=%2Fwp%2Fv2%2Fmedia&parent=227"}],"curies":[{"name":"wp","href":"https:\/\/api.w.org\/{rel}","templated":true}]}}