{"id":2010,"date":"2018-10-01T12:21:23","date_gmt":"2018-10-01T11:21:23","guid":{"rendered":"https:\/\/deseta-gimnazija.hr\/?page_id=2010"},"modified":"2026-03-18T15:10:39","modified_gmt":"2026-03-18T13:10:39","slug":"pravilnici","status":"publish","type":"page","link":"https:\/\/deseta-gimnazija.hr\/?page_id=2010","title":{"rendered":"Akti \u0161kole"},"content":{"rendered":"<p><strong>Statut X. gimnazije Ivan Supek<\/strong><br \/>\n<\/p>\n<p>&nbsp;<\/p>\n<p><strong>Odluka o izmjenama i dopunama Statauta X. gimnazije Ivan Supek<\/strong><br \/>\n<\/p>\n<p>&nbsp;<\/p>\n<p><strong>Pravilnik o za\u0161titi na radu<\/strong><br \/>\n<\/p>\n<p>&nbsp;<\/p>\n<p><strong>Pravilnik o za\u0161titi od po\u017eara<\/strong><br \/>\n<\/p>\n<p>&nbsp;<\/p>\n<p><strong>Pravilnik o radu \u0161kolske knji\u017enice<\/strong><br \/>\n<\/p>\n<p><strong>Pravilnik o za\u0161titi i obradi arhivskog i registraturnog gradiva<\/strong><br \/>\n<\/p>\n<p>&nbsp;<\/p>\n<p><strong>Pravilnik o radu<\/strong><br \/>\n<\/p>\n<p>&nbsp;<\/p>\n<p><strong>Poslovnik o radu \u0161kolskog odbora<\/strong><br \/>\n<\/p>\n<p>&nbsp;<\/p>\n<p><strong>Poslovnik o radu nastavni\u010dkog i razrednog vije\u0107a<\/strong><br \/>\n<\/p>\n<p>&nbsp;<\/p>\n<p><strong>Ku\u0107ni red<\/strong><br \/>\n<\/p>\n<p>&nbsp;<\/p>\n<p><strong>Eti\u010dki kodeks<\/strong><br \/>\n<\/p>\n<p>&nbsp;<\/p>\n<p><strong>Pravilnik o na\u010dinu i postupku zapo\u0161ljavanja u X. gimnaziji Ivan Supek<\/strong><br \/>\n<\/p>\n<p>&nbsp;<\/p>\n<p><strong>Pravilnik o provedbi postupka jednostavne nabave<\/strong><br \/>\n<\/p>\n","protected":false},"excerpt":{"rendered":"<p>Statut X. gimnazije Ivan Supek &nbsp; Odluka o izmjenama i dopunama Statauta X. gimnazije Ivan Supek &nbsp; Pravilnik o za\u0161titi na radu &nbsp; Pravilnik o za\u0161titi od po\u017eara &nbsp; Pravilnik o radu \u0161kolske knji\u017enice Pravilnik o za\u0161titi i obradi arhivskog i registraturnog gradiva &nbsp; Pravilnik o radu &nbsp; Poslovnik o radu \u0161kolskog odbora &nbsp; Poslovnik [&hellip;]<\/p>\n","protected":false},"author":4,"featured_media":0,"parent":0,"menu_order":0,"comment_status":"closed","ping_status":"closed","template":"","meta":{"ngg_post_thumbnail":0,"footnotes":""},"_links":{"self":[{"href":"https:\/\/deseta-gimnazija.hr\/index.php?rest_route=\/wp\/v2\/pages\/2010"}],"collection":[{"href":"https:\/\/deseta-gimnazija.hr\/index.php?rest_route=\/wp\/v2\/pages"}],"about":[{"href":"https:\/\/deseta-gimnazija.hr\/index.php?rest_route=\/wp\/v2\/types\/page"}],"author":[{"embeddable":true,"href":"https:\/\/deseta-gimnazija.hr\/index.php?rest_route=\/wp\/v2\/users\/4"}],"replies":[{"embeddable":true,"href":"https:\/\/deseta-gimnazija.hr\/index.php?rest_route=%2Fwp%2Fv2%2Fcomments&post=2010"}],"version-history":[{"count":18,"href":"https:\/\/deseta-gimnazija.hr\/index.php?rest_route=\/wp\/v2\/pages\/2010\/revisions"}],"predecessor-version":[{"id":15220,"href":"https:\/\/deseta-gimnazija.hr\/index.php?rest_route=\/wp\/v2\/pages\/2010\/revisions\/15220"}],"wp:attachment":[{"href":"https:\/\/deseta-gimnazija.hr\/index.php?rest_route=%2Fwp%2Fv2%2Fmedia&parent=2010"}],"curies":[{"name":"wp","href":"https:\/\/api.w.org\/{rel}","templated":true}]}}