{"id":1877,"date":"2018-09-20T08:00:42","date_gmt":"2018-09-20T07:00:42","guid":{"rendered":"https:\/\/deseta-gimnazija.hr\/?page_id=1877"},"modified":"2025-10-12T22:25:31","modified_gmt":"2025-10-12T20:25:31","slug":"hr006-ispitni-centar","status":"publish","type":"page","link":"https:\/\/deseta-gimnazija.hr\/?page_id=1877","title":{"rendered":"HR006 ispitni centar"},"content":{"rendered":"<p><img loading=\"lazy\" decoding=\"async\" class=\"alignnone size-full wp-image-4705\" src=\"https:\/\/deseta-gimnazija.hr\/wp-content\/uploads\/2019\/05\/cambridge-logo.png\" alt=\"\" width=\"282\" height=\"112\" srcset=\"https:\/\/deseta-gimnazija.hr\/wp-content\/uploads\/2019\/05\/cambridge-logo.png 282w, https:\/\/deseta-gimnazija.hr\/wp-content\/uploads\/2019\/05\/cambridge-logo-230x91.png 230w\" sizes=\"(max-width: 282px) 100vw, 282px\" \/><\/p>\n<p>Cambridge ispitni centar<\/p>\n<p>Nakon uspje\u0161no uvedene dvojezi\u010dne nastave, na\u0161a je \u0161kola 2008. godine postala prva dr\u017eavna \u0161kola Cambridge me\u0111unarodni centar u Republici Hrvatskoj (Sveu\u010dili\u0161te u Cambridgeu, Me\u0111unarodni ispitni centar, HR006). Time je u\u010denicima, iz na\u0161e i iz drugih \u0161kola, kao i svima zainteresiranima omogu\u0107eno stjecanje kvalifikacija iz niza razli\u010ditih predmeta na IGCSE i AS\/A razini.<\/p>\n<p>U\u010denici mogu pristupiti me\u0111unarodnim ispitima znanja iz brojnih predmeta po svome vlastitom odabiru i time ste\u0107i jednu od (IGCSE ili As\/A razinu) ili obje (IGCSE i AS\/A razinu) Cambridge kvalifikacije. IGCSE je prvi dvogodi\u0161nji obrazovni ciklus (kurikulum) nakon \u010dega se provodi vanjsko vrednovanje iz predmeta koje u\u010denik odabere. Nakon jo\u0161 dvije godine zavr\u0161ava drugi obrazovni ciklus (kurikulum) AS\/A razine.<\/p>\n<p>Dakle, u na\u0161oj \u0161koli na\u0161i u\u010denici i mnogobrojni privatni kandidati su polagali IGCSE i AS\/A razinu CIE ispita iz sljede\u0107ih predmeta: Engleski jezik, Matematika, Fizika, Kemija, Sociologija, Geografija, Informatika i Biologija.<\/p>\n<p>Dva su ispitna roka: svibanj\/lipanj i listopad\/studeni.<\/p>\n<p>U svakom ispitnom roku javljaju nam se privatni kandidati iz Hrvatske i inozemstva, a samo do 2016. godine organizirali smo 722 ispita.<\/p>\n<p>Cambridge me\u0111unarodni ispiti priznati su i na nekim hrvatskim fakultetima: PMF Odsjek za matematiku i kemiju (priznavanje rezultata As\/A ispita matematike, fizike i kemije). Profesori na\u0161e \u0161kole izradili su okvirnu usporedbu sadr\u017eaja Nacionalnoga kurikuluma i Cambridge me\u0111unarodnoga kurikuluma.<br \/>\nCambridge Assessment International Education vode\u0107a je me\u0111unarodna organizacija sa sredi\u0161tem na Sveu\u010dili\u0161tu u Cambridgeu u Velikoj Britaniji. Zadatak CIE odjela jest razvijanje planova i programa ispita znanja za u\u010denike u UK-u i izvan njega. CIE sura\u0111uje s vladama i ministarstvima \u0161irom svijeta u svrhu provo\u0111enja reformi obrazovnih sustava.<br \/>\nPreko 9000 ispitnih centara u 150 zemalja svijeta i preko dva milijuna u\u010denika koji godi\u0161nje pristupaju Cambridge me\u0111unarodnim ispitima \u010dini ovu organizaciju najve\u0107om te vrste u svijetu. IGCSE i A level kvalifikacije priznaju sveu\u010dili\u0161ta i koled\u017ei \u0161irom svijeta u svrhu upisa, a tako\u0111er ih priznaju i poslodavci.<br \/>\nCijena ispita za u\u010denike na\u0161e \u0161kole obuhva\u0107a popust.<\/p>\n<p>Kako bi se ispitu moglo pristupiti, potrebno ga je <a href=\"https:\/\/deseta-gimnazija.hr\/?page_id=207\">prijaviti<\/a>.<br \/>\nVi\u0161e informacija o Cambridge ispitima :&nbsp;<a href=\"https:\/\/www.cambridgeinternational.org\/\" target=\"_blank\" rel=\"noopener\">https:\/\/www.cambridgeinternational.org\/&nbsp;<\/a><\/p>\n<p>Posebno poti\u010demo u\u010denike dvojezi\u010dnih razreda da iza\u0111u na ispit iz engleskog jezika <em>English as a Second Language<\/em> jer se pripremaju za Cambridge ispite iz engleskog jezika u sklopu fakultativne nastave. Zadnjih godina poti\u010demo i u\u010denike ostalih smjerova da prijave ispit iz engleskog jezika uz podr\u0161ku \u0161kole. Velika je vrijednost u Cambridge certifikatima jer oni nemaju rok trajanja, odnosno, ne treba se obnavljati potvrda o znanju jezika svakih nekoliko godina. Takva potvrda pokazala se vrlo korisnom mnogim biv\u0161im u\u010denicima \u0161kole u njihovom daljnjem \u0161kolovanju i profesionalnom razvoju.<\/p>\n<p><img loading=\"lazy\" decoding=\"async\" class=\"size-full wp-image-13581 aligncenter\" src=\"https:\/\/deseta-gimnazija.hr\/wp-content\/uploads\/2025\/01\/cambridge.png\" alt=\"\" width=\"652\" height=\"243\" srcset=\"https:\/\/deseta-gimnazija.hr\/wp-content\/uploads\/2025\/01\/cambridge.png 652w, https:\/\/deseta-gimnazija.hr\/wp-content\/uploads\/2025\/01\/cambridge-300x112.png 300w, https:\/\/deseta-gimnazija.hr\/wp-content\/uploads\/2025\/01\/cambridge-230x86.png 230w, https:\/\/deseta-gimnazija.hr\/wp-content\/uploads\/2025\/01\/cambridge-350x130.png 350w, https:\/\/deseta-gimnazija.hr\/wp-content\/uploads\/2025\/01\/cambridge-480x179.png 480w\" sizes=\"(max-width: 652px) 100vw, 652px\" \/><\/p>\n<p>Za sve op\u0107enite informacije o polaganju Cambridge Assessment International Education ispita svi zainteresirani (u\u010denici i privatni kandidati) mogu se javiti ispitnoj koordinatorici, profesorici Ivi Pero\u0161, osobno ili putem elektroni\u010dke po\u0161te <a class=\"email\" title=\"Napi\u0161i mail za\" href=\"mailto:iva.peros@gmail.com\">iva.peros@gmail.com<\/a><\/p>\n<p>Za informacije o pojedinim predmetima u\u010denici i privatni kandidati se mogu javiti profesorima kako je navedeno:<\/p>\n<table>\n<tbody>\n<tr>\n<td width=\"307\"><strong>English as a Second Language<\/strong><\/p>\n<p>(i ostali ispiti engleskog jezika)<\/td>\n<td width=\"565\">Tanja Jovanovi\u0107,&nbsp;<a href=\"mailto:tanja.jovanovic2@skole.hr\">tanja.jovanovic2@skole.hr<\/a><br \/>\nKarolina Horvatin Dole\u017eal, <a href=\"mailto:karolina.horvatin@skole.hr\">karolina.horvatin@skole.hr<\/a><br \/>\nMarija Kolar, <a href=\"mailto:marija.kolar2@skole.hr\" target=\"_blank\" rel=\"noopener\">marija.kolar2@skole.hr<\/a><\/td>\n<\/tr>\n<tr>\n<td width=\"307\"><strong>Fizika<\/strong><\/td>\n<td width=\"565\">Nata\u0161a Rudolf,&nbsp;<a href=\"mailto:natasa.rudolf@skole.hr\">natasa.rudolf@skole.hr<\/a><br \/>\nIvan Bartolec, <a href=\"mailto:ivan.bartolec@skole.hr\">ivan.bartolec@skole.hr<\/a><\/td>\n<\/tr>\n<tr>\n<td width=\"307\"><strong>Matematika<\/strong><\/td>\n<td width=\"565\">Martina Dorotek Erak, <a href=\"mailto:martina.dorotek-erak@skole.hr\" target=\"_blank\" rel=\"noopener\">martina.dorotek-erak@skole.hr<\/a><\/td>\n<\/tr>\n<tr>\n<td width=\"307\"><strong>Kemija<\/strong><\/td>\n<td width=\"565\">Frances Novosel,&nbsp;<a href=\"mailto:frances.novosel@skole.hr\">frances.novosel@skole.hr<\/a><\/td>\n<\/tr>\n<tr>\n<td width=\"307\"><strong>Biologija<\/strong><\/td>\n<td width=\"565\">Danijel \u0160krti\u0107,&nbsp;<a href=\"mailto:danijel.skrtic@skole.hr\">danijel.skrtic1@skole.hr<\/a><\/td>\n<\/tr>\n<tr>\n<td width=\"307\"><strong>Sociologija<\/strong><\/td>\n<td width=\"565\">Marina \u0160ok\u010devi\u0107,&nbsp;<a href=\"mailto:marina.sokcevic@skole.hr\">marina.sokcevic@skole.hr<\/a><\/td>\n<\/tr>\n<tr>\n<td width=\"307\"><strong>Geografija<\/strong><\/td>\n<td width=\"565\">Olja Braj\u010di\u0107, <a href=\"mailto:olja.brajcic@skole.hr\">olja.brajcic@skole.hr<\/a><\/td>\n<\/tr>\n<tr>\n<td width=\"307\"><strong>Etika <\/strong><\/td>\n<td width=\"565\">Juraj Rukavina,&nbsp;<a href=\"mailto:juraj.rukavina1@skole.hr\">juraj.rukavina1@skole.hr<\/a><\/td>\n<\/tr>\n<tr>\n<td width=\"307\"><strong>Filozofija<\/strong><\/td>\n<td width=\"565\">Matea \u010cende\u0161, <a href=\"mailto:matea.cendes@skole.hr\">matea.cendes@skole.hr<\/a><\/td>\n<\/tr>\n<tr>\n<td width=\"307\"><strong>Likovna umjetnost<\/strong><\/td>\n<td width=\"565\">Karmen Farac Turkovi\u0107, <a href=\"mailto:karmen.farac-turkovic@skole.hr\">karmen.farac-turkovic@skole.hr<\/a><\/td>\n<\/tr>\n<tr>\n<td width=\"307\"><strong>Glazbena umjetnost<\/strong><\/td>\n<td width=\"565\">Marija Cestari\u0107, <a href=\"mailto:marija.cestaric2@skole.hr\">marija.cestaric2@skole.hr<\/a><\/td>\n<\/tr>\n<tr>\n<td width=\"307\"><strong>Tjelesna i zdravstvena kultura<\/strong><\/td>\n<td width=\"565\">Marko Juri\u010devi\u0107, <a href=\"mailto:marko.juricevic1@skole.hr\">marko.juricevic1@skole.hr<\/a><\/td>\n<\/tr>\n<\/tbody>\n<\/table>\n<p>&nbsp;<\/p>\n","protected":false},"excerpt":{"rendered":"<p>Cambridge ispitni centar Nakon uspje\u0161no uvedene dvojezi\u010dne nastave, na\u0161a je \u0161kola 2008. godine postala prva dr\u017eavna \u0161kola Cambridge me\u0111unarodni centar u Republici Hrvatskoj (Sveu\u010dili\u0161te u Cambridgeu, Me\u0111unarodni ispitni centar, HR006). Time je u\u010denicima, iz na\u0161e i iz drugih \u0161kola, kao i svima zainteresiranima omogu\u0107eno stjecanje kvalifikacija iz niza razli\u010ditih predmeta na IGCSE i AS\/A razini. [&hellip;]<\/p>\n","protected":false},"author":4,"featured_media":0,"parent":0,"menu_order":0,"comment_status":"closed","ping_status":"closed","template":"","meta":{"ngg_post_thumbnail":0,"footnotes":""},"_links":{"self":[{"href":"https:\/\/deseta-gimnazija.hr\/index.php?rest_route=\/wp\/v2\/pages\/1877"}],"collection":[{"href":"https:\/\/deseta-gimnazija.hr\/index.php?rest_route=\/wp\/v2\/pages"}],"about":[{"href":"https:\/\/deseta-gimnazija.hr\/index.php?rest_route=\/wp\/v2\/types\/page"}],"author":[{"embeddable":true,"href":"https:\/\/deseta-gimnazija.hr\/index.php?rest_route=\/wp\/v2\/users\/4"}],"replies":[{"embeddable":true,"href":"https:\/\/deseta-gimnazija.hr\/index.php?rest_route=%2Fwp%2Fv2%2Fcomments&post=1877"}],"version-history":[{"count":7,"href":"https:\/\/deseta-gimnazija.hr\/index.php?rest_route=\/wp\/v2\/pages\/1877\/revisions"}],"predecessor-version":[{"id":13586,"href":"https:\/\/deseta-gimnazija.hr\/index.php?rest_route=\/wp\/v2\/pages\/1877\/revisions\/13586"}],"wp:attachment":[{"href":"https:\/\/deseta-gimnazija.hr\/index.php?rest_route=%2Fwp%2Fv2%2Fmedia&parent=1877"}],"curies":[{"name":"wp","href":"https:\/\/api.w.org\/{rel}","templated":true}]}}