{"id":1441,"date":"2018-05-29T12:09:09","date_gmt":"2018-05-29T11:09:09","guid":{"rendered":"https:\/\/deseta-gimnazija.hr\/?page_id=1441"},"modified":"2021-04-14T15:12:11","modified_gmt":"2021-04-14T14:12:11","slug":"projekt-skola-za-klimu","status":"publish","type":"page","link":"https:\/\/deseta-gimnazija.hr\/?page_id=1441","title":{"rendered":"Projekt \u201e\u0160kola za klimu\u201c"},"content":{"rendered":"<p>Dru\u0161tvo za oblikovanje odr\u017eivog razvoja u partnerstvu s na\u0161om \u0161kolom zapo\u010delo je s provedbom projekta \u201e\u0160kola za klimu\u201c.Op\u0107i cilj projekta jest pridonijeti informiranosti u\u010denika o klimatskim promjenama, njihovim uzrocima te na\u010dinima ubla\u017eavanja i prilagodbe, a financira se sredstvima Nacionalne zaklade za razvoj civilnoga dru\u0161tva.<\/p>\n<p><img loading=\"lazy\" decoding=\"async\" src=\"https:\/\/deseta-gimnazija.hr\/wp-content\/uploads\/2018\/05\/\u0160kola-za-klimu.jpg\" alt=\"\" width=\"770\" height=\"251\"><\/p>\n<p>Jedan od najva\u017enijih rezultata ovog projekta je&nbsp;<strong>Priru\u010dnik za u\u010denike \u201eKlima je i na\u0161 izbor\u201c<\/strong>&nbsp;u kojem se nalaze korisne i zanimljive informacije&nbsp;o klimatskim promjenama, koja je dostupna u tiskanome i elektroni\u010dkom formatu, te <strong>Priru\u010dnik za nastavnike \u201eKako podu\u010davati o klimi i klimatskim promjenama?\u201c,<\/strong>&nbsp;koji \u0107e biti dostupan u elektroni\u010dkom formatu.<\/p>\n<p>Teme klimatskih promjena i va\u017enosti odr\u017eivog razvoja zauzimaju sve vi\u0161e medijskoga i javnopoliti\u010dkog prostora, a znanstvena zajednica upozorava na nu\u017enost hitnog djelovanja. Teme odr\u017eivog razvoja i klimatskih promjena nedovoljno su zastupljene u sada\u0161njem kurikulumu. Poticanje u\u010denika na kreativno i stvarala\u010dko izra\u017eavanje u podru\u010dju klimatskih promjena i odr\u017eivog razvoja itekako mo\u017ee doprinijeti osvje\u0161tavanju za ovu temu.<\/p>\n<p>Pri provedbi projekta organizira se&nbsp;<strong>niz aktivnosti<\/strong>&nbsp;kojima se poti\u010de uklju\u010divanje teme klimatskih promjena u nastavu.<\/p>\n<p>&nbsp;<\/p>\n<p>REZULTATI KOJI \u0106E SE PROIZVESTI PROVEDBOM PROJEKTA:<\/p>\n<ul>\n<li>predavanja i radionica za nastavnike X. gimnazije \u201eIvan Supek\u201c<\/li>\n<li>razvijen priru\u010dnik za nastavnike<\/li>\n<li>razvijena ilustrirana edukativna publikacija (bro\u0161ura) o klimatskim promjenama za u\u010denike<\/li>\n<li>osmi\u0161ljena i provedena ogledna radionica za u\u010denike<\/li>\n<li>osmi\u0161ljeno i odr\u017eano kreativno natjecanje o temi klimatskih promjena; dodijeljene nagrade najboljim u\u010deni\u010dkim radovima<\/li>\n<li>odr\u017eana zavr\u0161na priredba \u2013 prezentacija projekta i rezultata roditeljima te ostalim zainteresiranim gra\u0111anima, izlo\u017eba nagra\u0111enih likovnih radova.<\/li>\n<\/ul>\n<p>.<\/p>\n<p><strong><em>DOOR je udruga koju je pokrenula skupina stru\u010dnjaka \u2013 in\u017eenjera, ekologa, ekonomista, sociologa i drugih \u2013 s usmjerenjem k odr\u017eivom razvoju i energetici. Misija DOOR-a je promicanje na\u010dela odr\u017eivog razvoja u svim segmentima dru\u0161tva, na lokalnoj, regionalnoj i nacionalnoj razini, ponajprije u podru\u010dju energetike. Edukacija zauzima va\u017eno mjesto u spektru aktivnosti koje udruga provodi.<\/em><\/strong><\/p>\n<p><strong><em>&nbsp;<\/em><\/strong><\/p>\n<p><strong><em>Voditelji projekta u na\u0161oj \u0161koli: Marija Roth, prof. i Danijel \u0160krti\u0107, prof.<\/em><\/strong><\/p>\n\n<p>&nbsp;<\/p>\n<p>Na sljede\u0107im&nbsp; poveznicama mo\u017eete preuzeti priru\u010dnike;<\/p>\n<p>Priru\u010dnik za u\u010denike:&nbsp;<a href=\"http:\/\/door.hr\/wp-content\/uploads\/2016\/01\/Prirucnik-za-ucenike.pdf\" target=\"3nhdf-XAjIUMQS_Qd3JAPyr\" rel=\"noopener noreferrer\" shape=\"rect\">http:\/\/door.hr\/wp-content\/ uploads\/2016\/01\/Prirucnik-za- ucenike.pdf<\/a><\/p>\n<p>Priru\u010dnik za nastavnike:&nbsp;<a href=\"http:\/\/door.hr\/wp-content\/uploads\/2016\/01\/Prirucnik-za-nastavnike.pdf\" target=\"RtBdwMiN2Un85L2e-mO5rMA\" rel=\"noopener noreferrer\" shape=\"rect\">http:\/\/door.hr\/wp-content\/ uploads\/2016\/01\/Prirucnik-za- nastavnike.pdf<\/a><\/p>\n<p>&nbsp;<\/p>\n<p><strong>Nabaci ideju za bolju atmosferu!<\/strong><\/p>\n<p>Promi\u0161lja\u0161 o klimatskim promjenama i o tome kako mo\u017ee\u0161 sa\u010duvati okoli\u0161?<\/p>\n<p>IZRADI crte\u017e, plakat, strip, maketu, ilustraciju, fotografiju, video ili<\/p>\n<p>NAPI\u0160I pjesmu, esej ili kratku pri\u010du na temu klime i klimatskih promjena.<\/p>\n<p>Rad mo\u017ee\u0161 izraditi samostalno ili zajedno s prijateljima iz razreda i donijeti ga do 7.6.2018. u sobu 306.<\/p>\n<p>&nbsp;<\/p>\n<p>O\u010dekuju vas vrijedne nagrade!<\/p>\n<p>Nagrade:<\/p>\n<ol>\n<li>mjesto \u2013 individualno: BICIKL<\/li>\n<li>mjesto \u2013 grupno: PAMETNE NARUKVICE ZA SVE \u010cLANOVE TIMA<\/li>\n<\/ol>\n<p>Sve\u010dana dodjela nagrada biti \u0107e odr\u017eana 11.06.2018. u 13:15, u Kino-dvorani.<\/p>\n<p>Pozivamo sve zainteresirane u\u010denike, profesore i roditelje!<\/p>\n<p>Za vi\u0161e informacija obrati se psihologinji&nbsp; Mariji Roth.<\/p>\n<p><img loading=\"lazy\" decoding=\"async\" src=\"https:\/\/deseta-gimnazija.hr\/wp-content\/uploads\/2018\/06\/IMG_0116-1024x768.jpg\" alt=\"\" width=\"1024\" height=\"768\"><\/p>\n<p>&nbsp;<\/p>\n\n<p>&nbsp;<\/p>\n<div style=\"width: 1170px;\" class=\"wp-video\"><!--[if lt IE 9]><script>document.createElement('video');<\/script><![endif]-->\n<video class=\"wp-video-shortcode\" id=\"video-1441-1\" width=\"1170\" height=\"780\" preload=\"metadata\" controls=\"controls\"><source type=\"video\/mp4\" src=\"https:\/\/deseta-gimnazija.hr\/wp-content\/uploads\/2018\/11\/Pusti-patlidane-da-rastu-1.mp4?_=1\" \/><a href=\"https:\/\/deseta-gimnazija.hr\/wp-content\/uploads\/2018\/11\/Pusti-patlidane-da-rastu-1.mp4\">https:\/\/deseta-gimnazija.hr\/wp-content\/uploads\/2018\/11\/Pusti-patlidane-da-rastu-1.mp4<\/a><\/video><\/div>\n<p>&nbsp;<\/p>\n","protected":false},"excerpt":{"rendered":"<p>Dru\u0161tvo za oblikovanje odr\u017eivog razvoja u partnerstvu s na\u0161om \u0161kolom zapo\u010delo je s provedbom projekta \u201e\u0160kola za klimu\u201c.Op\u0107i cilj projekta jest pridonijeti informiranosti u\u010denika o klimatskim promjenama, njihovim uzrocima te na\u010dinima ubla\u017eavanja i prilagodbe, a financira se sredstvima Nacionalne zaklade za razvoj civilnoga dru\u0161tva. Jedan od najva\u017enijih rezultata ovog projekta je&nbsp;Priru\u010dnik za u\u010denike \u201eKlima je [&hellip;]<\/p>\n","protected":false},"author":2,"featured_media":0,"parent":0,"menu_order":0,"comment_status":"closed","ping_status":"closed","template":"","meta":{"ngg_post_thumbnail":0,"footnotes":""},"_links":{"self":[{"href":"https:\/\/deseta-gimnazija.hr\/index.php?rest_route=\/wp\/v2\/pages\/1441"}],"collection":[{"href":"https:\/\/deseta-gimnazija.hr\/index.php?rest_route=\/wp\/v2\/pages"}],"about":[{"href":"https:\/\/deseta-gimnazija.hr\/index.php?rest_route=\/wp\/v2\/types\/page"}],"author":[{"embeddable":true,"href":"https:\/\/deseta-gimnazija.hr\/index.php?rest_route=\/wp\/v2\/users\/2"}],"replies":[{"embeddable":true,"href":"https:\/\/deseta-gimnazija.hr\/index.php?rest_route=%2Fwp%2Fv2%2Fcomments&post=1441"}],"version-history":[{"count":4,"href":"https:\/\/deseta-gimnazija.hr\/index.php?rest_route=\/wp\/v2\/pages\/1441\/revisions"}],"predecessor-version":[{"id":8232,"href":"https:\/\/deseta-gimnazija.hr\/index.php?rest_route=\/wp\/v2\/pages\/1441\/revisions\/8232"}],"wp:attachment":[{"href":"https:\/\/deseta-gimnazija.hr\/index.php?rest_route=%2Fwp%2Fv2%2Fmedia&parent=1441"}],"curies":[{"name":"wp","href":"https:\/\/api.w.org\/{rel}","templated":true}]}}