{"id":11033,"date":"2023-05-16T11:14:59","date_gmt":"2023-05-16T10:14:59","guid":{"rendered":"https:\/\/deseta-gimnazija.hr\/?page_id=11033"},"modified":"2023-05-16T11:16:33","modified_gmt":"2023-05-16T10:16:33","slug":"skola-i-zajednica","status":"publish","type":"page","link":"https:\/\/deseta-gimnazija.hr\/?page_id=11033","title":{"rendered":"\u0160kola i zajednica"},"content":{"rendered":"<p><b><span data-contrast=\"none\">&#8216;U\u010denici su ti koji su aktivni sudionici procesa, oni kreiraju proces. Kre\u0107e od toga da mladi moraju prepoznati probleme i pojave u svojoj zajednici, a potom sudjelovati i u poku\u0161aju njihova rje\u0161avanja.&#8217;<\/span><\/b><span data-ccp-props=\"{&quot;201341983&quot;:0,&quot;335551550&quot;:6,&quot;335551620&quot;:6,&quot;335559739&quot;:160,&quot;335559740&quot;:259}\">&nbsp;<\/span><\/p>\n<p><span data-contrast=\"none\">U predmetu \u0160kola i zajednica u\u010denici \u0107e:<\/span><span data-ccp-props=\"{&quot;201341983&quot;:0,&quot;335559739&quot;:149,&quot;335559740&quot;:240}\">&nbsp;<\/span><\/p>\n<ul>\n<li><span data-contrast=\"none\"> Usvojiti i razviti znanja, vje\u0161tine i stavove potrebne za aktivno\u202f djelovanje u zajednici s ciljem osobne i dru\u0161tvene dobrobiti.<\/span><\/li>\n<li><span data-contrast=\"none\"> Biti sposobni prepoznati pojave i probleme u svojoj zajednici i kriti\u010dki promi\u0161ljati njihove uzroke i posljedice.<\/span><\/li>\n<li><span data-contrast=\"none\"> Primijeniti osnove znanstveno- istra\u017eiva\u010dkog pristupa s ciljem\u202f osmi\u0161ljavanja i razrade rje\u0161enja prepoznatih pojava i problema u\u202f zajednici.<\/span><\/li>\n<li><span data-contrast=\"none\"> Razviti spremnost za aktivno, odgovorno i\u202f inovativno djelovanje s ciljem pozitivnih i odr\u017eivih dru\u0161tvenih promjena u svojim zajednicama temeljeno na kulturi mira i nenasilja, po\u0161tivanju\u202f demokratskih i ljudskih prava te razumijevanju politi\u010dkih procesa i\u202f procesa dono\u0161enja odluka.<\/span><\/li>\n<li><span data-contrast=\"none\"> Razviti socijalne i komunikacijske\u202f vje\u0161tine, sposobnost empatije, solidarnosti i pripadnosti te uva\u017eavanja i prihva\u0107anja razli\u010ditosti potrebnih za odgovorno pona\u0161anje prema sebi i\u202f drugima u zajednici.<\/span><\/li>\n<\/ul>\n<p><strong>TEMATSKE CJELINE:<\/strong><\/p>\n<ul>\n<li><strong>KULTURA I MEDIJI<\/strong><\/li>\n<li><strong>FIZI\u010cKA AKTIVNOST I SPORT<\/strong><\/li>\n<li><strong>ZDRAVLJE<\/strong><\/li>\n<li><strong>DEMOKRACIJA I CIVILNO DRU\u0160TVO<\/strong><\/li>\n<li><strong>MIGRACIJE<\/strong><\/li>\n<li><strong>URBANIZAM I STANOVANJE<\/strong><\/li>\n<li><strong>DRU\u0160TVENA JEDNAKOST<\/strong><\/li>\n<li><strong>GENERACIJE<\/strong><\/li>\n<li><strong>EKONOMIJA<\/strong><\/li>\n<li><strong>OKOLI\u0160<\/strong><\/li>\n<li><strong>OSOBNE SLOBODE I LJUDSKA PRAVA<\/strong><\/li>\n<\/ul>\n<p>U\u010cENIK NA KRAJU PROCESA U\u010cENJA I POU\u010cAVANJA U PREDMETU \u0160iZ:<\/p>\n<ul>\n<li>RAZUMIJE SLO\u017dENOST POJAVA KOJE<\/li>\n<li>UTJE\u010cU NA DOBROBIT U ZAJEDNICI<\/li>\n<li>SPOSOBAN JE ISTRA\u017dITI PROBLEM<\/li>\n<li>VEZAN ZA POJAVE U ZAJEDNICI<\/li>\n<li>IMA ISKUSTVO U\u010cENJA NA MJESTIMA<\/li>\n<li>GDJE SE PROBLEM VEZAN ZA POJAVU<\/li>\n<li>U ZAJEDNICI ODVIJA ILI RJE\u0160AVA<\/li>\n<li>SPOSOBAN JE OSMISLITI RAZLI\u010cITE PRISTUPE<\/li>\n<li>RJE\u0160AVANJU PROBLEMA, VEZANOG ZA POJAVU U<\/li>\n<li>ZAJEDNICI, KOJI POZITIVNO UTJE\u010cU NA DOBROBIT<\/li>\n<li>ISKAZUJE SPREMNOST NA DJELOVANJE S CILJEM<\/li>\n<li>POZITIVNIH I ODR\u017dIVIH PROMJENA U ZAJEDNICI<\/li>\n<\/ul>\n<div style=\"width: 100%;\">\n<div style=\"position: relative; padding-bottom: 56.25%; padding-top: 0; height: 0;\"><iframe loading=\"lazy\" style=\"position: absolute; top: 0; left: 0; width: 100%; height: 100%;\" title=\"\u0160kola i zajednica\" src=\"https:\/\/view.genial.ly\/625d28bcc227950011a647eb\" width=\"1200px\" height=\"675px\" frameborder=\"0\" scrolling=\"yes\" allowfullscreen=\"allowfullscreen\"><\/iframe><\/div>\n<div>&nbsp;<\/div>\n<\/div>\n<div style=\"width: 864px;\" class=\"wp-video\"><!--[if lt IE 9]><script>document.createElement('video');<\/script><![endif]-->\n<video class=\"wp-video-shortcode\" id=\"video-11033-1\" width=\"864\" height=\"640\" preload=\"metadata\" controls=\"controls\"><source type=\"video\/mp4\" src=\"https:\/\/deseta-gimnazija.hr\/wp-content\/uploads\/2023\/05\/video-\u0160KOLA-I-ZAJEDNICA.mp4?_=1\" \/><a href=\"https:\/\/deseta-gimnazija.hr\/wp-content\/uploads\/2023\/05\/video-\u0160KOLA-I-ZAJEDNICA.mp4\">https:\/\/deseta-gimnazija.hr\/wp-content\/uploads\/2023\/05\/video-\u0160KOLA-I-ZAJEDNICA.mp4<\/a><\/video><\/div>\n","protected":false},"excerpt":{"rendered":"<p>&#8216;U\u010denici su ti koji su aktivni sudionici procesa, oni kreiraju proces. Kre\u0107e od toga da mladi moraju prepoznati probleme i pojave u svojoj zajednici, a potom sudjelovati i u poku\u0161aju njihova rje\u0161avanja.&#8217;&nbsp; U predmetu \u0160kola i zajednica u\u010denici \u0107e:&nbsp; Usvojiti i razviti znanja, vje\u0161tine i stavove potrebne za aktivno\u202f djelovanje u zajednici s ciljem osobne [&hellip;]<\/p>\n","protected":false},"author":4,"featured_media":0,"parent":0,"menu_order":0,"comment_status":"closed","ping_status":"closed","template":"","meta":{"ngg_post_thumbnail":0,"footnotes":""},"_links":{"self":[{"href":"https:\/\/deseta-gimnazija.hr\/index.php?rest_route=\/wp\/v2\/pages\/11033"}],"collection":[{"href":"https:\/\/deseta-gimnazija.hr\/index.php?rest_route=\/wp\/v2\/pages"}],"about":[{"href":"https:\/\/deseta-gimnazija.hr\/index.php?rest_route=\/wp\/v2\/types\/page"}],"author":[{"embeddable":true,"href":"https:\/\/deseta-gimnazija.hr\/index.php?rest_route=\/wp\/v2\/users\/4"}],"replies":[{"embeddable":true,"href":"https:\/\/deseta-gimnazija.hr\/index.php?rest_route=%2Fwp%2Fv2%2Fcomments&post=11033"}],"version-history":[{"count":9,"href":"https:\/\/deseta-gimnazija.hr\/index.php?rest_route=\/wp\/v2\/pages\/11033\/revisions"}],"predecessor-version":[{"id":11043,"href":"https:\/\/deseta-gimnazija.hr\/index.php?rest_route=\/wp\/v2\/pages\/11033\/revisions\/11043"}],"wp:attachment":[{"href":"https:\/\/deseta-gimnazija.hr\/index.php?rest_route=%2Fwp%2Fv2%2Fmedia&parent=11033"}],"curies":[{"name":"wp","href":"https:\/\/api.w.org\/{rel}","templated":true}]}}