{"id":10997,"date":"2023-04-24T13:50:29","date_gmt":"2023-04-24T12:50:29","guid":{"rendered":"https:\/\/deseta-gimnazija.hr\/?page_id=10997"},"modified":"2023-04-24T13:50:29","modified_gmt":"2023-04-24T12:50:29","slug":"izdavanje-potvrde-o-cinjenicama-o-kojima-skola-vodi-sluzbenu-evidenciju","status":"publish","type":"page","link":"https:\/\/deseta-gimnazija.hr\/?page_id=10997","title":{"rendered":"Izdavanje potvrde o \u010dinjenicama o kojima \u0161kola vodi slu\u017ebenu evidenciju"},"content":{"rendered":"\n","protected":false},"excerpt":{"rendered":"","protected":false},"author":4,"featured_media":0,"parent":0,"menu_order":0,"comment_status":"closed","ping_status":"closed","template":"","meta":{"ngg_post_thumbnail":0,"footnotes":""},"_links":{"self":[{"href":"https:\/\/deseta-gimnazija.hr\/index.php?rest_route=\/wp\/v2\/pages\/10997"}],"collection":[{"href":"https:\/\/deseta-gimnazija.hr\/index.php?rest_route=\/wp\/v2\/pages"}],"about":[{"href":"https:\/\/deseta-gimnazija.hr\/index.php?rest_route=\/wp\/v2\/types\/page"}],"author":[{"embeddable":true,"href":"https:\/\/deseta-gimnazija.hr\/index.php?rest_route=\/wp\/v2\/users\/4"}],"replies":[{"embeddable":true,"href":"https:\/\/deseta-gimnazija.hr\/index.php?rest_route=%2Fwp%2Fv2%2Fcomments&post=10997"}],"version-history":[{"count":1,"href":"https:\/\/deseta-gimnazija.hr\/index.php?rest_route=\/wp\/v2\/pages\/10997\/revisions"}],"predecessor-version":[{"id":10999,"href":"https:\/\/deseta-gimnazija.hr\/index.php?rest_route=\/wp\/v2\/pages\/10997\/revisions\/10999"}],"wp:attachment":[{"href":"https:\/\/deseta-gimnazija.hr\/index.php?rest_route=%2Fwp%2Fv2%2Fmedia&parent=10997"}],"curies":[{"name":"wp","href":"https:\/\/api.w.org\/{rel}","templated":true}]}}